{"id":353,"date":"2020-02-24T23:38:14","date_gmt":"2020-02-24T22:38:14","guid":{"rendered":"https:\/\/confiserie-adam.fr\/boutique\/produit\/ballotin-chocolats-assortis-350g\/"},"modified":"2026-04-03T15:57:08","modified_gmt":"2026-04-03T13:57:08","slug":"ballotin-pralines-et-ganaches-sans-alcool-350g-date-courte","status":"publish","type":"product","link":"https:\/\/confiserie-adam.fr\/boutique\/produit\/ballotin-pralines-et-ganaches-sans-alcool-350g-date-courte\/","title":{"rendered":"Ballotin pralin\u00e9s et ganaches (Sans Alcool) &#8211; 350g &#8211; Date Courte"},"content":{"rendered":"<p>Ballotins de chocolats &#8211; 350g<\/p>\n<p>\u00c0 consommer de pr\u00e9f\u00e9rence avant fin : 12\/2025 &#8211; L\u00e9g\u00e8rement blanchi<\/p>\n<p>&nbsp;<\/p>\n<p><strong>Confiserie Adam<\/strong><\/p>\n<p>Entreprise familiale qui a \u00e0 c\u0153ur ses clients. Vous offrir \u00e0 la fois le go\u00fbt, le plaisir gustatif et la qualit\u00e9.<\/p>\n<ul>\n<li>Fabrication fran\u00e7aise depuis 1912<\/li>\n<li>Entreprise du Patrimoine Vivant<\/li>\n<li>Ingr\u00e9dients de qualit\u00e9<\/li>\n<\/ul>\n<p>&nbsp;<\/p>\n<p><strong>Conseils de conservation<\/strong><\/p>\n<p>A conserver \u00e0 l\u2019abri de la lumi\u00e8re et de l\u2019humidit\u00e9, dans un endroit frais et sec.<\/p>\n<p>&nbsp;<\/p>\n<p><strong><u>Ce produit contient <\/u><\/strong><\/p>\n<p>Assortiment de bonbons de chocolat<\/p>\n<p>Ingr\u00e9dients : sucre, masse de cacao, poudre de LAIT entier, NOISETTES, beurre p\u00e2tissier (LAIT), sirop de sucre inverti, eau, sirop de glucose, stabilisant : sorbitol, invertase), \u00e9corces d&#8217;oranges confites (\u00e9corces d&#8217;oranges, sirop de glucose-fructose, sucre, conservateur : SULFITES), stabilisant : glyc\u00e9rol, cr\u00e8me (LAIT), noix de coco, sirop de cacao, ar\u00f4mes, \u00e9clats de cr\u00eape dentelle (farine de BLE, sucre, beurre concentr\u00e9 (LAIT), LAIT \u00e9cr\u00e9m\u00e9 en poudre, malt d&#8217;ORGE, sel), \u00e9clats de NOISETTES caram\u00e9lis\u00e9es (NOISETTES, sucre, caramel (sucre, eau)), LAIT \u00e9cr\u00e9m\u00e9, lactos\u00e9rum (LAIT), jus de citron vert (sirop de glucose, jus concentr\u00e9 de citron vert), caf\u00e9, sel, amidon, invertase, colorant : E100.<\/p>\n<p>Peut contenir des traces d&#8217;\u0153ufs, d&#8217;arachides, de graines de s\u00e9same et d&#8217;autres fruits \u00e0 coque.<\/p>\n","protected":false},"excerpt":{"rendered":"<p>Un ballotin d&#8217;assortiment de chocolats fondants, croquants et d\u00e9licieux : pralin\u00e9, caramel, fruits, le meilleur de la gourmandise.<\/p>\n<p>&nbsp;<\/p>\n<p>\u00c0 consommer de pr\u00e9f\u00e9rence avant fin : 12\/2025 &#8211; L\u00e9g\u00e8rement blanchi<\/p>\n","protected":false},"featured_media":26809,"comment_status":"open","ping_status":"closed","template":"","meta":[],"product_cat":[743,772,773],"product_tag":[],"_links":{"self":[{"href":"https:\/\/confiserie-adam.fr\/boutique\/wp-json\/wp\/v2\/product\/353"}],"collection":[{"href":"https:\/\/confiserie-adam.fr\/boutique\/wp-json\/wp\/v2\/product"}],"about":[{"href":"https:\/\/confiserie-adam.fr\/boutique\/wp-json\/wp\/v2\/types\/product"}],"replies":[{"embeddable":true,"href":"https:\/\/confiserie-adam.fr\/boutique\/wp-json\/wp\/v2\/comments?post=353"}],"wp:featuredmedia":[{"embeddable":true,"href":"https:\/\/confiserie-adam.fr\/boutique\/wp-json\/wp\/v2\/media\/26809"}],"wp:attachment":[{"href":"https:\/\/confiserie-adam.fr\/boutique\/wp-json\/wp\/v2\/media?parent=353"}],"wp:term":[{"taxonomy":"product_cat","embeddable":true,"href":"https:\/\/confiserie-adam.fr\/boutique\/wp-json\/wp\/v2\/product_cat?post=353"},{"taxonomy":"product_tag","embeddable":true,"href":"https:\/\/confiserie-adam.fr\/boutique\/wp-json\/wp\/v2\/product_tag?post=353"}],"curies":[{"name":"wp","href":"https:\/\/api.w.org\/{rel}","templated":true}]}}