{"id":34052,"date":"2024-01-11T14:14:21","date_gmt":"2024-01-11T13:14:21","guid":{"rendered":"https:\/\/confiserie-adam.fr\/boutique\/produit\/amande-chocolat-creme-brulee-date-courte\/"},"modified":"2026-03-28T08:25:49","modified_gmt":"2026-03-28T07:25:49","slug":"amande-chocolat-creme-brulee-second-choix","status":"publish","type":"product","link":"https:\/\/confiserie-adam.fr\/boutique\/produit\/amande-chocolat-creme-brulee-second-choix\/","title":{"rendered":"Amande chocolat Cr\u00e8me br\u00fbl\u00e9e &#8211; Second choix"},"content":{"rendered":"<p>Amande enrob\u00e9e de chocolat saveur cr\u00e8me br\u00fbl\u00e9e.<\/p>\n<p>&nbsp;<\/p>\n<p><strong>Ingr\u00e9dients principaux :<\/strong><\/p>\n<ul>\n<li>Amande qualit\u00e9 sup\u00e9rieure<\/li>\n<li>Chocolat saveur cr\u00e8me br\u00fbl\u00e9e<\/li>\n<\/ul>\n<p>&nbsp;<\/p>\n<p><strong>Confiserie Adam<\/strong><\/p>\n<p>Entreprise familiale qui a \u00e0 c\u0153ur ses clients. Vous offrir \u00e0 la fois le go\u00fbt, le plaisir gustatif et la qualit\u00e9.<\/p>\n<ul>\n<li>Fabrication fran\u00e7aise depuis 1912<\/li>\n<li>Entreprise du Patrimoine Vivant<\/li>\n<li>Ingr\u00e9dients de qualit\u00e9<\/li>\n<\/ul>\n<p>&nbsp;<\/p>\n<p><strong>Conseils de conservation<\/strong><\/p>\n<p>\u00c0 conserver \u00e0 l\u2019abri de la lumi\u00e8re et de l\u2019humidit\u00e9, dans un endroit frais et sec.<\/p>\n<p>&nbsp;<\/p>\n<p><strong><u>Ce produit contient <\/u><\/strong><\/p>\n<p>Amande grill\u00e9e enrob\u00e9e de chocolat blanc aromatis\u00e9 saveur cr\u00e8me br\u00fbl\u00e9e<\/p>\n<p>Ingr\u00e9dients : Chocolat blanc 66% (cacao 30% minimum) (sucre, beurre de cacao, LAIT \u00e9cr\u00e9m\u00e9 en poudre, LACTOSERUM en poudre, mati\u00e8re grasse LAITIERE, BEURRE, \u00e9mulsifiant : l\u00e9cithine de tournesol, ar\u00f4me naturel de vanille), AMANDE grill\u00e9e 33%, ar\u00f4me, chocolat noir (cacao 60% minimum) (masse et beurre de cacao, sucre, \u00e9mulsifiant : l\u00e9cithine de SOJA). Peut contenir d&#8217;autres fruits \u00e0 coque, gluten, oeuf, arachides.<\/p>\n","protected":false},"excerpt":{"rendered":"<p>Second choix : Quelques d\u00e9fauts esth\u00e9tiques diff\u00e9rencient ces produits, cependant la qualit\u00e9 gustative, la noblesse des ingr\u00e9dients ainsi que la fabrication restent identiques.<\/p>\n","protected":false},"featured_media":48063,"comment_status":"open","ping_status":"closed","template":"","meta":[],"product_cat":[743,772],"product_tag":[],"_links":{"self":[{"href":"https:\/\/confiserie-adam.fr\/boutique\/wp-json\/wp\/v2\/product\/34052"}],"collection":[{"href":"https:\/\/confiserie-adam.fr\/boutique\/wp-json\/wp\/v2\/product"}],"about":[{"href":"https:\/\/confiserie-adam.fr\/boutique\/wp-json\/wp\/v2\/types\/product"}],"replies":[{"embeddable":true,"href":"https:\/\/confiserie-adam.fr\/boutique\/wp-json\/wp\/v2\/comments?post=34052"}],"wp:featuredmedia":[{"embeddable":true,"href":"https:\/\/confiserie-adam.fr\/boutique\/wp-json\/wp\/v2\/media\/48063"}],"wp:attachment":[{"href":"https:\/\/confiserie-adam.fr\/boutique\/wp-json\/wp\/v2\/media?parent=34052"}],"wp:term":[{"taxonomy":"product_cat","embeddable":true,"href":"https:\/\/confiserie-adam.fr\/boutique\/wp-json\/wp\/v2\/product_cat?post=34052"},{"taxonomy":"product_tag","embeddable":true,"href":"https:\/\/confiserie-adam.fr\/boutique\/wp-json\/wp\/v2\/product_tag?post=34052"}],"curies":[{"name":"wp","href":"https:\/\/api.w.org\/{rel}","templated":true}]}}