{"id":33888,"date":"2024-01-03T16:11:01","date_gmt":"2024-01-03T15:11:01","guid":{"rendered":"https:\/\/confiserie-adam.fr\/boutique\/produit\/bulle-chocolat-au-lait\/"},"modified":"2026-04-23T18:49:42","modified_gmt":"2026-04-23T16:49:42","slug":"bulle-chocolat-au-lait","status":"publish","type":"product","link":"https:\/\/confiserie-adam.fr\/boutique\/produit\/bulle-chocolat-au-lait\/","title":{"rendered":"Bulle \u2013 Chocolat au lait"},"content":{"rendered":"<p>Bulle &#8211; Poisson chocolat au lait 50g accompagn\u00e9 de confettis chocolat noir 100g<\/p>\n<p>&nbsp;<\/p>\n<p><strong>Confiserie Adam<\/strong><\/p>\n<p>Entreprise familiale qui a \u00e0 c\u0153ur ses clients. Vous offrir \u00e0 la fois le go\u00fbt, le plaisir gustatif et la qualit\u00e9.<\/p>\n<ul>\n<li>Fabrication fran\u00e7aise depuis 1912<\/li>\n<li>Entreprise du Patrimoine Vivant<\/li>\n<li>Ingr\u00e9dients de qualit\u00e9<\/li>\n<\/ul>\n<p>&nbsp;<\/p>\n<p><strong>Conseils de conservation<\/strong><\/p>\n<p>\u00c0 conserver \u00e0 l\u2019abri de la lumi\u00e8re et de l\u2019humidit\u00e9, dans un endroit frais et sec.<\/p>\n<p>&nbsp;<\/p>\n<p><strong><u>Ce produit contient<\/u><\/strong><\/p>\n<p><strong>Drag\u00e9es au chocolat<\/strong><\/p>\n<p>Ingr\u00e9dients : Chocolat noir 58% (cacao 71% minimum) (masse de cacao, sucre, \u00e9mulsifiant: l\u00e9cithine de SOJA), sucre, amidon de riz, stabilisant : gomme d\u2019acacia, sucre glace (sucre, f\u00e9cule de pomme de terre), ar\u00f4me naturel de vanille, agents d\u2019enrobage (cire d\u2019abeille blanche et jaune, cire de carnauba), colorants (E100, E102, E120, E129, E133, E153). \u00abE102 E129 : peut avoir des effets ind\u00e9sirables sur l\u2019activit\u00e9 et l\u2019attention chez les enfants\u00bb.<\/p>\n<p><strong>Moulage en chocolat au lait d\u00e9cor chocolat noir et chocolat blanc &#8211;<\/strong> Chocolat au LAIT : cacao 30% min.<\/p>\n<p>Ingr\u00e9dients: sucre, LAIT entier en poudre, beurre de cacao, masse de cacao, lactos\u00e9rum en poudre (LAIT), \u00e9mulsifiants: l\u00e9cithine (SOJA), E476, ar\u00f4me naturel de vanille.<\/p>\n<p>&nbsp;<\/p>\n<p>D\u00e9cor chocolat blanc (cacao 26% min.)<\/p>\n<p>Ingr\u00e9dients: sucre, beurre de cacao, LAIT entier en poudre, lactos\u00e9rum en poudre (LAIT), \u00e9mulsifiants: l\u00e9cithine (SOJA), E476, ar\u00f4me naturel de vanille.<\/p>\n<p>&nbsp;<\/p>\n<p>D\u00e9cor chocolat noir (cacao 70% min.)<\/p>\n<p>Ingr\u00e9dients: masse de cacao, sucre, \u00e9mulsifiant: l\u00e9cithine (SOJA).<\/p>\n","protected":false},"excerpt":{"rendered":"<p>Poisson chocolat au lait accompagn\u00e9 de confettis chocolat noir.<\/p>\n","protected":false},"featured_media":34698,"comment_status":"open","ping_status":"closed","template":"","meta":[],"product_cat":[637,638,48,654,27],"product_tag":[],"_links":{"self":[{"href":"https:\/\/confiserie-adam.fr\/boutique\/wp-json\/wp\/v2\/product\/33888"}],"collection":[{"href":"https:\/\/confiserie-adam.fr\/boutique\/wp-json\/wp\/v2\/product"}],"about":[{"href":"https:\/\/confiserie-adam.fr\/boutique\/wp-json\/wp\/v2\/types\/product"}],"replies":[{"embeddable":true,"href":"https:\/\/confiserie-adam.fr\/boutique\/wp-json\/wp\/v2\/comments?post=33888"}],"wp:featuredmedia":[{"embeddable":true,"href":"https:\/\/confiserie-adam.fr\/boutique\/wp-json\/wp\/v2\/media\/34698"}],"wp:attachment":[{"href":"https:\/\/confiserie-adam.fr\/boutique\/wp-json\/wp\/v2\/media?parent=33888"}],"wp:term":[{"taxonomy":"product_cat","embeddable":true,"href":"https:\/\/confiserie-adam.fr\/boutique\/wp-json\/wp\/v2\/product_cat?post=33888"},{"taxonomy":"product_tag","embeddable":true,"href":"https:\/\/confiserie-adam.fr\/boutique\/wp-json\/wp\/v2\/product_tag?post=33888"}],"curies":[{"name":"wp","href":"https:\/\/api.w.org\/{rel}","templated":true}]}}