{"id":33885,"date":"2024-01-03T16:10:51","date_gmt":"2024-01-03T15:10:51","guid":{"rendered":"https:\/\/confiserie-adam.fr\/boutique\/produit\/bol-oeufs\/"},"modified":"2026-04-14T18:09:58","modified_gmt":"2026-04-14T16:09:58","slug":"bol-oeufs","status":"publish","type":"product","link":"https:\/\/confiserie-adam.fr\/boutique\/produit\/bol-oeufs\/","title":{"rendered":"Bol oeufs"},"content":{"rendered":"<p>Bol \u0153ufs &#8211; \u0152ufs chocolat au lait fourr\u00e9s cr\u00e8me de lait &amp; cr\u00e8me noisette<\/p>\n<p>&nbsp;<\/p>\n<p><strong>Confiserie Adam<\/strong><\/p>\n<p>Entreprise familiale qui a \u00e0 c\u0153ur ses clients. Vous offrir \u00e0 la fois le go\u00fbt, le plaisir gustatif et la qualit\u00e9.<\/p>\n<ul>\n<li>Fabrication fran\u00e7aise depuis 1912<\/li>\n<li>Entreprise du Patrimoine Vivant<\/li>\n<li>Ingr\u00e9dients de qualit\u00e9<\/li>\n<\/ul>\n<p>&nbsp;<\/p>\n<p><strong>Conseils de conservation<\/strong><\/p>\n<p>\u00c0 conserver \u00e0 l\u2019abri de la lumi\u00e8re et de l\u2019humidit\u00e9, dans un endroit frais et sec.<\/p>\n<p>&nbsp;<\/p>\n<p><strong><u>Ce produit contient<\/u><\/strong><\/p>\n<p><strong>\u0152ufs en chocolat au lait fourr\u00e9s \u00e0 la\u00a0 cr\u00e8me de noisette et \u00e0\u00a0 la cr\u00e8me de lait.<\/strong><\/p>\n<p>Ingr\u00e9dients\u00a0: Chocolat au lait 50% (sucre, beurre de cacao, LAIT entier en poudre, masse de cacao, \u00e9mulsifiant: l\u00e9cithine de SOJA, ar\u00f4me naturel de vanille), garniture de chocolat au lait et noisette 25% [(chocolat au lait 14,5% (masse de cacao, sucre, LAIT entier en poudre), mati\u00e8res grasses v\u00e9g\u00e9tales (palmiste, palmier, tournesol, colza) en proportions variables, p\u00e2te de NOISETTE 5%, dextrose, LAIT entier en poudre, lactos\u00e9rum en poudre (LAIT), poudre de cacao \u00e9cr\u00e9m\u00e9, \u00e9mulsifiant: l\u00e9cithine de SOJA, ar\u00f4me naturel de vanille)], garniture chocolat blanc 25% [(chocolat blanc (LAIT entier en poudre, beurre de cacao, lactos\u00e9rum en poudre (LAIT), LAIT \u00e9cr\u00e9m\u00e9 en poudre, dextrose, \u00e9mulsifiant: l\u00e9cithine de SOJA, ar\u00f4me naturel de vanille) mati\u00e8res grasses v\u00e9g\u00e9tales (palmiste, palmier, tournesol, colza) en proportions variables, sucre, dextrose).<\/p>\n","protected":false},"excerpt":{"rendered":"<p>Un bol garni d&#8217;\u0153ufs chocolat au lait cr\u00e8me de lait &amp; cr\u00e8me noisette.<\/p>\n","protected":false},"featured_media":34697,"comment_status":"open","ping_status":"closed","template":"","meta":[],"product_cat":[637,640,48,654,658,27],"product_tag":[],"_links":{"self":[{"href":"https:\/\/confiserie-adam.fr\/boutique\/wp-json\/wp\/v2\/product\/33885"}],"collection":[{"href":"https:\/\/confiserie-adam.fr\/boutique\/wp-json\/wp\/v2\/product"}],"about":[{"href":"https:\/\/confiserie-adam.fr\/boutique\/wp-json\/wp\/v2\/types\/product"}],"replies":[{"embeddable":true,"href":"https:\/\/confiserie-adam.fr\/boutique\/wp-json\/wp\/v2\/comments?post=33885"}],"wp:featuredmedia":[{"embeddable":true,"href":"https:\/\/confiserie-adam.fr\/boutique\/wp-json\/wp\/v2\/media\/34697"}],"wp:attachment":[{"href":"https:\/\/confiserie-adam.fr\/boutique\/wp-json\/wp\/v2\/media?parent=33885"}],"wp:term":[{"taxonomy":"product_cat","embeddable":true,"href":"https:\/\/confiserie-adam.fr\/boutique\/wp-json\/wp\/v2\/product_cat?post=33885"},{"taxonomy":"product_tag","embeddable":true,"href":"https:\/\/confiserie-adam.fr\/boutique\/wp-json\/wp\/v2\/product_tag?post=33885"}],"curies":[{"name":"wp","href":"https:\/\/api.w.org\/{rel}","templated":true}]}}