{"id":33883,"date":"2024-01-03T16:10:44","date_gmt":"2024-01-03T15:10:44","guid":{"rendered":"https:\/\/confiserie-adam.fr\/boutique\/produit\/mini-oeufs-chocolait\/"},"modified":"2026-04-13T10:05:55","modified_gmt":"2026-04-13T08:05:55","slug":"mini-oeufs-chocolait","status":"publish","type":"product","link":"https:\/\/confiserie-adam.fr\/boutique\/produit\/mini-oeufs-chocolait\/","title":{"rendered":"Mini oeufs choco&#8217;lait"},"content":{"rendered":"<p>Mini oeufs choco&#8217;lait &#8211; Chocolat au lait sous une fine couche de sucre<\/p>\n<p>&nbsp;<\/p>\n<p><strong>Confiserie Adam<\/strong><\/p>\n<p>Entreprise familiale qui a \u00e0 c\u0153ur ses clients. Vous offrir \u00e0 la fois le go\u00fbt, le plaisir gustatif et la qualit\u00e9.<\/p>\n<ul>\n<li>Fabrication fran\u00e7aise depuis 1912<\/li>\n<li>Entreprise du Patrimoine Vivant<\/li>\n<li>Ingr\u00e9dients de qualit\u00e9<\/li>\n<\/ul>\n<p>&nbsp;<\/p>\n<p><strong>Conseils de conservation<\/strong><\/p>\n<p>\u00c0 conserver \u00e0 l\u2019abri de la lumi\u00e8re et de l\u2019humidit\u00e9, dans un endroit frais et sec.<\/p>\n<p>&nbsp;<\/p>\n<p><strong><u>Ce produit contient<\/u><\/strong><\/p>\n<p><strong>Mini \u0153ufs au chocolat au lait drag\u00e9ifi\u00e9s <\/strong>&#8211; Ingr\u00e9dients : Sucre, chocolat au lait 37% (cacao 29% minimum) (sucre, beurre de cacao, LAIT entier en poudre, poudre de cacao, \u00e9mulsifiant : l\u00e9cithine de SOJA, ar\u00f4mes), amidon de riz, stabilisant : gomme arabique, maltodextrine, ar\u00f4mes, colorants (E101, E120, E133).<\/p>\n","protected":false},"excerpt":{"rendered":"<p>Des petits oeufs chocolat au lait sous une fine couche de sucre.<\/p>\n","protected":false},"featured_media":55262,"comment_status":"open","ping_status":"closed","template":"","meta":[],"product_cat":[48,657],"product_tag":[],"_links":{"self":[{"href":"https:\/\/confiserie-adam.fr\/boutique\/wp-json\/wp\/v2\/product\/33883"}],"collection":[{"href":"https:\/\/confiserie-adam.fr\/boutique\/wp-json\/wp\/v2\/product"}],"about":[{"href":"https:\/\/confiserie-adam.fr\/boutique\/wp-json\/wp\/v2\/types\/product"}],"replies":[{"embeddable":true,"href":"https:\/\/confiserie-adam.fr\/boutique\/wp-json\/wp\/v2\/comments?post=33883"}],"wp:featuredmedia":[{"embeddable":true,"href":"https:\/\/confiserie-adam.fr\/boutique\/wp-json\/wp\/v2\/media\/55262"}],"wp:attachment":[{"href":"https:\/\/confiserie-adam.fr\/boutique\/wp-json\/wp\/v2\/media?parent=33883"}],"wp:term":[{"taxonomy":"product_cat","embeddable":true,"href":"https:\/\/confiserie-adam.fr\/boutique\/wp-json\/wp\/v2\/product_cat?post=33883"},{"taxonomy":"product_tag","embeddable":true,"href":"https:\/\/confiserie-adam.fr\/boutique\/wp-json\/wp\/v2\/product_tag?post=33883"}],"curies":[{"name":"wp","href":"https:\/\/api.w.org\/{rel}","templated":true}]}}