{"id":33601,"date":"2023-12-13T09:00:43","date_gmt":"2023-12-13T08:00:43","guid":{"rendered":"https:\/\/confiserie-adam.fr\/boutique\/produit\/tablette-chocolat-au-lait-bio-date-courte\/"},"modified":"2026-04-14T17:58:34","modified_gmt":"2026-04-14T15:58:34","slug":"tablette-chocolat-au-lait-bio-date-courte","status":"publish","type":"product","link":"https:\/\/confiserie-adam.fr\/boutique\/produit\/tablette-chocolat-au-lait-bio-date-courte\/","title":{"rendered":"Tablette chocolat au lait Bio &#8211; Date courte"},"content":{"rendered":"<p>Date courte : \u00e0 consommer de pr\u00e9f\u00e9rence avant fin 06\/2026<\/p>\n<p>Tablette de chocolat au lait Bio.<\/p>\n<p>&nbsp;<\/p>\n<p><strong>Ingr\u00e9dient principal :<\/strong><\/p>\n<ul>\n<li>Chocolat au lait 39% de qualit\u00e9 sup\u00e9rieure<\/li>\n<\/ul>\n<p>&nbsp;<\/p>\n<p><strong>La certification Agriculture Biologique <\/strong><\/p>\n<p>Les gourmandises Confiserie Adam sont certifi\u00e9es agriculture biologique.<\/p>\n<p>Nous s\u00e9lectionnons avec soin nos mati\u00e8res premi\u00e8res pour vous offrir le meilleur<\/p>\n<p>&nbsp;<\/p>\n<p><strong>Confiserie Adam<\/strong><\/p>\n<p>Entreprise familiale qui a \u00e0 c\u0153ur ses clients. Vous offrir \u00e0 la fois le go\u00fbt, le plaisir gustatif et la qualit\u00e9.<\/p>\n<ul>\n<li>Fabrication fran\u00e7aise depuis 1912<\/li>\n<li>Entreprise du Patrimoine Vivant<\/li>\n<li>Ingr\u00e9dients de qualit\u00e9<\/li>\n<\/ul>\n<p>&nbsp;<\/p>\n<p><strong>Conseils de conservation<\/strong><\/p>\n<p>\u00c0 conserver \u00e0 l\u2019abri de la lumi\u00e8re et de l\u2019humidit\u00e9, dans un endroit frais et sec.<\/p>\n<p>&nbsp;<\/p>\n<p><strong><u>Ce produit contient <\/u><\/strong><\/p>\n<p>Certifi\u00e9 par FR-BIO-01<\/p>\n<p>Ingr\u00e9dients : Sucre*, beurre de cacao*, LAIT entier en poudre*, masse de cacao*, poudre de vanille*. Peut contenir : fruits \u00e0 coque, gluten, oeuf, arachides, soja. *Produit issu de l&#8217;agriculture biologique &#8211; Chocolat au lait : cacao 39% minimum<\/p>\n","protected":false},"excerpt":{"rendered":"<p>\u00c0 consommer de pr\u00e9f\u00e9rence avant fin : 06\/2026<\/p>\n","protected":false},"featured_media":1336,"comment_status":"open","ping_status":"closed","template":"","meta":[],"product_cat":[772,773,28,38],"product_tag":[],"_links":{"self":[{"href":"https:\/\/confiserie-adam.fr\/boutique\/wp-json\/wp\/v2\/product\/33601"}],"collection":[{"href":"https:\/\/confiserie-adam.fr\/boutique\/wp-json\/wp\/v2\/product"}],"about":[{"href":"https:\/\/confiserie-adam.fr\/boutique\/wp-json\/wp\/v2\/types\/product"}],"replies":[{"embeddable":true,"href":"https:\/\/confiserie-adam.fr\/boutique\/wp-json\/wp\/v2\/comments?post=33601"}],"wp:featuredmedia":[{"embeddable":true,"href":"https:\/\/confiserie-adam.fr\/boutique\/wp-json\/wp\/v2\/media\/1336"}],"wp:attachment":[{"href":"https:\/\/confiserie-adam.fr\/boutique\/wp-json\/wp\/v2\/media?parent=33601"}],"wp:term":[{"taxonomy":"product_cat","embeddable":true,"href":"https:\/\/confiserie-adam.fr\/boutique\/wp-json\/wp\/v2\/product_cat?post=33601"},{"taxonomy":"product_tag","embeddable":true,"href":"https:\/\/confiserie-adam.fr\/boutique\/wp-json\/wp\/v2\/product_tag?post=33601"}],"curies":[{"name":"wp","href":"https:\/\/api.w.org\/{rel}","templated":true}]}}