{"id":32047,"date":"2023-11-02T10:01:58","date_gmt":"2023-11-02T09:01:58","guid":{"rendered":"https:\/\/confiserie-adam.fr\/boutique\/produit\/fritures-de-noel-chocolat-au-lait-2\/"},"modified":"2026-04-14T18:11:44","modified_gmt":"2026-04-14T16:11:44","slug":"fritures-de-noel-chocolat-au-lait-2","status":"publish","type":"product","link":"https:\/\/confiserie-adam.fr\/boutique\/produit\/fritures-de-noel-chocolat-au-lait-2\/","title":{"rendered":"Fritures de No\u00ebl \u2013 Chocolat au lait"},"content":{"rendered":"<p>Chocolat au lait aux formes de No\u00ebl fourr\u00e9 avec feuilletine<\/p>\n<p>&nbsp;<\/p>\n<p><strong>Confiserie Adam<\/strong><\/p>\n<p>Entreprise familiale qui a \u00e0 c\u0153ur ses clients. Vous offrir \u00e0 la fois le go\u00fbt, le plaisir gustatif et la qualit\u00e9.<\/p>\n<ul>\n<li>Fabrication fran\u00e7aise depuis 1912<\/li>\n<li>Entreprise du Patrimoine Vivant<\/li>\n<li>Ingr\u00e9dients de qualit\u00e9<\/li>\n<\/ul>\n<p>&nbsp;<\/p>\n<p><strong>Conseils de conservation<\/strong><\/p>\n<p>\u00c0 conserver \u00e0 l\u2019abri de la lumi\u00e8re et de l\u2019humidit\u00e9, dans un endroit frais et sec.<\/p>\n<p>&nbsp;<\/p>\n<p><strong><u>Ce produit contient<\/u><\/strong><\/p>\n<p>Moulage chocolat au lait (cacao 35% min).<\/p>\n<p>Ingr\u00e9dients: <strong>Moulage chocolat lait (cacao 29% min.) avec \u00e9clats de feuilletine. <\/strong>Ingr\u00e9dients : sucre, LAIT entier en poudre, beurre de cacao, masse de caca, farine de FROMENT, concentr\u00e9 de beurre (LAIT), \u00e9mulsifiant (l\u00e9cithine de SOJA), ar\u00f4me naturel de vanille, LACTOSE, sel, prot\u00e9ines du LAIT, extrait de malt d&#8217;ORGE, agent levant (E500ii).<\/p>\n","protected":false},"excerpt":{"rendered":"<p>Des chocolats aux formes de No\u00ebl.<\/p>\n","protected":false},"featured_media":15534,"comment_status":"open","ping_status":"closed","template":"","meta":[],"product_cat":[589,592],"product_tag":[],"_links":{"self":[{"href":"https:\/\/confiserie-adam.fr\/boutique\/wp-json\/wp\/v2\/product\/32047"}],"collection":[{"href":"https:\/\/confiserie-adam.fr\/boutique\/wp-json\/wp\/v2\/product"}],"about":[{"href":"https:\/\/confiserie-adam.fr\/boutique\/wp-json\/wp\/v2\/types\/product"}],"replies":[{"embeddable":true,"href":"https:\/\/confiserie-adam.fr\/boutique\/wp-json\/wp\/v2\/comments?post=32047"}],"wp:featuredmedia":[{"embeddable":true,"href":"https:\/\/confiserie-adam.fr\/boutique\/wp-json\/wp\/v2\/media\/15534"}],"wp:attachment":[{"href":"https:\/\/confiserie-adam.fr\/boutique\/wp-json\/wp\/v2\/media?parent=32047"}],"wp:term":[{"taxonomy":"product_cat","embeddable":true,"href":"https:\/\/confiserie-adam.fr\/boutique\/wp-json\/wp\/v2\/product_cat?post=32047"},{"taxonomy":"product_tag","embeddable":true,"href":"https:\/\/confiserie-adam.fr\/boutique\/wp-json\/wp\/v2\/product_tag?post=32047"}],"curies":[{"name":"wp","href":"https:\/\/api.w.org\/{rel}","templated":true}]}}