{"id":32046,"date":"2023-11-02T10:01:54","date_gmt":"2023-11-02T09:01:54","guid":{"rendered":"https:\/\/confiserie-adam.fr\/boutique\/produit\/chocoauto-chocolat-au-lait\/"},"modified":"2026-03-30T12:30:31","modified_gmt":"2026-03-30T10:30:31","slug":"chocoauto-chocolat-au-lait","status":"publish","type":"product","link":"https:\/\/confiserie-adam.fr\/boutique\/produit\/chocoauto-chocolat-au-lait\/","title":{"rendered":"Choco&#8217;Auto \u2013 Chocolat au lait"},"content":{"rendered":"<p>Choco&#8217;Auto &#8211; Voiture &#8211; Chocolat au lait &#8211; H 6 cm \/ L 13,5 cm<\/p>\n<p>&nbsp;<\/p>\n<p><strong>Confiserie Adam<\/strong><\/p>\n<p>Entreprise familiale qui a \u00e0 c\u0153ur ses clients. Vous offrir \u00e0 la fois le go\u00fbt, le plaisir gustatif et la qualit\u00e9.<\/p>\n<ul>\n<li>Fabrication fran\u00e7aise depuis 1912<\/li>\n<li>Entreprise du Patrimoine Vivant<\/li>\n<li>Ingr\u00e9dients de qualit\u00e9<\/li>\n<\/ul>\n<p>&nbsp;<\/p>\n<p><strong>Conseils de conservation<\/strong><\/p>\n<p>\u00c0 conserver \u00e0 l\u2019abri de la lumi\u00e8re et de l\u2019humidit\u00e9, dans un endroit frais et sec.<\/p>\n<p>&nbsp;<\/p>\n<p><strong><u>Ce produit contient<\/u><\/strong><\/p>\n<p>Moulage Chocolat LAIT (cacao 30% min).<\/p>\n<p>Ingr\u00e9dients: sucre, LAIT entier en poudre, beurre de cacao, masse de cacao, lactos\u00e9rum en poudre (LAIT), \u00e9mulsifiants (l\u00e9cithine (SOJA), E476), ar\u00f4me.<\/p>\n<p>D\u00e9cor chocolat blanc (cacao 29% min).<\/p>\n<p>Ingr\u00e9dients: sucre, beurre de cacao, LAIT entier en poudre, \u00e9mulsifiant: l\u00e9cithine (SOJA), ar\u00f4me.<\/p>\n","protected":false},"excerpt":{"rendered":"<p>Une voiture au chocolat au lait.<\/p>\n","protected":false},"featured_media":32066,"comment_status":"open","ping_status":"closed","template":"","meta":[],"product_cat":[637,638,589,592,48,654],"product_tag":[],"_links":{"self":[{"href":"https:\/\/confiserie-adam.fr\/boutique\/wp-json\/wp\/v2\/product\/32046"}],"collection":[{"href":"https:\/\/confiserie-adam.fr\/boutique\/wp-json\/wp\/v2\/product"}],"about":[{"href":"https:\/\/confiserie-adam.fr\/boutique\/wp-json\/wp\/v2\/types\/product"}],"replies":[{"embeddable":true,"href":"https:\/\/confiserie-adam.fr\/boutique\/wp-json\/wp\/v2\/comments?post=32046"}],"wp:featuredmedia":[{"embeddable":true,"href":"https:\/\/confiserie-adam.fr\/boutique\/wp-json\/wp\/v2\/media\/32066"}],"wp:attachment":[{"href":"https:\/\/confiserie-adam.fr\/boutique\/wp-json\/wp\/v2\/media?parent=32046"}],"wp:term":[{"taxonomy":"product_cat","embeddable":true,"href":"https:\/\/confiserie-adam.fr\/boutique\/wp-json\/wp\/v2\/product_cat?post=32046"},{"taxonomy":"product_tag","embeddable":true,"href":"https:\/\/confiserie-adam.fr\/boutique\/wp-json\/wp\/v2\/product_tag?post=32046"}],"curies":[{"name":"wp","href":"https:\/\/api.w.org\/{rel}","templated":true}]}}