{"id":32041,"date":"2023-11-02T10:01:08","date_gmt":"2023-11-02T09:01:08","guid":{"rendered":"https:\/\/confiserie-adam.fr\/boutique\/produit\/nico-chocolat-au-lait\/"},"modified":"2026-04-14T18:07:52","modified_gmt":"2026-04-14T16:07:52","slug":"nico-chocolat-au-lait","status":"publish","type":"product","link":"https:\/\/confiserie-adam.fr\/boutique\/produit\/nico-chocolat-au-lait\/","title":{"rendered":"Nico \u2013 Chocolat au lait"},"content":{"rendered":"<p>Nico&#8217; &#8211; St Nicolas &#8211; Chocolat au lait &#8211; H 16,5cm<\/p>\n<p>&nbsp;<\/p>\n<p><strong>Confiserie Adam<\/strong><\/p>\n<p>Entreprise familiale qui a \u00e0 c\u0153ur ses clients. Vous offrir \u00e0 la fois le go\u00fbt, le plaisir gustatif et la qualit\u00e9.<\/p>\n<ul>\n<li>Fabrication fran\u00e7aise depuis 1912<\/li>\n<li>Entreprise du Patrimoine Vivant<\/li>\n<li>Ingr\u00e9dients de qualit\u00e9<\/li>\n<\/ul>\n<p>&nbsp;<\/p>\n<p><strong>Conseils de conservation<\/strong><\/p>\n<p>\u00c0 conserver \u00e0 l\u2019abri de la lumi\u00e8re et de l\u2019humidit\u00e9, dans un endroit frais et sec.<\/p>\n<p>&nbsp;<\/p>\n<p><strong><u>Ce produit contient<\/u><\/strong><\/p>\n<p>Moulage Chocolat LAIT (cacao 30% min)<\/p>\n<p>Ingr\u00e9dients: sucre, LAIT entier en poudre, beurre de cacao, masse de cacao, lactos\u00e9rum en poudre (LAIT), \u00e9mulsifiants (l\u00e9cithine (SOJA), E476), ar\u00f4me.<\/p>\n<p>D\u00e9cor chocolat blanc (cacao 29% min)<\/p>\n<p>Ingr\u00e9dients: sucre, beurre de cacao, LAIT entier en poudre, \u00e9mulsifiant: l\u00e9cithine (SOJA), ar\u00f4me.<\/p>\n<p>D\u00e9cor chocolat noir (cacao 71% cacao)<\/p>\n<p>Ingr\u00e9dients: masse de cacao, sucre, \u00e9mulsifiant: l\u00e9cithine (SOJA).<\/p>\n","protected":false},"excerpt":{"rendered":"<p>Un St Nicolas en chocolat.<\/p>\n","protected":false},"featured_media":32073,"comment_status":"open","ping_status":"closed","template":"","meta":[],"product_cat":[589,592],"product_tag":[],"_links":{"self":[{"href":"https:\/\/confiserie-adam.fr\/boutique\/wp-json\/wp\/v2\/product\/32041"}],"collection":[{"href":"https:\/\/confiserie-adam.fr\/boutique\/wp-json\/wp\/v2\/product"}],"about":[{"href":"https:\/\/confiserie-adam.fr\/boutique\/wp-json\/wp\/v2\/types\/product"}],"replies":[{"embeddable":true,"href":"https:\/\/confiserie-adam.fr\/boutique\/wp-json\/wp\/v2\/comments?post=32041"}],"wp:featuredmedia":[{"embeddable":true,"href":"https:\/\/confiserie-adam.fr\/boutique\/wp-json\/wp\/v2\/media\/32073"}],"wp:attachment":[{"href":"https:\/\/confiserie-adam.fr\/boutique\/wp-json\/wp\/v2\/media?parent=32041"}],"wp:term":[{"taxonomy":"product_cat","embeddable":true,"href":"https:\/\/confiserie-adam.fr\/boutique\/wp-json\/wp\/v2\/product_cat?post=32041"},{"taxonomy":"product_tag","embeddable":true,"href":"https:\/\/confiserie-adam.fr\/boutique\/wp-json\/wp\/v2\/product_tag?post=32041"}],"curies":[{"name":"wp","href":"https:\/\/api.w.org\/{rel}","templated":true}]}}