{"id":32040,"date":"2023-11-02T10:00:59","date_gmt":"2023-11-02T09:00:59","guid":{"rendered":"https:\/\/confiserie-adam.fr\/boutique\/produit\/kougy-garni-kougelhopfs-praline\/"},"modified":"2026-03-28T08:39:46","modified_gmt":"2026-03-28T07:39:46","slug":"kougy-garni-kougelhopfs-praline","status":"publish","type":"product","link":"https:\/\/confiserie-adam.fr\/boutique\/produit\/kougy-garni-kougelhopfs-praline\/","title":{"rendered":"Kougy garni &#8211; Kougelhopfs Pralin\u00e9"},"content":{"rendered":"<p>Kougelhopf chocolat au lait garni de 10 mini kougelhopfs<\/p>\n<ul>\n<li>Chocolat au lait fourr\u00e9 gianduja \u00e9clats cr\u00eape dentelle<\/li>\n<li>Chocolat blanc fourr\u00e9 pralin\u00e9<\/li>\n<li>Chocolat noir fourr\u00e9 caramel fondant<\/li>\n<\/ul>\n<p>&nbsp;<\/p>\n<p><strong>Confiserie Adam<\/strong><\/p>\n<p>Entreprise familiale qui a \u00e0 c\u0153ur ses clients. Vous offrir \u00e0 la fois le go\u00fbt, le plaisir gustatif et la qualit\u00e9.<\/p>\n<ul>\n<li>Fabrication fran\u00e7aise depuis 1912<\/li>\n<li>Entreprise du Patrimoine Vivant<\/li>\n<li>Ingr\u00e9dients de qualit\u00e9<\/li>\n<\/ul>\n<p>&nbsp;<\/p>\n<p><strong>Conseils de conservation<\/strong><\/p>\n<p>\u00c0 conserver \u00e0 l\u2019abri de la lumi\u00e8re et de l\u2019humidit\u00e9, dans un endroit frais et sec.<\/p>\n<p>&nbsp;<\/p>\n<p><strong><u>Ce produit contient<\/u><\/strong><\/p>\n<p><b>K<\/b>ougelhof en chocolat LAIT et 10 mini kougelhofs en chocolat fourr\u00e9s pralin\u00e9, caramel et gianduja-cr\u00eape dentelle.<\/p>\n<p>Moulage en chocolat LAIT (cacao 30% min).<\/p>\n<p>Ingr\u00e9dients: sucre, LAIT entier en poudre, beurre de cacao, masse de cacao, lactos\u00e9rum en poudre (LAIT), \u00e9mulsifiants: (l\u00e9cithine (SOJA), E476), ar\u00f4me.<\/p>\n<p>&nbsp;<\/p>\n<p>Bonbons de chocolat noir, int\u00e9rieur ganache au caramel.<\/p>\n<p>Ingr\u00e9dients : sucre, masse de cacao, caramel 23% (sucre, eau, dextrose), beurre p\u00e2tissier (LAIT), beurre de cacao, sirop de glucose, poudre de LAIT entier, \u00e9mulsifiant : l\u00e9cithine (SOJA), fleur de sel, ar\u00f4me.<\/p>\n<p>Bonbons de chocolat blanc, fourr\u00e9s au pralin\u00e9.<\/p>\n<p>Ingr\u00e9dients : sucre, pralin\u00e9 20% (NOISETTES, sucre), poudre de LAIT entier, beurre de cacao, masse de cacao, lactose (LAIT) , beurre p\u00e2tissier (LAIT), \u00e9mulsifiant : l\u00e9cithine (SOJA), poudre de cacao, sel , ar\u00f4me.<\/p>\n<p>Bonbons de Chocolat LAIT, int\u00e9rieur gianduja (41%) avec \u00e9clats de cr\u00eape dentelle.<\/p>\n<p>Ingr\u00e9dients : sucre, poudre de LAIT entier, beurre de cacao, masse de cacao, NOISETTES, \u00e9clats de cr\u00eape dentelle 4% (farine de BLE, sucre, beurre concentr\u00e9 (LAIT), LAIT \u00e9cr\u00e9m\u00e9 en poudre, malt d&#8217;orge, sel), beurre p\u00e2tissier (LAIT), \u00e9mulsifiant : l\u00e9cithine (SOJA), ar\u00f4me.<\/p>\n","protected":false},"excerpt":{"rendered":"<p>Un kougelhopf chocolat au lait garni de 10 mini kougelhopfs : chocolat au lait fourr\u00e9 gianduja, chocolat blanc fourr\u00e9 pralin\u00e9, chocolat noir fourr\u00e9 caramel<\/p>\n","protected":false},"featured_media":32094,"comment_status":"open","ping_status":"closed","template":"","meta":[],"product_cat":[637,640,656,27,34],"product_tag":[],"_links":{"self":[{"href":"https:\/\/confiserie-adam.fr\/boutique\/wp-json\/wp\/v2\/product\/32040"}],"collection":[{"href":"https:\/\/confiserie-adam.fr\/boutique\/wp-json\/wp\/v2\/product"}],"about":[{"href":"https:\/\/confiserie-adam.fr\/boutique\/wp-json\/wp\/v2\/types\/product"}],"replies":[{"embeddable":true,"href":"https:\/\/confiserie-adam.fr\/boutique\/wp-json\/wp\/v2\/comments?post=32040"}],"wp:featuredmedia":[{"embeddable":true,"href":"https:\/\/confiserie-adam.fr\/boutique\/wp-json\/wp\/v2\/media\/32094"}],"wp:attachment":[{"href":"https:\/\/confiserie-adam.fr\/boutique\/wp-json\/wp\/v2\/media?parent=32040"}],"wp:term":[{"taxonomy":"product_cat","embeddable":true,"href":"https:\/\/confiserie-adam.fr\/boutique\/wp-json\/wp\/v2\/product_cat?post=32040"},{"taxonomy":"product_tag","embeddable":true,"href":"https:\/\/confiserie-adam.fr\/boutique\/wp-json\/wp\/v2\/product_tag?post=32040"}],"curies":[{"name":"wp","href":"https:\/\/api.w.org\/{rel}","templated":true}]}}