{"id":32039,"date":"2023-11-02T10:00:46","date_gmt":"2023-11-02T09:00:46","guid":{"rendered":"https:\/\/confiserie-adam.fr\/boutique\/produit\/papillotes-assortiment-4-pralines\/"},"modified":"2026-04-08T11:17:34","modified_gmt":"2026-04-08T09:17:34","slug":"papillotes-assortiment-2-pralines","status":"publish","type":"product","link":"https:\/\/confiserie-adam.fr\/boutique\/produit\/papillotes-assortiment-2-pralines\/","title":{"rendered":"Papillotes \u2013 Assortiment 2 pralin\u00e9s"},"content":{"rendered":"<p>Papillotes &#8211; Assortiment 2 pralin\u00e9s : chocolat au lait et noir<\/p>\n<p>&nbsp;<\/p>\n<p><strong>Confiserie Adam<\/strong><\/p>\n<p>Entreprise familiale qui a \u00e0 c\u0153ur ses clients. Vous offrir \u00e0 la fois le go\u00fbt, le plaisir gustatif et la qualit\u00e9.<\/p>\n<ul>\n<li>Fabrication fran\u00e7aise depuis 1912<\/li>\n<li>Entreprise du Patrimoine Vivant<\/li>\n<li>Ingr\u00e9dients de qualit\u00e9<\/li>\n<\/ul>\n<p>&nbsp;<\/p>\n<p><strong>Conseils de conservation<\/strong><\/p>\n<p>\u00c0 conserver \u00e0 l\u2019abri de la lumi\u00e8re et de l\u2019humidit\u00e9, dans un endroit frais et sec.<\/p>\n<p>&nbsp;<\/p>\n<p><strong><u>Ce produit contient<\/u><\/strong><\/p>\n<p><strong>Bonbon de chocolat &#8211; en proportion variable<\/strong><\/p>\n<p>Papillotes pralin\u00e9 : Ingr\u00e9dients: sucre, masse de cacao (origine non-ue), praline 7% (sucre, noisette, amande), lactoserum en poudre, graisses vegetales (palme et palmiste), beurre de cacao, lactose, huile de tournesol, lait ecreme en poudre, lait entier en poudre, beurre concentre, emulsifiants : e471 (soja), arome naturel de noisette, arome naturel de vanille, cacao maigre en poudre, sirop de glucose, miel, blancs d&#8217;oeufs, graisse vegetale (karite), farine de riz, farine de ble, malt de ble, amidon de ble, malt d&#8217;orge, sel, aromes naturels, poudres a lever : (e500 e501 e503), agent d&#8217;enrobage : e904. chocolat au lait: cacao 31% min. chocolat noir: cacao 48% min.<\/p>\n<p>&nbsp;<\/p>\n","protected":false},"excerpt":{"rendered":"<p>Un assortiment de papillotes 2 pralin\u00e9s : chocolat au lait et noir<\/p>\n","protected":false},"featured_media":15512,"comment_status":"open","ping_status":"closed","template":"","meta":[],"product_cat":[637,640,589,594],"product_tag":[],"_links":{"self":[{"href":"https:\/\/confiserie-adam.fr\/boutique\/wp-json\/wp\/v2\/product\/32039"}],"collection":[{"href":"https:\/\/confiserie-adam.fr\/boutique\/wp-json\/wp\/v2\/product"}],"about":[{"href":"https:\/\/confiserie-adam.fr\/boutique\/wp-json\/wp\/v2\/types\/product"}],"replies":[{"embeddable":true,"href":"https:\/\/confiserie-adam.fr\/boutique\/wp-json\/wp\/v2\/comments?post=32039"}],"wp:featuredmedia":[{"embeddable":true,"href":"https:\/\/confiserie-adam.fr\/boutique\/wp-json\/wp\/v2\/media\/15512"}],"wp:attachment":[{"href":"https:\/\/confiserie-adam.fr\/boutique\/wp-json\/wp\/v2\/media?parent=32039"}],"wp:term":[{"taxonomy":"product_cat","embeddable":true,"href":"https:\/\/confiserie-adam.fr\/boutique\/wp-json\/wp\/v2\/product_cat?post=32039"},{"taxonomy":"product_tag","embeddable":true,"href":"https:\/\/confiserie-adam.fr\/boutique\/wp-json\/wp\/v2\/product_tag?post=32039"}],"curies":[{"name":"wp","href":"https:\/\/api.w.org\/{rel}","templated":true}]}}