{"id":32038,"date":"2023-11-02T10:00:30","date_gmt":"2023-11-02T09:00:30","guid":{"rendered":"https:\/\/confiserie-adam.fr\/boutique\/produit\/bretzel-sale-chocolat-au-lait-2\/"},"modified":"2026-04-04T17:27:40","modified_gmt":"2026-04-04T15:27:40","slug":"bretzel-sale-chocolat-au-lait","status":"publish","type":"product","link":"https:\/\/confiserie-adam.fr\/boutique\/produit\/bretzel-sale-chocolat-au-lait\/","title":{"rendered":"Bretzel sal\u00e9 chocolat au lait"},"content":{"rendered":"<p>Bretzel enrob\u00e9 de chocolat au lait<\/p>\n<p>&nbsp;<\/p>\n<p><strong>Confiserie Adam<\/strong><\/p>\n<p>Entreprise familiale qui a \u00e0 c\u0153ur ses clients. Vous offrir \u00e0 la fois le go\u00fbt, le plaisir gustatif et la qualit\u00e9.<\/p>\n<ul>\n<li>Fabrication fran\u00e7aise depuis 1912<\/li>\n<li>Entreprise du Patrimoine Vivant<\/li>\n<li>Ingr\u00e9dients de qualit\u00e9<\/li>\n<\/ul>\n<p>&nbsp;<\/p>\n<p><strong>Conseils de conservation<\/strong><\/p>\n<p>\u00c0 conserver \u00e0 l\u2019abri de la lumi\u00e8re et de l\u2019humidit\u00e9, dans un endroit frais et sec.<\/p>\n<p>&nbsp;<\/p>\n<p><strong><u>Ce produit contient<\/u><\/strong><\/p>\n<p>Biscuits sal\u00e9s enrob\u00e9s de chocolat LAIT.<\/p>\n<p>Ingr\u00e9dients : chocolat LAIT 55% (cacao 30% min.) (sucre, LAIT entier en poudre, beurre de cacao, masse de cacao, \u00e9mulsifiant: l\u00e9cithine (SOJA), ar\u00f4me), biscuit sal\u00e9 45% (farine de BLE, sel, huile de tournesol, farine de BLE malt\u00e9, levure, correcteur d\u2019acidit\u00e9 : E524).<\/p>\n","protected":false},"excerpt":{"rendered":"<p>Des bretzels sal\u00e9 enrob\u00e9 de chocolat au lait.<\/p>\n","protected":false},"featured_media":32060,"comment_status":"open","ping_status":"closed","template":"","meta":[],"product_cat":[637,640,589,593,596,48,656,659,27,34,29,44],"product_tag":[],"_links":{"self":[{"href":"https:\/\/confiserie-adam.fr\/boutique\/wp-json\/wp\/v2\/product\/32038"}],"collection":[{"href":"https:\/\/confiserie-adam.fr\/boutique\/wp-json\/wp\/v2\/product"}],"about":[{"href":"https:\/\/confiserie-adam.fr\/boutique\/wp-json\/wp\/v2\/types\/product"}],"replies":[{"embeddable":true,"href":"https:\/\/confiserie-adam.fr\/boutique\/wp-json\/wp\/v2\/comments?post=32038"}],"wp:featuredmedia":[{"embeddable":true,"href":"https:\/\/confiserie-adam.fr\/boutique\/wp-json\/wp\/v2\/media\/32060"}],"wp:attachment":[{"href":"https:\/\/confiserie-adam.fr\/boutique\/wp-json\/wp\/v2\/media?parent=32038"}],"wp:term":[{"taxonomy":"product_cat","embeddable":true,"href":"https:\/\/confiserie-adam.fr\/boutique\/wp-json\/wp\/v2\/product_cat?post=32038"},{"taxonomy":"product_tag","embeddable":true,"href":"https:\/\/confiserie-adam.fr\/boutique\/wp-json\/wp\/v2\/product_tag?post=32038"}],"curies":[{"name":"wp","href":"https:\/\/api.w.org\/{rel}","templated":true}]}}