{"id":32037,"date":"2023-11-02T10:00:24","date_gmt":"2023-11-02T09:00:24","guid":{"rendered":"https:\/\/confiserie-adam.fr\/boutique\/produit\/orangettes-chocolat-noir\/"},"modified":"2026-04-10T18:33:38","modified_gmt":"2026-04-10T16:33:38","slug":"orangettes-chocolat-noir","status":"publish","type":"product","link":"https:\/\/confiserie-adam.fr\/boutique\/produit\/orangettes-chocolat-noir\/","title":{"rendered":"Orangettes \u2013 Chocolat noir"},"content":{"rendered":"<p>Orangettes &#8211; Oranges confites enrob\u00e9es de chocolat noir<\/p>\n<p>&nbsp;<\/p>\n<p><strong>Confiserie Adam<\/strong><\/p>\n<p>Entreprise familiale qui a \u00e0 c\u0153ur ses clients. Vous offrir \u00e0 la fois le go\u00fbt, le plaisir gustatif et la qualit\u00e9.<\/p>\n<ul>\n<li>Fabrication fran\u00e7aise depuis 1912<\/li>\n<li>Entreprise du Patrimoine Vivant<\/li>\n<li>Ingr\u00e9dients de qualit\u00e9<\/li>\n<\/ul>\n<p>&nbsp;<\/p>\n<p><strong>Conseils de conservation<\/strong><\/p>\n<p>\u00c0 conserver \u00e0 l\u2019abri de la lumi\u00e8re et de l\u2019humidit\u00e9, dans un endroit frais et sec.<\/p>\n<p>&nbsp;<\/p>\n<p><strong><u>Ce produit contient<\/u><\/strong><\/p>\n<p>Bonbons de chocolat aux \u00e9corces d&#8217;oranges confites.<\/p>\n<p>Ingr\u00e9dients : \u00e9corces d&#8217;orange confites 33% (\u00e9corces d&#8217;oranges, sucre, sirop de glucose), masse de cacao, sucre, beurre de cacao, poudre de LAIT entier, poudre de cacao, \u00e9mulsifiant : l\u00e9cithine (SOJA), ar\u00f4me.<\/p>\n","protected":false},"excerpt":{"rendered":"<p>Des oranges confites enrob\u00e9es de chocolat noir.<\/p>\n","protected":false},"featured_media":32061,"comment_status":"open","ping_status":"closed","template":"","meta":[],"product_cat":[645,647,637,640,589,592,596],"product_tag":[],"_links":{"self":[{"href":"https:\/\/confiserie-adam.fr\/boutique\/wp-json\/wp\/v2\/product\/32037"}],"collection":[{"href":"https:\/\/confiserie-adam.fr\/boutique\/wp-json\/wp\/v2\/product"}],"about":[{"href":"https:\/\/confiserie-adam.fr\/boutique\/wp-json\/wp\/v2\/types\/product"}],"replies":[{"embeddable":true,"href":"https:\/\/confiserie-adam.fr\/boutique\/wp-json\/wp\/v2\/comments?post=32037"}],"wp:featuredmedia":[{"embeddable":true,"href":"https:\/\/confiserie-adam.fr\/boutique\/wp-json\/wp\/v2\/media\/32061"}],"wp:attachment":[{"href":"https:\/\/confiserie-adam.fr\/boutique\/wp-json\/wp\/v2\/media?parent=32037"}],"wp:term":[{"taxonomy":"product_cat","embeddable":true,"href":"https:\/\/confiserie-adam.fr\/boutique\/wp-json\/wp\/v2\/product_cat?post=32037"},{"taxonomy":"product_tag","embeddable":true,"href":"https:\/\/confiserie-adam.fr\/boutique\/wp-json\/wp\/v2\/product_tag?post=32037"}],"curies":[{"name":"wp","href":"https:\/\/api.w.org\/{rel}","templated":true}]}}