{"id":32036,"date":"2023-11-02T10:00:21","date_gmt":"2023-11-02T09:00:21","guid":{"rendered":"https:\/\/confiserie-adam.fr\/boutique\/produit\/chardons-chocolat-fourre-liqueur\/"},"modified":"2026-04-03T14:55:53","modified_gmt":"2026-04-03T12:55:53","slug":"chardons-chocolat-fourre-liqueur","status":"publish","type":"product","link":"https:\/\/confiserie-adam.fr\/boutique\/produit\/chardons-chocolat-fourre-liqueur\/","title":{"rendered":"Chardons \u2013 Chocolat fourr\u00e9 liqueur"},"content":{"rendered":"<p>Chocolats fourr\u00e9s \u00e0 la liqueur : Kirsch, Poire, Framboise, Mirabelle &amp; Grand Marnier\u00ae<\/p>\n<p>A consommer de pr\u00e9f\u00e9rence avant fin : 06\/2026<\/p>\n<p><strong>Confiserie Adam<\/strong><\/p>\n<p>Entreprise familiale qui a \u00e0 c\u0153ur ses clients. Vous offrir \u00e0 la fois le go\u00fbt, le plaisir gustatif et la qualit\u00e9.<\/p>\n<ul>\n<li>Fabrication fran\u00e7aise depuis 1912<\/li>\n<li>Entreprise du Patrimoine Vivant<\/li>\n<li>Ingr\u00e9dients de qualit\u00e9<\/li>\n<\/ul>\n<p>&nbsp;<\/p>\n<p><strong>Conseils de conservation<\/strong><\/p>\n<p>\u00c0 conserver \u00e0 l\u2019abri de la lumi\u00e8re et de l\u2019humidit\u00e9, dans un endroit frais et sec.<\/p>\n<p>&nbsp;<\/p>\n<p><strong><u>Ce produit contient<\/u><\/strong><\/p>\n<p>Assortiment de confiseries \u00e0 l&#8217;alcool Grand Marnier\u00ae, Framboise, Mirabelle, Poire et Kirsch.<\/p>\n<p>Ingr\u00e9dients : sucre, beurre de cacao, poudre de LAIT entier, eaux de vie et spiritueux 10% (extrait Grand Marnier \u00ae , Framboise, Poire Williams, Mirabelle, Kirsch), eau, sirop de glucose, \u00e9mulsifiant : l\u00e9cithine (SOJA), poudre alimentaire naturellement colorante (concentr\u00e9 de spiruline et de pomme), masse de cacao, ar\u00f4me, colorants (E100 E120 E160a E160c).<\/p>\n","protected":false},"excerpt":{"rendered":"<p>Chocolats fourr\u00e9s \u00e0 la liqueur : Kirsch, Poire, Framboise, Mirabelle &amp; Grand Marnier\u00ae<\/p>\n<p>&nbsp;<\/p>\n<p>A consommer de pr\u00e9f\u00e9rence avant fin : 06\/2026<\/p>\n","protected":false},"featured_media":32062,"comment_status":"open","ping_status":"closed","template":"","meta":[],"product_cat":[772,856,645,647,637,640,589,592,596],"product_tag":[],"_links":{"self":[{"href":"https:\/\/confiserie-adam.fr\/boutique\/wp-json\/wp\/v2\/product\/32036"}],"collection":[{"href":"https:\/\/confiserie-adam.fr\/boutique\/wp-json\/wp\/v2\/product"}],"about":[{"href":"https:\/\/confiserie-adam.fr\/boutique\/wp-json\/wp\/v2\/types\/product"}],"replies":[{"embeddable":true,"href":"https:\/\/confiserie-adam.fr\/boutique\/wp-json\/wp\/v2\/comments?post=32036"}],"wp:featuredmedia":[{"embeddable":true,"href":"https:\/\/confiserie-adam.fr\/boutique\/wp-json\/wp\/v2\/media\/32062"}],"wp:attachment":[{"href":"https:\/\/confiserie-adam.fr\/boutique\/wp-json\/wp\/v2\/media?parent=32036"}],"wp:term":[{"taxonomy":"product_cat","embeddable":true,"href":"https:\/\/confiserie-adam.fr\/boutique\/wp-json\/wp\/v2\/product_cat?post=32036"},{"taxonomy":"product_tag","embeddable":true,"href":"https:\/\/confiserie-adam.fr\/boutique\/wp-json\/wp\/v2\/product_tag?post=32036"}],"curies":[{"name":"wp","href":"https:\/\/api.w.org\/{rel}","templated":true}]}}