{"id":32035,"date":"2023-11-02T10:00:18","date_gmt":"2023-11-02T09:00:18","guid":{"rendered":"https:\/\/confiserie-adam.fr\/boutique\/produit\/mug-alsace-garni-biscuit-au-chocolat-saveur-kougelhopf\/"},"modified":"2026-04-14T18:06:46","modified_gmt":"2026-04-14T16:06:46","slug":"mug-alsace-garni-biscuit-au-chocolat-saveur-kougelhopf","status":"publish","type":"product","link":"https:\/\/confiserie-adam.fr\/boutique\/produit\/mug-alsace-garni-biscuit-au-chocolat-saveur-kougelhopf\/","title":{"rendered":"Mug Alsace garni &#8211; Biscuit au chocolat saveur kougelhopf"},"content":{"rendered":"<p>Mug garni &#8211; Biscuits enrob\u00e9s chocolat saveur kougelhopf &#8211; H 20 cm<\/p>\n<p>Mug d\u00e9cor Alsace &#8211; 2 d\u00e9cors al\u00e9atoires<\/p>\n<p>&nbsp;<\/p>\n<p><strong>Confiserie Adam<\/strong><\/p>\n<p>Entreprise familiale qui a \u00e0 c\u0153ur ses clients. Vous offrir \u00e0 la fois le go\u00fbt, le plaisir gustatif et la qualit\u00e9.<\/p>\n<ul>\n<li>Fabrication fran\u00e7aise depuis 1912<\/li>\n<li>Entreprise du Patrimoine Vivant<\/li>\n<li>Ingr\u00e9dients de qualit\u00e9<\/li>\n<\/ul>\n<p>&nbsp;<\/p>\n<p><strong>Conseils de conservation<\/strong><\/p>\n<p>\u00c0 conserver \u00e0 l\u2019abri de la lumi\u00e8re et de l\u2019humidit\u00e9, dans un endroit frais et sec.<\/p>\n<p>&nbsp;<\/p>\n<p><strong><u>Ce produit contient<\/u><\/strong><\/p>\n<p>Cube de moelleux aux amandes enrob\u00e9s de chocolat blanc saveur kougelhopf, marbrage chocolat LAIT.<\/p>\n<p>Ingr\u00e9dients\u00a0: Chocolat blanc 59% (cacao 29% min.) (sucre, beurre de cacao, LAIT entier en poudre, \u00e9mulsifiant: l\u00e9cithine (SOJA), ar\u00f4me), cube de moelleux aux amandes 39% (AMANDE 21%, sucre (sucre, f\u00e9cule), nappage \u00e0 l\u2019abricot (sirop de glucose-fructose, sucre, pur\u00e9e d\u2019abricot 1,6%), sirop de sucre inverti, blanc d\u2019OEUF), ar\u00f4me, vernissage (sirop de glucose, sucre, agents d\u2019enrobage (E904 E414)), chocolat LAIT 0,1% (cacao 30% min) (sucre, LAIT entier en poudre, beurre de cacao, masse de cacao, \u00e9mulsifiant: l\u00e9cithine (SOJA), ar\u00f4me).<\/p>\n","protected":false},"excerpt":{"rendered":"<p>Un mug garni d&#8217;un sachet de biscuit chocolat saveur kougelhopf<\/p>\n","protected":false},"featured_media":32072,"comment_status":"open","ping_status":"closed","template":"","meta":[],"product_cat":[589,593,595,27,34],"product_tag":[],"_links":{"self":[{"href":"https:\/\/confiserie-adam.fr\/boutique\/wp-json\/wp\/v2\/product\/32035"}],"collection":[{"href":"https:\/\/confiserie-adam.fr\/boutique\/wp-json\/wp\/v2\/product"}],"about":[{"href":"https:\/\/confiserie-adam.fr\/boutique\/wp-json\/wp\/v2\/types\/product"}],"replies":[{"embeddable":true,"href":"https:\/\/confiserie-adam.fr\/boutique\/wp-json\/wp\/v2\/comments?post=32035"}],"wp:featuredmedia":[{"embeddable":true,"href":"https:\/\/confiserie-adam.fr\/boutique\/wp-json\/wp\/v2\/media\/32072"}],"wp:attachment":[{"href":"https:\/\/confiserie-adam.fr\/boutique\/wp-json\/wp\/v2\/media?parent=32035"}],"wp:term":[{"taxonomy":"product_cat","embeddable":true,"href":"https:\/\/confiserie-adam.fr\/boutique\/wp-json\/wp\/v2\/product_cat?post=32035"},{"taxonomy":"product_tag","embeddable":true,"href":"https:\/\/confiserie-adam.fr\/boutique\/wp-json\/wp\/v2\/product_tag?post=32035"}],"curies":[{"name":"wp","href":"https:\/\/api.w.org\/{rel}","templated":true}]}}