{"id":32034,"date":"2023-11-02T10:00:14","date_gmt":"2023-11-02T09:00:14","guid":{"rendered":"https:\/\/confiserie-adam.fr\/boutique\/produit\/kougy-garni-coeur-praline\/"},"modified":"2026-03-30T19:44:36","modified_gmt":"2026-03-30T17:44:36","slug":"tchin-garni-bouchons-marc-de-champagne","status":"publish","type":"product","link":"https:\/\/confiserie-adam.fr\/boutique\/produit\/tchin-garni-bouchons-marc-de-champagne\/","title":{"rendered":"Tchin garni &#8211; Bouchons marc de champagne"},"content":{"rendered":"<p>Tchin &#8211; verre en chocolat accompagn\u00e9 de 6 bouchons chocolat noir fourr\u00e9s marc de champagne<\/p>\n<p>&nbsp;<\/p>\n<p><strong>Confiserie Adam<\/strong><\/p>\n<p>Entreprise familiale qui a \u00e0 c\u0153ur ses clients. Vous offrir \u00e0 la fois le go\u00fbt, le plaisir gustatif et la qualit\u00e9.<\/p>\n<ul>\n<li>Fabrication fran\u00e7aise depuis 1912<\/li>\n<li>Entreprise du Patrimoine Vivant<\/li>\n<li>Ingr\u00e9dients de qualit\u00e9<\/li>\n<\/ul>\n<p>&nbsp;<\/p>\n<p><strong>Conseils de conservation<\/strong><\/p>\n<p>\u00c0 conserver \u00e0 l\u2019abri de la lumi\u00e8re et de l\u2019humidit\u00e9, dans un endroit frais et sec.<\/p>\n<p>&nbsp;<\/p>\n<p><strong><u>Ce produit contient<\/u><\/strong><\/p>\n<p>Moulage Chocolat LAIT garni de 6 bouchons de chocolat noir fourr\u00e9s Marc de Champagne<\/p>\n<p>Moulage Chocolat LAIT (cacao 30% min).<\/p>\n<p>Ingr\u00e9dients: sucre, LAIT entier en poudre, beurre de cacao, masse de cacao, lactos\u00e9rum en poudre (LAIT), \u00e9mulsifiants (l\u00e9cithine (SOJA), E476), ar\u00f4me.<\/p>\n<p>Bonbons de chocolat noir, int\u00e9rieur Marc de Champagne.<\/p>\n<p>Ingr\u00e9dients :\u00a0 sucre, masse de cacao, marc de Champagne 12%, beurre de cacao, eau, sirop de glucose, \u00e9mulsifiant: l\u00e9cithine (SOJA), ar\u00f4me.<\/p>\n","protected":false},"excerpt":{"rendered":"<p>Un verre accompagn\u00e9 de 6 bouchons chocolat noir fourr\u00e9s marc de champagne.<\/p>\n","protected":false},"featured_media":32077,"comment_status":"open","ping_status":"closed","template":"","meta":[],"product_cat":[637,638,640,589,592,595,27],"product_tag":[],"_links":{"self":[{"href":"https:\/\/confiserie-adam.fr\/boutique\/wp-json\/wp\/v2\/product\/32034"}],"collection":[{"href":"https:\/\/confiserie-adam.fr\/boutique\/wp-json\/wp\/v2\/product"}],"about":[{"href":"https:\/\/confiserie-adam.fr\/boutique\/wp-json\/wp\/v2\/types\/product"}],"replies":[{"embeddable":true,"href":"https:\/\/confiserie-adam.fr\/boutique\/wp-json\/wp\/v2\/comments?post=32034"}],"wp:featuredmedia":[{"embeddable":true,"href":"https:\/\/confiserie-adam.fr\/boutique\/wp-json\/wp\/v2\/media\/32077"}],"wp:attachment":[{"href":"https:\/\/confiserie-adam.fr\/boutique\/wp-json\/wp\/v2\/media?parent=32034"}],"wp:term":[{"taxonomy":"product_cat","embeddable":true,"href":"https:\/\/confiserie-adam.fr\/boutique\/wp-json\/wp\/v2\/product_cat?post=32034"},{"taxonomy":"product_tag","embeddable":true,"href":"https:\/\/confiserie-adam.fr\/boutique\/wp-json\/wp\/v2\/product_tag?post=32034"}],"curies":[{"name":"wp","href":"https:\/\/api.w.org\/{rel}","templated":true}]}}