{"id":32033,"date":"2023-11-02T09:59:43","date_gmt":"2023-11-02T08:59:43","guid":{"rendered":"https:\/\/confiserie-adam.fr\/boutique\/produit\/carres-choco-chocolat-au-lait\/"},"modified":"2026-04-04T17:27:08","modified_gmt":"2026-04-04T15:27:08","slug":"carres-choco-chocolat-au-lait","status":"publish","type":"product","link":"https:\/\/confiserie-adam.fr\/boutique\/produit\/carres-choco-chocolat-au-lait\/","title":{"rendered":"Carr\u00e9s choco &#8211; chocolat au lait"},"content":{"rendered":"<p>R\u00e9glette &#8211; Assortiment de 8 carr\u00e9s chocolat<\/p>\n<ul>\n<li>Pomme caramel<\/li>\n<li>Noisettes<\/li>\n<li>Passion noisettes<\/li>\n<li>Groseilles f\u00e8ves de cacao<\/li>\n<li>S\u00e9same griottes<\/li>\n<li>Noix de coco amandes<\/li>\n<li>Framboise pistache<\/li>\n<li>Cranberry noisettes<\/li>\n<\/ul>\n<p>&nbsp;<\/p>\n<p><strong>Confiserie Adam<\/strong><\/p>\n<p>Entreprise familiale qui a \u00e0 c\u0153ur ses clients. Vous offrir \u00e0 la fois le go\u00fbt, le plaisir gustatif et la qualit\u00e9.<\/p>\n<ul>\n<li>Fabrication fran\u00e7aise depuis 1912<\/li>\n<li>Entreprise du Patrimoine Vivant<\/li>\n<li>Ingr\u00e9dients de qualit\u00e9<\/li>\n<\/ul>\n<p>&nbsp;<\/p>\n<p><strong>Conseils de conservation<\/strong><\/p>\n<p>\u00c0 conserver \u00e0 l\u2019abri de la lumi\u00e8re et de l\u2019humidit\u00e9, dans un endroit frais et sec.<\/p>\n<p>&nbsp;<\/p>\n<p><strong><u>Ce produit contient<\/u><\/strong><\/p>\n<p>Assortiment de Chocolat LAIT et chocolat noir, d\u00e9cor\u00e9s<\/p>\n<p>Ingr\u00e9dients : sucre, masse de cacao, beurre de cacao, poudre de LAIT entier, noisettes caram\u00e9lis\u00e9es (noisettes, sucre, sirop de glucose, caramel [sucre, eau], miel), PISTACHES, cranberries (cranberries, sucre, huile v\u00e9g\u00e9tale: tournesol), amandes caram\u00e9lis\u00e9es (amandes, sucre, sirop de glucose, miel), \u00e9clats de caramel (sucre, sirop de glucose, LAIT entier en poudre, cr\u00e8me fra\u00eeche (LAIT), beurre sal\u00e9 (LAIT), sel , \u00e9mulsifiant: l\u00e9cithine), fruit de la passion lyophilis\u00e9 (sirop de glucose, jus de fruit de la passion concentr\u00e9, pulpe d&#8217;abricot, amidon modifi\u00e9, agent \u00e9paississant: E401), pommes d\u00e9shydrat\u00e9es, noix de coco, \u00e9mulsifiant: l\u00e9cithine (SOJA), p\u00e9pites de fraises lyophilis\u00e9es (fraises, sirop de glucose, sucre, agent \u00e9paisissant: E401), graines de SESAME caram\u00e9lis\u00e9es (graines de SESAME, sucre), \u00e9clats de f\u00e8ves de cacao, \u00e9clats de cerises griottes lyophilis\u00e9es, framboises lyophilis\u00e9es, groseilles lyophilis\u00e9es, agent d&#8217;enrobage: E903, ar\u00f4me. Chocolat LAIT: cacao 36% min. Chocolat noir: cacao 60% min.<\/p>\n","protected":false},"excerpt":{"rendered":"<p>Un assortiment de 8 carr\u00e9s aux diff\u00e9rents chocolats et \u00e9clats.<\/p>\n<p>&nbsp;<\/p>\n","protected":false},"featured_media":32074,"comment_status":"open","ping_status":"closed","template":"","meta":[],"product_cat":[645,647,637,640,589,592,596,48,657,659,27],"product_tag":[],"_links":{"self":[{"href":"https:\/\/confiserie-adam.fr\/boutique\/wp-json\/wp\/v2\/product\/32033"}],"collection":[{"href":"https:\/\/confiserie-adam.fr\/boutique\/wp-json\/wp\/v2\/product"}],"about":[{"href":"https:\/\/confiserie-adam.fr\/boutique\/wp-json\/wp\/v2\/types\/product"}],"replies":[{"embeddable":true,"href":"https:\/\/confiserie-adam.fr\/boutique\/wp-json\/wp\/v2\/comments?post=32033"}],"wp:featuredmedia":[{"embeddable":true,"href":"https:\/\/confiserie-adam.fr\/boutique\/wp-json\/wp\/v2\/media\/32074"}],"wp:attachment":[{"href":"https:\/\/confiserie-adam.fr\/boutique\/wp-json\/wp\/v2\/media?parent=32033"}],"wp:term":[{"taxonomy":"product_cat","embeddable":true,"href":"https:\/\/confiserie-adam.fr\/boutique\/wp-json\/wp\/v2\/product_cat?post=32033"},{"taxonomy":"product_tag","embeddable":true,"href":"https:\/\/confiserie-adam.fr\/boutique\/wp-json\/wp\/v2\/product_tag?post=32033"}],"curies":[{"name":"wp","href":"https:\/\/api.w.org\/{rel}","templated":true}]}}