{"id":31704,"date":"2023-10-13T14:39:16","date_gmt":"2023-10-13T12:39:16","guid":{"rendered":"https:\/\/confiserie-adam.fr\/boutique\/produit\/coupelle-halloween-bonbons-tendres\/"},"modified":"2026-03-28T08:26:38","modified_gmt":"2026-03-28T07:26:38","slug":"coupelle-halloween-bonbons-tendres","status":"publish","type":"product","link":"https:\/\/confiserie-adam.fr\/boutique\/produit\/coupelle-halloween-bonbons-tendres\/","title":{"rendered":"Coupelle Halloween &#8211; Bonbons tendres"},"content":{"rendered":"<p>Une coupelle aux couleurs d&#8217;Halloween garnie de bonbons tendres fruit\u00e9s.<\/p>\n<p>&nbsp;<\/p>\n<p><strong>Confiserie Adam<\/strong><\/p>\n<p>Entreprise familiale qui a \u00e0 c\u0153ur ses clients. Vous offrir \u00e0 la fois le go\u00fbt, le plaisir gustatif et la qualit\u00e9.<\/p>\n<ul>\n<li>Fabrication fran\u00e7aise depuis 1912<\/li>\n<li>Entreprise du Patrimoine Vivant<\/li>\n<li>Ingr\u00e9dients de qualit\u00e9<\/li>\n<\/ul>\n<p>&nbsp;<\/p>\n<p><strong>Conseils de conservation<\/strong><\/p>\n<p>\u00c0 conserver \u00e0 l\u2019abri de la lumi\u00e8re et de l\u2019humidit\u00e9, dans un endroit frais et sec.<\/p>\n<p>&nbsp;<\/p>\n<p><strong><u>Ce produit contient<\/u><\/strong><\/p>\n<p>Bonbons tendres aromatis\u00e9s go\u00fbts fruits (citron, orange, fraise, framboise, cassis)<\/p>\n<p>Ingr\u00e9dients : Sucre, sirop de glucose, graisse v\u00e9g\u00e9tale (palme), acidifiant : acide citrique, g\u00e9latine, ar\u00f4mes naturels, concentr\u00e9s de jus de carotte pourpre, paprika, carotte, carthame, hibiscus, ar\u00f4me naturel orange, \u00e9mulsifiant : l\u00e9cithines (tournesol)<\/p>\n","protected":false},"excerpt":{"rendered":"<p>Des bonbons tendres go\u00fbts fruit\u00e9s : citron, orange, fraise, framboise et cassis<\/p>\n","protected":false},"featured_media":31688,"comment_status":"open","ping_status":"closed","template":"","meta":[],"product_cat":[584],"product_tag":[],"_links":{"self":[{"href":"https:\/\/confiserie-adam.fr\/boutique\/wp-json\/wp\/v2\/product\/31704"}],"collection":[{"href":"https:\/\/confiserie-adam.fr\/boutique\/wp-json\/wp\/v2\/product"}],"about":[{"href":"https:\/\/confiserie-adam.fr\/boutique\/wp-json\/wp\/v2\/types\/product"}],"replies":[{"embeddable":true,"href":"https:\/\/confiserie-adam.fr\/boutique\/wp-json\/wp\/v2\/comments?post=31704"}],"wp:featuredmedia":[{"embeddable":true,"href":"https:\/\/confiserie-adam.fr\/boutique\/wp-json\/wp\/v2\/media\/31688"}],"wp:attachment":[{"href":"https:\/\/confiserie-adam.fr\/boutique\/wp-json\/wp\/v2\/media?parent=31704"}],"wp:term":[{"taxonomy":"product_cat","embeddable":true,"href":"https:\/\/confiserie-adam.fr\/boutique\/wp-json\/wp\/v2\/product_cat?post=31704"},{"taxonomy":"product_tag","embeddable":true,"href":"https:\/\/confiserie-adam.fr\/boutique\/wp-json\/wp\/v2\/product_tag?post=31704"}],"curies":[{"name":"wp","href":"https:\/\/api.w.org\/{rel}","templated":true}]}}