{"id":31671,"date":"2023-10-11T16:02:50","date_gmt":"2023-10-11T14:02:50","guid":{"rendered":"https:\/\/confiserie-adam.fr\/boutique\/produit\/bonbons-dantan-violette-2\/"},"modified":"2026-04-04T16:24:59","modified_gmt":"2026-04-04T14:24:59","slug":"bonbons-dantan-bergamote","status":"publish","type":"product","link":"https:\/\/confiserie-adam.fr\/boutique\/produit\/bonbons-dantan-bergamote\/","title":{"rendered":"Bonbons d&#8217;antan &#8211; Bergamote"},"content":{"rendered":"<p>Bonbon de sucre cuit aromatis\u00e9 bergamote<\/p>\n<p>&nbsp;<\/p>\n<p><strong>Confiserie Adam<\/strong><\/p>\n<p>Entreprise familiale qui a \u00e0 c\u0153ur ses clients. Vous offrir \u00e0 la fois le go\u00fbt, le plaisir gustatif et la qualit\u00e9.<\/p>\n<ul>\n<li>Fabrication fran\u00e7aise depuis 1912<\/li>\n<li>Entreprise du Patrimoine Vivant<\/li>\n<li>Ingr\u00e9dients de qualit\u00e9<\/li>\n<\/ul>\n<p>&nbsp;<\/p>\n<p><strong>Conseils de conservation<\/strong><\/p>\n<p>\u00c0 conserver \u00e0 l\u2019abri de la lumi\u00e8re et de l\u2019humidit\u00e9, dans un endroit frais et sec.<\/p>\n<p>&nbsp;<\/p>\n<p><strong><u>Ce produit contient<\/u><\/strong><\/p>\n<p>Bonbon de sucre suit aromatis\u00e9 bergamote<\/p>\n<p>Ingr\u00e9dients : sucre, sirop de glucose, acidifiant : acide citrique, ar\u00f4me naturel de bergamote, colorant : E150a, agent d&#8217;enrobage : cire de carnaube.<\/p>\n<p>Sucre origine UE.<\/p>\n<p>Peut contenir : fruits \u00e0 coque, lait, soja, arachide, gluten, oeuf.<\/p>\n","protected":false},"excerpt":{"rendered":"<p>Des bonbons aux douces saveurs d&#8217;antan.<\/p>\n","protected":false},"featured_media":31707,"comment_status":"open","ping_status":"closed","template":"","meta":[],"product_cat":[15,31],"product_tag":[],"_links":{"self":[{"href":"https:\/\/confiserie-adam.fr\/boutique\/wp-json\/wp\/v2\/product\/31671"}],"collection":[{"href":"https:\/\/confiserie-adam.fr\/boutique\/wp-json\/wp\/v2\/product"}],"about":[{"href":"https:\/\/confiserie-adam.fr\/boutique\/wp-json\/wp\/v2\/types\/product"}],"replies":[{"embeddable":true,"href":"https:\/\/confiserie-adam.fr\/boutique\/wp-json\/wp\/v2\/comments?post=31671"}],"wp:featuredmedia":[{"embeddable":true,"href":"https:\/\/confiserie-adam.fr\/boutique\/wp-json\/wp\/v2\/media\/31707"}],"wp:attachment":[{"href":"https:\/\/confiserie-adam.fr\/boutique\/wp-json\/wp\/v2\/media?parent=31671"}],"wp:term":[{"taxonomy":"product_cat","embeddable":true,"href":"https:\/\/confiserie-adam.fr\/boutique\/wp-json\/wp\/v2\/product_cat?post=31671"},{"taxonomy":"product_tag","embeddable":true,"href":"https:\/\/confiserie-adam.fr\/boutique\/wp-json\/wp\/v2\/product_tag?post=31671"}],"curies":[{"name":"wp","href":"https:\/\/api.w.org\/{rel}","templated":true}]}}