{"id":31661,"date":"2023-10-11T15:12:12","date_gmt":"2023-10-11T13:12:12","guid":{"rendered":"https:\/\/confiserie-adam.fr\/boutique\/produit\/chapeau-de-sorciere-chocolat-au-lait\/"},"modified":"2026-04-10T18:37:32","modified_gmt":"2026-04-10T16:37:32","slug":"chapeau-de-sorciere-chocolat-au-lait","status":"publish","type":"product","link":"https:\/\/confiserie-adam.fr\/boutique\/produit\/chapeau-de-sorciere-chocolat-au-lait\/","title":{"rendered":"Chapeau de sorci\u00e8re \u2013 Chocolat au lait"},"content":{"rendered":"<p>Citrouille &#8211; Chocolat au lait &#8211; Hauteur 6.5 cm<\/p>\n<p>&nbsp;<\/p>\n<p><strong>Confiserie Adam<\/strong><\/p>\n<p>Entreprise familiale qui a \u00e0 c\u0153ur ses clients. Vous offrir \u00e0 la fois le go\u00fbt, le plaisir gustatif et la qualit\u00e9.<\/p>\n<ul>\n<li>Fabrication fran\u00e7aise depuis 1912<\/li>\n<li>Entreprise du Patrimoine Vivant<\/li>\n<li>Ingr\u00e9dients de qualit\u00e9<\/li>\n<\/ul>\n<p>&nbsp;<\/p>\n<p><strong>Conseils de conservation<\/strong><\/p>\n<p>\u00c0 conserver \u00e0 l\u2019abri de la lumi\u00e8re et de l\u2019humidit\u00e9, dans un endroit frais et sec.<\/p>\n<p>&nbsp;<\/p>\n<p><strong><u>Ce produit contient<\/u><\/strong><\/p>\n<p>Moulage au chocolat au lait (cacao 30% minimum)<\/p>\n<p>Ingr\u00e9dients : sucre, LAIT entier en poudre, beurre de cacao, masse de cacao, lactos\u00e9rum en poudre (LAIT), \u00e9mulsifiants : E322 (SOJA), E476, ar\u00f4me naturel de vanille<\/p>\n<p>Peut contenir : fruits \u00e0 coque, arachide, oeuf, gluten<\/p>\n<p>Chocolat fabriqu\u00e9 en UE<\/p>\n<p>F\u00e8ves de cacao origine non UE<\/p>\n","protected":false},"excerpt":{"rendered":"<p>Un petit chapeau de sorci\u00e8re chocolat au lait.<\/p>\n","protected":false},"featured_media":31685,"comment_status":"open","ping_status":"closed","template":"","meta":[],"product_cat":[584],"product_tag":[],"_links":{"self":[{"href":"https:\/\/confiserie-adam.fr\/boutique\/wp-json\/wp\/v2\/product\/31661"}],"collection":[{"href":"https:\/\/confiserie-adam.fr\/boutique\/wp-json\/wp\/v2\/product"}],"about":[{"href":"https:\/\/confiserie-adam.fr\/boutique\/wp-json\/wp\/v2\/types\/product"}],"replies":[{"embeddable":true,"href":"https:\/\/confiserie-adam.fr\/boutique\/wp-json\/wp\/v2\/comments?post=31661"}],"wp:featuredmedia":[{"embeddable":true,"href":"https:\/\/confiserie-adam.fr\/boutique\/wp-json\/wp\/v2\/media\/31685"}],"wp:attachment":[{"href":"https:\/\/confiserie-adam.fr\/boutique\/wp-json\/wp\/v2\/media?parent=31661"}],"wp:term":[{"taxonomy":"product_cat","embeddable":true,"href":"https:\/\/confiserie-adam.fr\/boutique\/wp-json\/wp\/v2\/product_cat?post=31661"},{"taxonomy":"product_tag","embeddable":true,"href":"https:\/\/confiserie-adam.fr\/boutique\/wp-json\/wp\/v2\/product_tag?post=31661"}],"curies":[{"name":"wp","href":"https:\/\/api.w.org\/{rel}","templated":true}]}}