{"id":31658,"date":"2023-10-11T15:11:35","date_gmt":"2023-10-11T13:11:35","guid":{"rendered":"https:\/\/confiserie-adam.fr\/boutique\/produit\/cache-pot-citrouille-garni\/"},"modified":"2026-03-28T08:26:40","modified_gmt":"2026-03-28T07:26:40","slug":"cache-pot-citrouille-garni","status":"publish","type":"product","link":"https:\/\/confiserie-adam.fr\/boutique\/produit\/cache-pot-citrouille-garni\/","title":{"rendered":"Cache pot citrouille garni"},"content":{"rendered":"<p>Cache pot citrouille garni de :<\/p>\n<ul>\n<li>Un sachet de cubes biscuits enrob\u00e9s de chocolat saveur madeleine<\/li>\n<li>Un sachet de noisettes enrob\u00e9es de chocolat au lait et chocolat noir<\/li>\n<li>Une r\u00e9glette de 8 carr\u00e9s de chocolat aux diff\u00e9rentes saveurs : chocolat noir raisins secs et amandes caram\u00e9lis\u00e9es, chocolat noir cranberries et noisettes caram\u00e9lis\u00e9es, chocolat au lait graines de s\u00e9same et griottes, chocolat au lait pomme et caramel<\/li>\n<\/ul>\n<p><strong>Confiserie Adam<\/strong><\/p>\n<p>Entreprise familiale qui a \u00e0 c\u0153ur ses clients. Vous offrir \u00e0 la fois le go\u00fbt, le plaisir gustatif et la qualit\u00e9.<\/p>\n<ul>\n<li>Fabrication fran\u00e7aise depuis 1912<\/li>\n<li>Entreprise du Patrimoine Vivant<\/li>\n<li>Ingr\u00e9dients de qualit\u00e9<\/li>\n<\/ul>\n<p>&nbsp;<\/p>\n<p><strong>Conseils de conservation<\/strong><\/p>\n<p>\u00c0 conserver \u00e0 l\u2019abri de la lumi\u00e8re et de l\u2019humidit\u00e9, dans un endroit frais et sec.<\/p>\n<p>&nbsp;<\/p>\n<p><strong><u>Ce produit contient<\/u><\/strong><\/p>\n<ul>\n<li>Sachet de cubes biscuit au chocolat<\/li>\n<\/ul>\n<p>Cubes de moelleux aux amandes enrob\u00e9s de chocolat blanc saveur madeleine, marbrage chocolat au lait<\/p>\n<p>Ingr\u00e9dients : chocolat blanc 59% (cacao 29% min.) (sucre, beurre de cacao, LAIT entier en poudre, \u00e9mulsifiant : l\u00e9cithine de SOJA, ar\u00f4me naturel de vanille), cube de moelleux amandes 39% (AMANDE 21%, sucre (sucre, f\u00e9cule), nappage \u00e0 l&#8217;abricot (sirop de glucose-fructose, sucre, pur\u00e9e d&#8217;abricot 1.6%), sirop de sucre inverti, blanc d&#8217;OEUF, ar\u00f4me, vernissage (sirop de glucose, sucre, agents d&#8217;enrobage : shellac, gomme d&#8217;acacia), chocolat au lait 0,1% (cacao 30% min.) (sucre, LAIT entier en poudre, beurre de cacao, masse de cacao, \u00e9mulsifiant : l\u00e9cithine de SOJA, ar\u00f4me naturel de vanille)<\/p>\n<p>Cube moelleux aux amandes et chocolats fabriqu\u00e9s en EU, f\u00e8ves de cacao origine non UE<\/p>\n<p>Peut contenir : autres fruits \u00e0 coque, gluten, arachides<\/p>\n<ul>\n<li>Sachet de noisette au chocolat<\/li>\n<\/ul>\n<p>Noisettes grill\u00e9es enrob\u00e9es de chocolat noir et chocolat au lait<\/p>\n<p>Ingr\u00e9dients : chocolat au lait 33% (cacao 30% min.) (sucre, LAIT entier en poudre, beurre de cacao, masse de cacao, \u00e9mulsifiant : l\u00e9cithine de SOJA, ar\u00f4me naturel de vanille, chocolat noir 33% (cacao 60% min.) (masse de cacao, sucre, beurre de cacao, \u00e9mulsifiant : l\u00e9cithine de SOJA), NOISETTE grill\u00e9e 33%, vernissage (sirop de glucose, sucre, agents d&#8217;enrobage, shellac, gomme d&#8217;acacia)<\/p>\n<p>Noisette origine UE, chocolats fabriqu\u00e9s en UE, f\u00e8ve de cacao origine non UE<\/p>\n<p>Peut contenir : autres fruits \u00e0 coque, gluten, oeuf, arachides<\/p>\n<ul>\n<li>Carr\u00e9s de chocolat : mix gourmand<\/li>\n<\/ul>\n<p>Chocolat noir 66% avec raisins secs 18% et amandes caram\u00e9lis\u00e9es 15%<\/p>\n<p>Ingr\u00e9dients : masse de cacao, sucre, raisins sec (raisins 99,5%, huile v\u00e9g\u00e9tale de tournesol, conservateur : sulfites), b\u00e2tonnet d&#8217;AMANDES caram\u00e9lis\u00e9es (AMANDES, sucre, sirop de glucose, miel), beurre de cacao, \u00e9mulsifiant : l\u00e9cithine de SOJA, ar\u00f4me naturel de vanille<\/p>\n<p>Chocolat noir 65% avec cranberries 17% et \u00e9clats de noisettes caram\u00e9lis\u00e9es 16%<\/p>\n<p>Ingr\u00e9dients : masse de cacao, sucre, cranberries (cranberries 65%, sucre, huile v\u00e9g\u00e9tale de tournesol), NOISETTES caram\u00e9lis\u00e9es (NOISETTES, sucre, sirop de glucose, miel), beurre de cacao, \u00e9mulsifiant : l\u00e9cithine de SOJA, ar\u00f4me naturel de vanille<\/p>\n<p>Chocolat au lait avec graines de s\u00e9same et \u00e9clats de griottes<\/p>\n<p>Ingr\u00e9dients : sucre, beurre de cacao, poudre de LAIT entier, masse de cacao, graine de S\u00c9SAME caram\u00e9lis\u00e9es 3% (graine de S\u00c9SAME 70%, sucre), \u00e9clats de cerises griottes lyophilis\u00e9es 2.5%, \u00e9mulsifiant : l\u00e9cithine de SOJA, ar\u00f4me naturel de SOJA, ar\u00f4me naturel de vanille<\/p>\n<p>Chocolat au lait avec pomme et \u00e9clats de caramel<\/p>\n<p>Ingr\u00e9dients : sucre, beurre de cacao, poudre de LAIT entier, masse de cacao, poudre de LAIT entier, masse de cacao, \u00e9clats de caramel 9% (sucre, sirop de glucose, LAIT entier en poudre, cr\u00e8me fra\u00eeche (LAIT), beurre sal\u00e9 (LAIT), sel, \u00e9mulsifiant : l\u00e9cithine de colza, pommes d\u00e9shydrat\u00e9es 4%, \u00e9mulsifiant : l\u00e9cithine de SOJA, ar\u00f4me naturel de vanille<\/p>\n<p>&nbsp;<\/p>\n<p>Chocolat noir : cacao 60% minimum<\/p>\n<p>Chocolat au lait : cacao 36% minimum<\/p>\n<p>F\u00e8ves de cacao : origine \u00c9quateur<\/p>\n<p>Traces possibles : oeuf, gluten, arachide, autres fruits \u00e0 coque<\/p>\n","protected":false},"excerpt":{"rendered":"<p>Un sachet de cube biscuit chocolat madeleine + un sachet de noisettes duo chocolats + r\u00e9glette d&#8217;assortiment de carr\u00e9s chocolat<\/p>\n","protected":false},"featured_media":31690,"comment_status":"open","ping_status":"closed","template":"","meta":[],"product_cat":[584],"product_tag":[],"_links":{"self":[{"href":"https:\/\/confiserie-adam.fr\/boutique\/wp-json\/wp\/v2\/product\/31658"}],"collection":[{"href":"https:\/\/confiserie-adam.fr\/boutique\/wp-json\/wp\/v2\/product"}],"about":[{"href":"https:\/\/confiserie-adam.fr\/boutique\/wp-json\/wp\/v2\/types\/product"}],"replies":[{"embeddable":true,"href":"https:\/\/confiserie-adam.fr\/boutique\/wp-json\/wp\/v2\/comments?post=31658"}],"wp:featuredmedia":[{"embeddable":true,"href":"https:\/\/confiserie-adam.fr\/boutique\/wp-json\/wp\/v2\/media\/31690"}],"wp:attachment":[{"href":"https:\/\/confiserie-adam.fr\/boutique\/wp-json\/wp\/v2\/media?parent=31658"}],"wp:term":[{"taxonomy":"product_cat","embeddable":true,"href":"https:\/\/confiserie-adam.fr\/boutique\/wp-json\/wp\/v2\/product_cat?post=31658"},{"taxonomy":"product_tag","embeddable":true,"href":"https:\/\/confiserie-adam.fr\/boutique\/wp-json\/wp\/v2\/product_tag?post=31658"}],"curies":[{"name":"wp","href":"https:\/\/api.w.org\/{rel}","templated":true}]}}