{"id":31656,"date":"2023-10-11T15:11:28","date_gmt":"2023-10-11T13:11:28","guid":{"rendered":"https:\/\/confiserie-adam.fr\/boutique\/produit\/assortiment-de-pralines-et-ganaches-second-choix\/"},"modified":"2026-04-04T11:16:07","modified_gmt":"2026-04-04T09:16:07","slug":"assortiment-de-pralines-et-ganaches-second-choix","status":"publish","type":"product","link":"https:\/\/confiserie-adam.fr\/boutique\/produit\/assortiment-de-pralines-et-ganaches-second-choix\/","title":{"rendered":"Assortiment de pralin\u00e9s et ganaches &#8211; Second choix"},"content":{"rendered":"<p>Assortiment de pralin\u00e9s et ganaches &#8211; Second choix<\/p>\n<p>Second choix : Quelques d\u00e9fauts esth\u00e9tiques diff\u00e9rencient ces produits, cependant la qualit\u00e9 gustative, la noblesse des ingr\u00e9dients ainsi que la fabrication restent identiques.<br \/>\nLe plaisir gourmand est inchang\u00e9 !<\/p>\n<p>&nbsp;<\/p>\n<p><strong>Confiserie Adam<\/strong><\/p>\n<p>Entreprise familiale qui a \u00e0 c\u0153ur ses clients. Vous offrir \u00e0 la fois le go\u00fbt, le plaisir gustatif et la qualit\u00e9.<\/p>\n<ul>\n<li>Fabrication fran\u00e7aise depuis 1912<\/li>\n<li>Entreprise du Patrimoine Vivant<\/li>\n<li>Ingr\u00e9dients de qualit\u00e9<\/li>\n<\/ul>\n<p>&nbsp;<\/p>\n<p><strong>Conseils de conservation<\/strong><\/p>\n<p>\u00c0 conserver \u00e0 l\u2019abri de la lumi\u00e8re et de l\u2019humidit\u00e9, dans un endroit frais et sec.<\/p>\n<p>&nbsp;<\/p>\n<p><strong><u>Ce produit contient<\/u><\/strong><\/p>\n<p>Assortiment de chocolat fourr\u00e9s et aromatis\u00e9s<\/p>\n<p>Ingr\u00e9dients : sucre, chocolats (26%, 30%, 54% min. de cacao) (sucre, p\u00e2te de cacao, beurre de cacao, poudre de LAIT entier, \u00e9mulsifiant : l\u00e9cithine de SOJA), pralin\u00e9 (NOISETTES, sucre), beurre de cacao, p\u00e2te d&#8217;AMANDE, poudre de LAIT, AMANDE, \u00e9corce d&#8217;orange et de citron, beurre p\u00e2tissier, huiles de palme, PISTACHE, sucre inverti, LACTOSE, stabilisant : sorbitol, NOIX, marrons, NOISETTE, farine de riz, farine \u00e9cr\u00e9m\u00e9, poudre de cacao, caf\u00e9, c\u00e9r\u00e9ales croustillantes, noix de coco, colorants (E100, E171, E174).<\/p>\n<p>Peut contenir : fruits \u00e0 coque, oeuf, arachides, graines de s\u00e9same, gluten.<\/p>\n","protected":false},"excerpt":{"rendered":"<p>Second choix : Quelques d\u00e9fauts esth\u00e9tiques diff\u00e9rencient ces produits, cependant la qualit\u00e9 gustative, la noblesse des ingr\u00e9dients ainsi que la fabrication restent identiques.<\/p>\n","protected":false},"featured_media":31670,"comment_status":"open","ping_status":"closed","template":"","meta":[],"product_cat":[743,772],"product_tag":[],"_links":{"self":[{"href":"https:\/\/confiserie-adam.fr\/boutique\/wp-json\/wp\/v2\/product\/31656"}],"collection":[{"href":"https:\/\/confiserie-adam.fr\/boutique\/wp-json\/wp\/v2\/product"}],"about":[{"href":"https:\/\/confiserie-adam.fr\/boutique\/wp-json\/wp\/v2\/types\/product"}],"replies":[{"embeddable":true,"href":"https:\/\/confiserie-adam.fr\/boutique\/wp-json\/wp\/v2\/comments?post=31656"}],"wp:featuredmedia":[{"embeddable":true,"href":"https:\/\/confiserie-adam.fr\/boutique\/wp-json\/wp\/v2\/media\/31670"}],"wp:attachment":[{"href":"https:\/\/confiserie-adam.fr\/boutique\/wp-json\/wp\/v2\/media?parent=31656"}],"wp:term":[{"taxonomy":"product_cat","embeddable":true,"href":"https:\/\/confiserie-adam.fr\/boutique\/wp-json\/wp\/v2\/product_cat?post=31656"},{"taxonomy":"product_tag","embeddable":true,"href":"https:\/\/confiserie-adam.fr\/boutique\/wp-json\/wp\/v2\/product_tag?post=31656"}],"curies":[{"name":"wp","href":"https:\/\/api.w.org\/{rel}","templated":true}]}}