{"id":29865,"date":"2023-06-15T11:05:44","date_gmt":"2023-06-15T09:05:44","guid":{"rendered":"https:\/\/confiserie-adam.fr\/boutique\/produit\/dragee-au-chocolat-71-coloris-eucalyptus\/"},"modified":"2026-03-31T09:06:41","modified_gmt":"2026-03-31T07:06:41","slug":"dragee-au-chocolat-71-coloris-eucalyptus","status":"publish","type":"product","link":"https:\/\/confiserie-adam.fr\/boutique\/produit\/dragee-au-chocolat-71-coloris-eucalyptus\/","title":{"rendered":"Drag\u00e9e au Chocolat 71% &#8211; Coloris Eucalyptus"},"content":{"rendered":"<p>Chocolat sous une fine couche de sucre &#8211; Coloris Eucalyptus<\/p>\n<p><em>Environ 80 pi\u00e8ces par sachet (donn\u00e9es \u00e0 titre indicatif \u00e0 plus ou moins 15 pi\u00e8ces).<\/em><\/p>\n<p>&nbsp;<\/p>\n<p><strong>Ingr\u00e9dients principaux :<\/strong><\/p>\n<ul>\n<li>Chocolat 71%<\/li>\n<li>Sucre<\/li>\n<\/ul>\n<p>&nbsp;<\/p>\n<p><strong>Confiserie Adam<\/strong><\/p>\n<p>Entreprise familiale qui a \u00e0 c\u0153ur ses clients. Vous offrir \u00e0 la fois le go\u00fbt, le plaisir gustatif et la qualit\u00e9.<\/p>\n<ul>\n<li>Fabrication fran\u00e7aise depuis 1912<\/li>\n<li>Entreprise du Patrimoine Vivant<\/li>\n<li>Ingr\u00e9dients de qualit\u00e9<\/li>\n<\/ul>\n<p>&nbsp;<\/p>\n<p><strong>Conseils de conservation<\/strong><\/p>\n<p>\u00c0 conserver \u00e0 l\u2019abri de la lumi\u00e8re et de l\u2019humidit\u00e9, dans un endroit frais et sec.<\/p>\n<p>&nbsp;<\/p>\n<p><strong><u>Ce produit contient<\/u><\/strong><\/p>\n<p>Drag\u00e9es au chocolat<\/p>\n<p>Ingr\u00e9dients : sucre, chocolat noir 48,43% (cacao 71% minimum) (masse de cacao, sucre, \u00e9mulsifiant : l\u00e9cithine de SOJA), ar\u00f4me naturel de vanille, agents d&#8217;enrobage (cire d&#8217;abeille blanche et jeune, cire de carnauba), colorant : E141ii.<\/p>\n<p>Chocolat fabriqu\u00e9 en UE. F\u00e8ve de cacao origine non UE. Sucre origine UE.<\/p>\n<p>Peut contenir : fruits \u00e0 coque, gluten, arachide, \u0153uf, lait.<\/p>\n","protected":false},"excerpt":{"rendered":"<p><span>Drag\u00e9e au chocolat 71% de cacao. Un chocolat gourmand.\u00a0<\/span><\/p>\n","protected":false},"featured_media":29873,"comment_status":"open","ping_status":"closed","template":"","meta":[],"product_cat":[30,46],"product_tag":[],"_links":{"self":[{"href":"https:\/\/confiserie-adam.fr\/boutique\/wp-json\/wp\/v2\/product\/29865"}],"collection":[{"href":"https:\/\/confiserie-adam.fr\/boutique\/wp-json\/wp\/v2\/product"}],"about":[{"href":"https:\/\/confiserie-adam.fr\/boutique\/wp-json\/wp\/v2\/types\/product"}],"replies":[{"embeddable":true,"href":"https:\/\/confiserie-adam.fr\/boutique\/wp-json\/wp\/v2\/comments?post=29865"}],"wp:featuredmedia":[{"embeddable":true,"href":"https:\/\/confiserie-adam.fr\/boutique\/wp-json\/wp\/v2\/media\/29873"}],"wp:attachment":[{"href":"https:\/\/confiserie-adam.fr\/boutique\/wp-json\/wp\/v2\/media?parent=29865"}],"wp:term":[{"taxonomy":"product_cat","embeddable":true,"href":"https:\/\/confiserie-adam.fr\/boutique\/wp-json\/wp\/v2\/product_cat?post=29865"},{"taxonomy":"product_tag","embeddable":true,"href":"https:\/\/confiserie-adam.fr\/boutique\/wp-json\/wp\/v2\/product_tag?post=29865"}],"curies":[{"name":"wp","href":"https:\/\/api.w.org\/{rel}","templated":true}]}}