{"id":29445,"date":"2023-05-22T16:05:41","date_gmt":"2023-05-22T14:05:41","guid":{"rendered":"https:\/\/confiserie-adam.fr\/boutique\/produit\/grain-de-cafe-chocolat-noir\/"},"modified":"2026-03-28T08:38:52","modified_gmt":"2026-03-28T07:38:52","slug":"grain-de-cafe-chocolat-noir","status":"publish","type":"product","link":"https:\/\/confiserie-adam.fr\/boutique\/produit\/grain-de-cafe-chocolat-noir\/","title":{"rendered":"Grain de caf\u00e9 chocolat noir"},"content":{"rendered":"<p>V\u00e9ritable grain de caf\u00e9 enrob\u00e9 de chocolat noir.<\/p>\n<p>&nbsp;<\/p>\n<p><strong>Confiserie Adam<\/strong><\/p>\n<p>Entreprise familiale qui a \u00e0 c\u0153ur ses clients. Vous offrir \u00e0 la fois le go\u00fbt, le plaisir gustatif et la qualit\u00e9.<\/p>\n<ul>\n<li>Fabrication fran\u00e7aise depuis 1912<\/li>\n<li>Entreprise du Patrimoine Vivant<\/li>\n<li>Ingr\u00e9dients de qualit\u00e9<\/li>\n<\/ul>\n<p>&nbsp;<\/p>\n<p><strong>Conseils de conservation<\/strong><\/p>\n<p>\u00c0 conserver \u00e0 l\u2019abri de la lumi\u00e8re et de l\u2019humidit\u00e9, dans un endroit frais et sec.<\/p>\n<p>&nbsp;<\/p>\n<p><strong><u>Ce produit contient<\/u><\/strong><\/p>\n<p>Grain de caf\u00e9 enrob\u00e9 de chocolat noir<\/p>\n<p>Ingr\u00e9dients : Chocolat noir 79% (cacao 60% minimum) (masse de cacao, sucre, beurre de cacao, \u00e9mulsifiant : l\u00e9cithine de SOJA), grain de caf\u00e9 19%, vernissage (sirop de glucose, sucre, agents d&#8217;enrobage : gomme d&#8217;acacia).<\/p>\n<p>Chocolat fabriqu\u00e9 en UE &#8211; F\u00e8ves de cacao et grains de caf\u00e9 origine non-UE.<\/p>\n<p>Peut contenir : fruits \u00e0 coque, gluten, arachides, lait, \u0153uf.<\/p>\n","protected":false},"excerpt":{"rendered":"<p>Un v\u00e9ritable grain de caf\u00e9 enrob\u00e9 de chocolat noir.<\/p>\n","protected":false},"featured_media":29509,"comment_status":"open","ping_status":"closed","template":"","meta":[],"product_cat":[563,572,27,29,44],"product_tag":[],"_links":{"self":[{"href":"https:\/\/confiserie-adam.fr\/boutique\/wp-json\/wp\/v2\/product\/29445"}],"collection":[{"href":"https:\/\/confiserie-adam.fr\/boutique\/wp-json\/wp\/v2\/product"}],"about":[{"href":"https:\/\/confiserie-adam.fr\/boutique\/wp-json\/wp\/v2\/types\/product"}],"replies":[{"embeddable":true,"href":"https:\/\/confiserie-adam.fr\/boutique\/wp-json\/wp\/v2\/comments?post=29445"}],"wp:featuredmedia":[{"embeddable":true,"href":"https:\/\/confiserie-adam.fr\/boutique\/wp-json\/wp\/v2\/media\/29509"}],"wp:attachment":[{"href":"https:\/\/confiserie-adam.fr\/boutique\/wp-json\/wp\/v2\/media?parent=29445"}],"wp:term":[{"taxonomy":"product_cat","embeddable":true,"href":"https:\/\/confiserie-adam.fr\/boutique\/wp-json\/wp\/v2\/product_cat?post=29445"},{"taxonomy":"product_tag","embeddable":true,"href":"https:\/\/confiserie-adam.fr\/boutique\/wp-json\/wp\/v2\/product_tag?post=29445"}],"curies":[{"name":"wp","href":"https:\/\/api.w.org\/{rel}","templated":true}]}}