{"id":29441,"date":"2023-05-22T16:05:20","date_gmt":"2023-05-22T14:05:20","guid":{"rendered":"https:\/\/confiserie-adam.fr\/boutique\/produit\/cube-biscuit-saveur-citron\/"},"modified":"2026-04-15T15:17:00","modified_gmt":"2026-04-15T13:17:00","slug":"cube-biscuit-saveur-citron","status":"publish","type":"product","link":"https:\/\/confiserie-adam.fr\/boutique\/produit\/cube-biscuit-saveur-citron\/","title":{"rendered":"Cube biscuit &#8211; saveur citron"},"content":{"rendered":"<p>Biscuit moelleux enrob\u00e9 de chocolat saveur tarte citron.<\/p>\n<p>&nbsp;<\/p>\n<p><strong>Confiserie Adam<\/strong><\/p>\n<p>Entreprise familiale qui a \u00e0 c\u0153ur ses clients. Vous offrir \u00e0 la fois le go\u00fbt, le plaisir gustatif et la qualit\u00e9.<\/p>\n<ul>\n<li>Fabrication fran\u00e7aise depuis 1912<\/li>\n<li>Entreprise du Patrimoine Vivant<\/li>\n<li>Ingr\u00e9dients de qualit\u00e9<\/li>\n<\/ul>\n<p>&nbsp;<\/p>\n<p><strong>Conseils de conservation<\/strong><\/p>\n<p>\u00c0 conserver \u00e0 l\u2019abri de la lumi\u00e8re et de l\u2019humidit\u00e9, dans un endroit frais et sec.<\/p>\n<p>&nbsp;<\/p>\n<p><strong><u>Ce produit contient<\/u><\/strong><\/p>\n<p>Cube de moelleux aux amandes enrob\u00e9s de chocolat blanc saveur citron\/citron vert, gla\u00e7age mouchet\u00e9 jaune.<\/p>\n<p>Ingr\u00e9dients : chocolat blanc 58% (cacao 29% minimum) (sucre, beurre de cacao, LAIT entier en poudre, \u00e9mulsifiant : l\u00e9cithine de SOJA, ar\u00f4me naturel de vanille), cube de moelleux aux amandes 38% (AMANDE 21%, sucre (sucre, f\u00e9cule), nappage \u00e0 l&#8217;abricot (sirop de glucose-fructose, sucre, pur\u00e9e d&#8217;abricot 1.6%), sirop de sucre inverti, blanc d&#8217;\u0152UF, ar\u00f4me LAIT ferment\u00e9 (LAIT ferment\u00e9 en poudre, sucre, acidifiants (acide malique, acide citrique), ar\u00f4me), ar\u00f4mes naturels de citron et de citron vert, vernissage (sirop de glucose, sucre, agents d&#8217;enrobage : shellac, gomme d&#8217;acacia), colorant E100.<\/p>\n<p>Cube de moelleux aux amandes et chocolat fabriqu\u00e9s en UE. F\u00e8ves de cacao origine non UE.<\/p>\n<p>Peut contenir : autres fruits \u00e0 coque, gluten, arachides.<\/p>\n","protected":false},"excerpt":{"rendered":"<p>Un cube moelleux enrob\u00e9 de chocolat saveur citron.<\/p>\n<p>&nbsp;<\/p>\n<p>&nbsp;<\/p>\n","protected":false},"featured_media":29503,"comment_status":"open","ping_status":"closed","template":"","meta":[],"product_cat":[589,596,29,44],"product_tag":[],"_links":{"self":[{"href":"https:\/\/confiserie-adam.fr\/boutique\/wp-json\/wp\/v2\/product\/29441"}],"collection":[{"href":"https:\/\/confiserie-adam.fr\/boutique\/wp-json\/wp\/v2\/product"}],"about":[{"href":"https:\/\/confiserie-adam.fr\/boutique\/wp-json\/wp\/v2\/types\/product"}],"replies":[{"embeddable":true,"href":"https:\/\/confiserie-adam.fr\/boutique\/wp-json\/wp\/v2\/comments?post=29441"}],"wp:featuredmedia":[{"embeddable":true,"href":"https:\/\/confiserie-adam.fr\/boutique\/wp-json\/wp\/v2\/media\/29503"}],"wp:attachment":[{"href":"https:\/\/confiserie-adam.fr\/boutique\/wp-json\/wp\/v2\/media?parent=29441"}],"wp:term":[{"taxonomy":"product_cat","embeddable":true,"href":"https:\/\/confiserie-adam.fr\/boutique\/wp-json\/wp\/v2\/product_cat?post=29441"},{"taxonomy":"product_tag","embeddable":true,"href":"https:\/\/confiserie-adam.fr\/boutique\/wp-json\/wp\/v2\/product_tag?post=29441"}],"curies":[{"name":"wp","href":"https:\/\/api.w.org\/{rel}","templated":true}]}}