{"id":29439,"date":"2023-05-22T16:05:07","date_gmt":"2023-05-22T14:05:07","guid":{"rendered":"https:\/\/confiserie-adam.fr\/boutique\/produit\/bonbons-dantan-briquette-fourrees-reglisse\/"},"modified":"2026-04-14T18:01:30","modified_gmt":"2026-04-14T16:01:30","slug":"bonbons-dantan-briquette-fourrees-reglisse","status":"publish","type":"product","link":"https:\/\/confiserie-adam.fr\/boutique\/produit\/bonbons-dantan-briquette-fourrees-reglisse\/","title":{"rendered":"Bonbons d&#8217;antan &#8211; briquette fourr\u00e9es r\u00e9glisse"},"content":{"rendered":"<p>Bonbon de sucre cuit fourr\u00e9 r\u00e9glisse.<\/p>\n<p>&nbsp;<\/p>\n<p><strong>Confiserie Adam<\/strong><\/p>\n<p>Entreprise familiale qui a \u00e0 c\u0153ur ses clients. Vous offrir \u00e0 la fois le go\u00fbt, le plaisir gustatif et la qualit\u00e9.<\/p>\n<ul>\n<li>Fabrication fran\u00e7aise depuis 1912<\/li>\n<li>Entreprise du Patrimoine Vivant<\/li>\n<li>Ingr\u00e9dients de qualit\u00e9<\/li>\n<\/ul>\n<p>&nbsp;<\/p>\n<p><strong>Conseils de conservation<\/strong><\/p>\n<p>\u00c0 conserver \u00e0 l\u2019abri de la lumi\u00e8re et de l\u2019humidit\u00e9, dans un endroit frais et sec.<\/p>\n<p>&nbsp;<\/p>\n<p><strong><u>Ce produit contient<\/u><\/strong><\/p>\n<p>Bonbon de sucre cuit aromatis\u00e9 et fourr\u00e9<\/p>\n<p>Ingr\u00e9dients : sucre (betteraves origine UE), sirop de glucose, poudre de r\u00e9glisse 1,5%, colorant : charbon v\u00e9g\u00e9tal, ar\u00f4me naturel de b\u00e9diane (an\u00e9thol).<\/p>\n<p>Sucre et r\u00e9glisse origine UE.<\/p>\n<p>Peut contenir : fruits \u00e0 coque, lait, soja, arachide, gluten, oeuf.<\/p>\n<p>Contient de la r\u00e9glisse, les personnes souffrant d&#8217;hypertension doivent \u00e9viter toute consommation excessive<\/p>\n","protected":false},"excerpt":{"rendered":"<p>Un bonbon de sucre cuit fourr\u00e9 r\u00e9glisse.<\/p>\n","protected":false},"featured_media":29508,"comment_status":"open","ping_status":"closed","template":"","meta":[],"product_cat":[15],"product_tag":[],"_links":{"self":[{"href":"https:\/\/confiserie-adam.fr\/boutique\/wp-json\/wp\/v2\/product\/29439"}],"collection":[{"href":"https:\/\/confiserie-adam.fr\/boutique\/wp-json\/wp\/v2\/product"}],"about":[{"href":"https:\/\/confiserie-adam.fr\/boutique\/wp-json\/wp\/v2\/types\/product"}],"replies":[{"embeddable":true,"href":"https:\/\/confiserie-adam.fr\/boutique\/wp-json\/wp\/v2\/comments?post=29439"}],"wp:featuredmedia":[{"embeddable":true,"href":"https:\/\/confiserie-adam.fr\/boutique\/wp-json\/wp\/v2\/media\/29508"}],"wp:attachment":[{"href":"https:\/\/confiserie-adam.fr\/boutique\/wp-json\/wp\/v2\/media?parent=29439"}],"wp:term":[{"taxonomy":"product_cat","embeddable":true,"href":"https:\/\/confiserie-adam.fr\/boutique\/wp-json\/wp\/v2\/product_cat?post=29439"},{"taxonomy":"product_tag","embeddable":true,"href":"https:\/\/confiserie-adam.fr\/boutique\/wp-json\/wp\/v2\/product_tag?post=29439"}],"curies":[{"name":"wp","href":"https:\/\/api.w.org\/{rel}","templated":true}]}}