{"id":288,"date":"2020-02-03T14:50:19","date_gmt":"2020-02-03T13:50:19","guid":{"rendered":"https:\/\/confiserie-adam.fr\/boutique\/produit\/oeuf-cigogne-hansi-175g\/"},"modified":"2026-04-02T15:52:43","modified_gmt":"2026-04-02T13:52:43","slug":"oeufs-de-cigogne-hansi","status":"publish","type":"product","link":"https:\/\/confiserie-adam.fr\/boutique\/produit\/oeufs-de-cigogne-hansi\/","title":{"rendered":"Oeufs de cigogne &#8211; Hansi"},"content":{"rendered":"<p>Pralin\u00e9 fondant sous une fine couche de sucre.<\/p>\n<p>&nbsp;<\/p>\n<p><strong>Ingr\u00e9dient principal :<\/strong><\/p>\n<ul>\n<li>Pralin\u00e9 noisette<\/li>\n<\/ul>\n<p>&nbsp;<\/p>\n<p><strong>Confiserie Adam<\/strong><\/p>\n<p>Entreprise familiale qui a \u00e0 c\u0153ur ses clients. Vous offrir \u00e0 la fois le go\u00fbt, le plaisir gustatif et la qualit\u00e9.<\/p>\n<ul>\n<li>Fabrication fran\u00e7aise depuis 1912<\/li>\n<li>Entreprise du Patrimoine Vivant<\/li>\n<li>Ingr\u00e9dients de qualit\u00e9<\/li>\n<\/ul>\n<p>&nbsp;<\/p>\n<p><strong>Conseils de conservation<\/strong><\/p>\n<p>A conserver \u00e0 l\u2019abri de la lumi\u00e8re et de l\u2019humidit\u00e9, dans un endroit frais et sec.<\/p>\n<p>&nbsp;<\/p>\n<p><strong><u>Ce produit contient <\/u><\/strong><\/p>\n<p>Oeuf en chocolat au lait fourr\u00e9 pralin\u00e9 noisette et drag\u00e9ifi\u00e9<\/p>\n<p>Ingredients: oeuf chocolat au lait fourr\u00e9 pralin\u00e9 noisette 60% (sucre, pralin\u00e9 noisettes 13% (NOISETTES, sucre), poudre de LAIT entier, beurre de cacao, cacao, BEURRE p\u00e2tissier (LAIT), \u00e9mulsifiant : l\u00e9cithine de SOJA, ar\u00f4mes), sucre, amidon de riz, stabilisant : gomme d&#8217;acacia, agents d&#8217;enrobage : E901, E903, E904, colorants : E141(ii), E153, ar\u00f4me naturel de vanille. Peut contenir d&#8217;autres fruits \u00e0 coque, oeuf, gluten, arachides, graines de s\u00e9same.<\/p>\n","protected":false},"excerpt":{"rendered":"<p>Un pralin\u00e9 fondant emprisonn\u00e9 sous une fine couche de sucre. La tradition alsacienne en une bouch\u00e9e !<\/p>\n","protected":false},"featured_media":323,"comment_status":"open","ping_status":"closed","template":"","meta":[],"product_cat":[48,656,27,34],"product_tag":[],"_links":{"self":[{"href":"https:\/\/confiserie-adam.fr\/boutique\/wp-json\/wp\/v2\/product\/288"}],"collection":[{"href":"https:\/\/confiserie-adam.fr\/boutique\/wp-json\/wp\/v2\/product"}],"about":[{"href":"https:\/\/confiserie-adam.fr\/boutique\/wp-json\/wp\/v2\/types\/product"}],"replies":[{"embeddable":true,"href":"https:\/\/confiserie-adam.fr\/boutique\/wp-json\/wp\/v2\/comments?post=288"}],"wp:featuredmedia":[{"embeddable":true,"href":"https:\/\/confiserie-adam.fr\/boutique\/wp-json\/wp\/v2\/media\/323"}],"wp:attachment":[{"href":"https:\/\/confiserie-adam.fr\/boutique\/wp-json\/wp\/v2\/media?parent=288"}],"wp:term":[{"taxonomy":"product_cat","embeddable":true,"href":"https:\/\/confiserie-adam.fr\/boutique\/wp-json\/wp\/v2\/product_cat?post=288"},{"taxonomy":"product_tag","embeddable":true,"href":"https:\/\/confiserie-adam.fr\/boutique\/wp-json\/wp\/v2\/product_tag?post=288"}],"curies":[{"name":"wp","href":"https:\/\/api.w.org\/{rel}","templated":true}]}}