{"id":27333,"date":"2023-03-23T15:13:12","date_gmt":"2023-03-23T14:13:12","guid":{"rendered":"https:\/\/confiserie-adam.fr\/boutique\/produit\/grand-lievre-chocolat-au-lait\/"},"modified":"2026-04-04T11:05:20","modified_gmt":"2026-04-04T09:05:20","slug":"grand-lievre-chocolat-au-lait","status":"publish","type":"product","link":"https:\/\/confiserie-adam.fr\/boutique\/produit\/grand-lievre-chocolat-au-lait\/","title":{"rendered":"Grand li\u00e8vre &#8211; chocolat au lait"},"content":{"rendered":"<p>Moulage chocolat au lait &#8211; Grand li\u00e8vre &#8211; H 36 cm<\/p>\n<p><span>Sans colorants &amp; 100% pur beurre de cacao.<\/span><\/p>\n<p>&nbsp;<\/p>\n<p><strong>Confiserie Adam<\/strong><\/p>\n<p>Entreprise familiale qui a \u00e0 c\u0153ur ses clients. Vous offrir \u00e0 la fois le go\u00fbt, le plaisir gustatif et la qualit\u00e9.<\/p>\n<ul>\n<li>Fabrication fran\u00e7aise depuis 1912<\/li>\n<li>Entreprise du Patrimoine Vivant<\/li>\n<li>Ingr\u00e9dients de qualit\u00e9<\/li>\n<\/ul>\n<p>&nbsp;<\/p>\n<p><strong>Conseils de conservation<\/strong><\/p>\n<p>\u00c0 conserver \u00e0 l\u2019abri de la lumi\u00e8re et de l\u2019humidit\u00e9, dans un endroit frais et sec.<\/p>\n<p>&nbsp;<\/p>\n<p><strong><u>Ce produit contient<\/u><\/strong><\/p>\n<p>Moulage chocolat au lait, d\u00e9cors blanc, \u0153uf en sucre int\u00e9rieur sirop de sucre aromatis\u00e9<\/p>\n<p>Chocolat au LAIT (cacao 30% min.)<\/p>\n<p>Ingr\u00e9dients : sucre, LAIT entier en poudre, beurre de cacao, masse de cacao, lactos\u00e9rum en poudre (LAIT), \u00e9mulsifiants : l\u00e9cithine de SOJA, E476, ar\u00f4me naturel de vanille.<\/p>\n<p>Peut contenir : fruits \u00e0 coque, gluten, \u0153uf, arachides.<\/p>\n<p>D\u00e9cor chocolat blanc (cacao 26% min)<\/p>\n<p>Ingr\u00e9dients : sucre, beurre de cacao, LAIT entier en poudre, lactos\u00e9rum en poudre (LAIT), \u00e9mulsifiant : l\u00e9cithine de SOJA, E476, ar\u00f4me naturel de vanille.<\/p>\n<p>\u0152uf en sucre, int\u00e9rieur sirop de sucre aromatis\u00e9<\/p>\n<p>Ingr\u00e9dients : sucre, eau, sirop de glucose, maltodextrine, ar\u00f4mes, colorants : E100 E120 E141 E160a, agents d&#8217;enrobage : cire d&#8217;abeille, mati\u00e8re grasse v\u00e9g\u00e9tale (palme), \u00e9paississant : agar agar<\/p>\n<p>Peut contenir : arachides, \u0153uf, lait, soja, fruits \u00e0 coque, gluten<\/p>\n","protected":false},"excerpt":{"rendered":"<p>Un grand li\u00e8vre pour les grands gourmands !<\/p>\n","protected":false},"featured_media":27342,"comment_status":"open","ping_status":"closed","template":"","meta":[],"product_cat":[48,654],"product_tag":[],"_links":{"self":[{"href":"https:\/\/confiserie-adam.fr\/boutique\/wp-json\/wp\/v2\/product\/27333"}],"collection":[{"href":"https:\/\/confiserie-adam.fr\/boutique\/wp-json\/wp\/v2\/product"}],"about":[{"href":"https:\/\/confiserie-adam.fr\/boutique\/wp-json\/wp\/v2\/types\/product"}],"replies":[{"embeddable":true,"href":"https:\/\/confiserie-adam.fr\/boutique\/wp-json\/wp\/v2\/comments?post=27333"}],"wp:featuredmedia":[{"embeddable":true,"href":"https:\/\/confiserie-adam.fr\/boutique\/wp-json\/wp\/v2\/media\/27342"}],"wp:attachment":[{"href":"https:\/\/confiserie-adam.fr\/boutique\/wp-json\/wp\/v2\/media?parent=27333"}],"wp:term":[{"taxonomy":"product_cat","embeddable":true,"href":"https:\/\/confiserie-adam.fr\/boutique\/wp-json\/wp\/v2\/product_cat?post=27333"},{"taxonomy":"product_tag","embeddable":true,"href":"https:\/\/confiserie-adam.fr\/boutique\/wp-json\/wp\/v2\/product_tag?post=27333"}],"curies":[{"name":"wp","href":"https:\/\/api.w.org\/{rel}","templated":true}]}}