{"id":26471,"date":"2023-03-08T11:52:56","date_gmt":"2023-03-08T10:52:56","guid":{"rendered":"https:\/\/confiserie-adam.fr\/boutique\/produit\/speculoossimo-second-choix\/"},"modified":"2026-04-15T18:19:37","modified_gmt":"2026-04-15T16:19:37","slug":"speculoossimo-second-choix","status":"publish","type":"product","link":"https:\/\/confiserie-adam.fr\/boutique\/produit\/speculoossimo-second-choix\/","title":{"rendered":"Speculoossimo &#8211; Second choix"},"content":{"rendered":"<p>Amande grill\u00e9e enrob\u00e9e de chocolat et p\u00e2te de sp\u00e9culoos &#8211; Second choix.<\/p>\n<p>Second choix : Quelques d\u00e9fauts esth\u00e9tiques diff\u00e9rencient ces produits, cependant la qualit\u00e9 gustative, la noblesse des ingr\u00e9dients ainsi que la fabrication restent identiques.<br \/>\nLe plaisir gourmand est inchang\u00e9 !<\/p>\n<p>&nbsp;<\/p>\n<p><strong>Confiserie Adam<\/strong><\/p>\n<p>Entreprise familiale qui a \u00e0 c\u0153ur ses clients. Vous offrir \u00e0 la fois le go\u00fbt, le plaisir gustatif et la qualit\u00e9.<\/p>\n<ul>\n<li>Fabrication fran\u00e7aise depuis 1912<\/li>\n<li>Entreprise du Patrimoine Vivant<\/li>\n<li>Ingr\u00e9dients de qualit\u00e9<\/li>\n<\/ul>\n<p>&nbsp;<\/p>\n<p><strong>Conseils de conservation<\/strong><\/p>\n<p>\u00c0 conserver \u00e0 l\u2019abri de la lumi\u00e8re et de l\u2019humidit\u00e9, dans un endroit frais et sec.<\/p>\n<p>&nbsp;<\/p>\n<p><strong><u>Ce produit contient<\/u><\/strong><\/p>\n<p>Amande grill\u00e9e enrob\u00e9e de chocolat blanc et de p\u00e2te de sp\u00e9culoos drag\u00e9ifi\u00e9<\/p>\n<p>Ingr\u00e9dients : sucre, chocolat blanc 29% (cacao 32% min.) (sucre, beurre de cacao, LAIT entier en poudre, LAIT \u00e9cr\u00e9m\u00e9 en poudre, mati\u00e8res grasses LAITI\u00c8RES, LACTOS\u00c9RUM en poudre, \u00e9mulsifiant : E322 (tournesol), ar\u00f4me), AMANDE grill\u00e9e 15%, p\u00e2te de sp\u00e9culoos 13% (sp\u00e9culoos 7.8% (farine de BLE, sucre, huiles v\u00e9g\u00e9tales (palme, colza), sirop de sucre candi, poudre \u00e0 lever : E500, sel, cannelle), huiles v\u00e9g\u00e9tales (colza), sucre, huiles v\u00e9g\u00e9tales totalement hydrog\u00e9n\u00e9es (palme, colza), \u00e9mulsifiants (E322 (tournesol), E472c), ar\u00f4me, acidifiant : E330)), amidon de riz, stabilisant : E414, sucre glace (sucre, f\u00e9cule de pomme de terre), ar\u00f4mes, beurre de cacao, agents d&#8217;enrobage (E901, E903, E904), colorants (E102, E104, E124, E132).<\/p>\n<p>E102, E104, E124 : peut avoir des effets ind\u00e9sirables sur l&#8217;activit\u00e9 et l&#8217;attention chez les enfants.<\/p>\n<p>Chocolat et p\u00e2te de sp\u00e9culoos fabriqu\u00e9s en UE. F\u00e8ves de cacao et amande origine non UE.<\/p>\n<p>Peut contenir : autres fruits \u00e0 coque, arachides, \u0153uf, soja.<\/p>\n","protected":false},"excerpt":{"rendered":"<p><span>Second choix : Quelques d\u00e9fauts esth\u00e9tiques diff\u00e9rencient ces produits, cependant la qualit\u00e9 gustative, la noblesse des ingr\u00e9dients ainsi que la fabrication restent identiques.<\/span><\/p>\n","protected":false},"featured_media":26760,"comment_status":"open","ping_status":"closed","template":"","meta":[],"product_cat":[743],"product_tag":[],"_links":{"self":[{"href":"https:\/\/confiserie-adam.fr\/boutique\/wp-json\/wp\/v2\/product\/26471"}],"collection":[{"href":"https:\/\/confiserie-adam.fr\/boutique\/wp-json\/wp\/v2\/product"}],"about":[{"href":"https:\/\/confiserie-adam.fr\/boutique\/wp-json\/wp\/v2\/types\/product"}],"replies":[{"embeddable":true,"href":"https:\/\/confiserie-adam.fr\/boutique\/wp-json\/wp\/v2\/comments?post=26471"}],"wp:featuredmedia":[{"embeddable":true,"href":"https:\/\/confiserie-adam.fr\/boutique\/wp-json\/wp\/v2\/media\/26760"}],"wp:attachment":[{"href":"https:\/\/confiserie-adam.fr\/boutique\/wp-json\/wp\/v2\/media?parent=26471"}],"wp:term":[{"taxonomy":"product_cat","embeddable":true,"href":"https:\/\/confiserie-adam.fr\/boutique\/wp-json\/wp\/v2\/product_cat?post=26471"},{"taxonomy":"product_tag","embeddable":true,"href":"https:\/\/confiserie-adam.fr\/boutique\/wp-json\/wp\/v2\/product_tag?post=26471"}],"curies":[{"name":"wp","href":"https:\/\/api.w.org\/{rel}","templated":true}]}}