{"id":26174,"date":"2023-02-27T09:42:16","date_gmt":"2023-02-27T08:42:16","guid":{"rendered":"https:\/\/confiserie-adam.fr\/boutique\/produit\/mireille-chocolat-au-lait\/"},"modified":"2026-03-31T10:53:32","modified_gmt":"2026-03-31T08:53:32","slug":"mireille-chocolat-au-lait-date-courte","status":"publish","type":"product","link":"https:\/\/confiserie-adam.fr\/boutique\/produit\/mireille-chocolat-au-lait-date-courte\/","title":{"rendered":"Mireille &#8211; Chocolat au lait &#8211; Date Courte"},"content":{"rendered":"<p>Moulage chocolat au lait &#8211; Mireille l&#8217;abeille &#8211; H 15 cm<\/p>\n<p>DLUO : 06\/2025<\/p>\n<p><span>Sans colorants &amp; 100% pur beurre de cacao.<\/span><\/p>\n<p>&nbsp;<\/p>\n<p><strong>Confiserie Adam<\/strong><\/p>\n<p>Entreprise familiale qui a \u00e0 c\u0153ur ses clients. Vous offrir \u00e0 la fois le go\u00fbt, le plaisir gustatif et la qualit\u00e9.<\/p>\n<ul>\n<li>Fabrication fran\u00e7aise depuis 1912<\/li>\n<li>Entreprise du Patrimoine Vivant<\/li>\n<li>Ingr\u00e9dients de qualit\u00e9<\/li>\n<\/ul>\n<p>&nbsp;<\/p>\n<p><strong>Conseils de conservation<\/strong><\/p>\n<p>\u00c0 conserver \u00e0 l\u2019abri de la lumi\u00e8re et de l\u2019humidit\u00e9, dans un endroit frais et sec.<\/p>\n<p>&nbsp;<\/p>\n<p><strong><u>Ce produit contient<\/u><\/strong><\/p>\n<p><strong>Moulage en chocolat au lait d\u00e9cor chocolat noir et chocolat blanc <\/strong><\/p>\n<p><strong>Chocolat au LAIT : cacao 30% min.<\/strong>&#8211; Ingr\u00e9dients: sucre, LAIT entier en poudre, beurre de cacao, masse de cacao, lactos\u00e9rum en poudre (LAIT), \u00e9mulsifiants: l\u00e9cithine (SOJA), E476, ar\u00f4me naturel de vanille.<\/p>\n<p><strong>D\u00e9cor chocolat blanc (cacao 26% min.)<\/strong>&#8211; Ingr\u00e9dients: sucre, beurre de cacao, LAIT entier en poudre, lactos\u00e9rum en poudre (LAIT), \u00e9mulsifiants: l\u00e9cithine (SOJA), E476, ar\u00f4me naturel de vanille.<\/p>\n<p><strong>D\u00e9cor chocolat noir (cacao 70% min.)<\/strong>&#8211; Ingr\u00e9dients: masse de cacao, sucre, \u00e9mulsifiant: l\u00e9cithine (SOJA).<\/p>\n","protected":false},"excerpt":{"rendered":"<p>Une mignonne abeille au chocolat au lait.<\/p>\n<p>DLUO : 06\/2025<\/p>\n","protected":false},"featured_media":26199,"comment_status":"open","ping_status":"closed","template":"","meta":[],"product_cat":[48,654],"product_tag":[],"_links":{"self":[{"href":"https:\/\/confiserie-adam.fr\/boutique\/wp-json\/wp\/v2\/product\/26174"}],"collection":[{"href":"https:\/\/confiserie-adam.fr\/boutique\/wp-json\/wp\/v2\/product"}],"about":[{"href":"https:\/\/confiserie-adam.fr\/boutique\/wp-json\/wp\/v2\/types\/product"}],"replies":[{"embeddable":true,"href":"https:\/\/confiserie-adam.fr\/boutique\/wp-json\/wp\/v2\/comments?post=26174"}],"wp:featuredmedia":[{"embeddable":true,"href":"https:\/\/confiserie-adam.fr\/boutique\/wp-json\/wp\/v2\/media\/26199"}],"wp:attachment":[{"href":"https:\/\/confiserie-adam.fr\/boutique\/wp-json\/wp\/v2\/media?parent=26174"}],"wp:term":[{"taxonomy":"product_cat","embeddable":true,"href":"https:\/\/confiserie-adam.fr\/boutique\/wp-json\/wp\/v2\/product_cat?post=26174"},{"taxonomy":"product_tag","embeddable":true,"href":"https:\/\/confiserie-adam.fr\/boutique\/wp-json\/wp\/v2\/product_tag?post=26174"}],"curies":[{"name":"wp","href":"https:\/\/api.w.org\/{rel}","templated":true}]}}