{"id":2533,"date":"2020-04-03T14:49:38","date_gmt":"2020-04-03T12:49:38","guid":{"rendered":"https:\/\/confiserie-adam.fr\/boutique\/?post_type=product&#038;p=2533"},"modified":"2026-04-13T09:53:34","modified_gmt":"2026-04-13T07:53:34","slug":"oeufs-praline-gianduja","status":"publish","type":"product","link":"https:\/\/confiserie-adam.fr\/boutique\/produit\/oeufs-praline-gianduja\/","title":{"rendered":"Oeufs pralin\u00e9 &#8211; Gianduja"},"content":{"rendered":"<p><span>Oeufs chocolat au lait fourr\u00e9s pralin\u00e9 Gianduja.<\/span><\/p>\n<p>&nbsp;<\/p>\n<p><strong>Ingr\u00e9dients principaux :<\/strong><\/p>\n<ul>\n<li>Pralin\u00e9 Gianduja fondant<\/li>\n<li>Chocolat au lait<\/li>\n<\/ul>\n<p>&nbsp;<\/p>\n<p><strong>Confiserie Adam<\/strong><\/p>\n<p>Entreprise familiale qui a \u00e0 c\u0153ur ses clients. Vous offrir \u00e0 la fois le go\u00fbt, le plaisir gustatif et la qualit\u00e9.<\/p>\n<ul>\n<li>Fabrication fran\u00e7aise depuis 1912<\/li>\n<li>Entreprise du Patrimoine Vivant<\/li>\n<li>Ingr\u00e9dients de qualit\u00e9<\/li>\n<\/ul>\n<p>&nbsp;<\/p>\n<p><strong>Conseils de conservation<\/strong><\/p>\n<p>A conserver \u00e0 l\u2019abri de la lumi\u00e8re et de l\u2019humidit\u00e9, dans un endroit frais et sec.<\/p>\n<p>&nbsp;<\/p>\n<p><strong><u>Ce produit contient <\/u><\/strong><\/p>\n<p>Ingr\u00e9dients: Sucre, poudre de LAIT entier, beurre de cacao, masse de cacao, NOISETTES, BEURRE p\u00e2tissier, \u00e9mulsifiant\u00a0: l\u00e9cithine de SOJA, ar\u00f4mes. Peut contenir d\u2019autres fruits \u00e0 coque, \u0153uf, gluten, s\u00e9same.<\/p>\n","protected":false},"excerpt":{"rendered":"<p>De fondants petits oeufs au pralin\u00e9 gianduja pour partir \u00e0 la chasse.<\/p>\n","protected":false},"featured_media":54184,"comment_status":"open","ping_status":"closed","template":"","meta":[],"product_cat":[48,657],"product_tag":[],"_links":{"self":[{"href":"https:\/\/confiserie-adam.fr\/boutique\/wp-json\/wp\/v2\/product\/2533"}],"collection":[{"href":"https:\/\/confiserie-adam.fr\/boutique\/wp-json\/wp\/v2\/product"}],"about":[{"href":"https:\/\/confiserie-adam.fr\/boutique\/wp-json\/wp\/v2\/types\/product"}],"replies":[{"embeddable":true,"href":"https:\/\/confiserie-adam.fr\/boutique\/wp-json\/wp\/v2\/comments?post=2533"}],"wp:featuredmedia":[{"embeddable":true,"href":"https:\/\/confiserie-adam.fr\/boutique\/wp-json\/wp\/v2\/media\/54184"}],"wp:attachment":[{"href":"https:\/\/confiserie-adam.fr\/boutique\/wp-json\/wp\/v2\/media?parent=2533"}],"wp:term":[{"taxonomy":"product_cat","embeddable":true,"href":"https:\/\/confiserie-adam.fr\/boutique\/wp-json\/wp\/v2\/product_cat?post=2533"},{"taxonomy":"product_tag","embeddable":true,"href":"https:\/\/confiserie-adam.fr\/boutique\/wp-json\/wp\/v2\/product_tag?post=2533"}],"curies":[{"name":"wp","href":"https:\/\/api.w.org\/{rel}","templated":true}]}}