{"id":25299,"date":"2023-01-06T11:50:10","date_gmt":"2023-01-06T10:50:10","guid":{"rendered":"https:\/\/confiserie-adam.fr\/boutique\/produit\/copains-neige-chocolat-noir\/"},"modified":"2026-04-14T18:07:43","modified_gmt":"2026-04-14T16:07:43","slug":"copains-neige-chocolat-noir","status":"publish","type":"product","link":"https:\/\/confiserie-adam.fr\/boutique\/produit\/copains-neige-chocolat-noir\/","title":{"rendered":"Copains Neige \u2013 Chocolat noir"},"content":{"rendered":"<p>Moulage chocolat noir &#8211; Copains Neige &#8211; H12cm<\/p>\n<p><span>Sans colorants &amp; 100% pur beurre de cacao.<\/span><\/p>\n<p>&nbsp;<\/p>\n<p><strong>Confiserie Adam<\/strong><\/p>\n<p>Entreprise familiale qui a \u00e0 c\u0153ur ses clients. Vous offrir \u00e0 la fois le go\u00fbt, le plaisir gustatif et la qualit\u00e9.<\/p>\n<ul>\n<li>Fabrication fran\u00e7aise depuis 1912<\/li>\n<li>Entreprise du Patrimoine Vivant<\/li>\n<li>Ingr\u00e9dients de qualit\u00e9<\/li>\n<\/ul>\n<p>&nbsp;<\/p>\n<p><strong>Conseils de conservation<\/strong><\/p>\n<p>A conserver \u00e0 l\u2019abri de la lumi\u00e8re et de l\u2019humidit\u00e9, dans un endroit frais et sec.<\/p>\n<p>&nbsp;<\/p>\n<p><strong><u>Ce produit contient<\/u><\/strong><\/p>\n<p><strong>Moulage chocolat noir (cacao 70% min.) <\/strong><\/p>\n<p><strong>Ingr\u00e9dients\u00a0: <\/strong>masse de cacao, sucre, \u00e9mulsifiant\u00a0: l\u00e9cithine de SOJA. Peut contenir\u00a0: fruits \u00e0 coque, gluten, \u0153uf, arachides, lait.<\/p>\n","protected":false},"excerpt":{"rendered":"<p>Un duo P\u00e8re-No\u00ebl et Bonhomme de neige au chocolat noir.<\/p>\n","protected":false},"featured_media":25303,"comment_status":"open","ping_status":"closed","template":"","meta":[],"product_cat":[589,592],"product_tag":[],"_links":{"self":[{"href":"https:\/\/confiserie-adam.fr\/boutique\/wp-json\/wp\/v2\/product\/25299"}],"collection":[{"href":"https:\/\/confiserie-adam.fr\/boutique\/wp-json\/wp\/v2\/product"}],"about":[{"href":"https:\/\/confiserie-adam.fr\/boutique\/wp-json\/wp\/v2\/types\/product"}],"replies":[{"embeddable":true,"href":"https:\/\/confiserie-adam.fr\/boutique\/wp-json\/wp\/v2\/comments?post=25299"}],"wp:featuredmedia":[{"embeddable":true,"href":"https:\/\/confiserie-adam.fr\/boutique\/wp-json\/wp\/v2\/media\/25303"}],"wp:attachment":[{"href":"https:\/\/confiserie-adam.fr\/boutique\/wp-json\/wp\/v2\/media?parent=25299"}],"wp:term":[{"taxonomy":"product_cat","embeddable":true,"href":"https:\/\/confiserie-adam.fr\/boutique\/wp-json\/wp\/v2\/product_cat?post=25299"},{"taxonomy":"product_tag","embeddable":true,"href":"https:\/\/confiserie-adam.fr\/boutique\/wp-json\/wp\/v2\/product_tag?post=25299"}],"curies":[{"name":"wp","href":"https:\/\/api.w.org\/{rel}","templated":true}]}}