{"id":25237,"date":"2023-01-03T09:41:25","date_gmt":"2023-01-03T08:41:25","guid":{"rendered":"https:\/\/confiserie-adam.fr\/boutique\/produit\/coffret-ferme-2\/"},"modified":"2026-04-23T18:48:53","modified_gmt":"2026-04-23T16:48:53","slug":"kit-chasse-aux-oeufs","status":"publish","type":"product","link":"https:\/\/confiserie-adam.fr\/boutique\/produit\/kit-chasse-aux-oeufs\/","title":{"rendered":"Kit chasse aux oeufs"},"content":{"rendered":"<p>Contient :<\/p>\n<p>170gr de moulage : 2 lapins chocolat au lait<\/p>\n<p>+ 7 \u0153ufs creux chocolat au lait<\/p>\n<p>+ 50gr de soufflages de P\u00e2ques<\/p>\n<p>&nbsp;<\/p>\n<p><strong>Confiserie Adam<\/strong><\/p>\n<p>Entreprise familiale qui a \u00e0 c\u0153ur ses clients. Vous offrir \u00e0 la fois le go\u00fbt, le plaisir gustatif et la qualit\u00e9.<\/p>\n<ul>\n<li>Fabrication fran\u00e7aise depuis 1912<\/li>\n<li>Entreprise du Patrimoine Vivant<\/li>\n<li>Ingr\u00e9dients de qualit\u00e9<\/li>\n<\/ul>\n<p>&nbsp;<\/p>\n<p><strong>Conseils de conservation<\/strong><\/p>\n<p>\u00c0 conserver \u00e0 l\u2019abri de la lumi\u00e8re et de l\u2019humidit\u00e9, dans un endroit frais et sec.<\/p>\n<p>&nbsp;<\/p>\n<p><strong><u>Ce produit contient<\/u><\/strong><\/p>\n<p><strong>Moulage chocolat au lait d\u00e9cor\u00e9 :<\/strong> Ingr\u00e9dients : sucre, LAIT entier en poudre, beurre de cacao, masse de cacao (origine non-UE), lactos\u00e9rum en poudre (LAIT), \u00e9mulsifiants (l\u00e9cithine de SOJA, E476), ar\u00f4me naturel de vanille. Chocolat au lait : cacao 30% minimum.<\/p>\n<p><strong>Coque en sucre, int\u00e9rieur sirop de sucre aromatis\u00e9 :<\/strong> Ingr\u00e9dients : sucre (origine UE), eau, sirop de glucose, maltodextrine, ar\u00f4mes, colorants (E100, E120, E141, E160a), agent d\u2019enrobage (cire d\u2019abeilles blanche et jaune, graisse v\u00e9g\u00e9tale (palme)), \u00e9paississant : agar-agar. Peut contenir : fruits \u00e0 coque, arachide, \u0153uf, gluten, lait, soja.<\/p>\n<p><strong>\u0152uf creux<\/strong> : chocolat au lait (cacao 31% min.) &#8211; Ingr\u00e9dients : sucre, beurre de cacao, LAIT entier en poudre, masse de cacao, \u00e9mulsifiant : l\u00e9cithine de SOJA, ar\u00f4me.<\/p>\n<p><strong>Meringues fantaisie aromatis\u00e9es\u00a0:<\/strong> Ingr\u00e9dients : sucre (origine UE), sirop de glucose, g\u00e9lifiant : g\u00e9latine, acidifiant : acide citrique, ar\u00f4mes, concentr\u00e9 de carthame, colorants : complexes cuivriques de chlorophyllines, rouge de betterave.<\/p>\n","protected":false},"excerpt":{"rendered":"<p>Un kit tout pr\u00eat pour une chasse aux \u0153ufs r\u00e9ussie !<\/p>\n","protected":false},"featured_media":44765,"comment_status":"open","ping_status":"closed","template":"","meta":[],"product_cat":[48,654,658],"product_tag":[],"_links":{"self":[{"href":"https:\/\/confiserie-adam.fr\/boutique\/wp-json\/wp\/v2\/product\/25237"}],"collection":[{"href":"https:\/\/confiserie-adam.fr\/boutique\/wp-json\/wp\/v2\/product"}],"about":[{"href":"https:\/\/confiserie-adam.fr\/boutique\/wp-json\/wp\/v2\/types\/product"}],"replies":[{"embeddable":true,"href":"https:\/\/confiserie-adam.fr\/boutique\/wp-json\/wp\/v2\/comments?post=25237"}],"wp:featuredmedia":[{"embeddable":true,"href":"https:\/\/confiserie-adam.fr\/boutique\/wp-json\/wp\/v2\/media\/44765"}],"wp:attachment":[{"href":"https:\/\/confiserie-adam.fr\/boutique\/wp-json\/wp\/v2\/media?parent=25237"}],"wp:term":[{"taxonomy":"product_cat","embeddable":true,"href":"https:\/\/confiserie-adam.fr\/boutique\/wp-json\/wp\/v2\/product_cat?post=25237"},{"taxonomy":"product_tag","embeddable":true,"href":"https:\/\/confiserie-adam.fr\/boutique\/wp-json\/wp\/v2\/product_tag?post=25237"}],"curies":[{"name":"wp","href":"https:\/\/api.w.org\/{rel}","templated":true}]}}