{"id":23380,"date":"2022-10-14T15:31:08","date_gmt":"2022-10-14T13:31:08","guid":{"rendered":"https:\/\/confiserie-adam.fr\/boutique\/produit\/sachet-garni-bio-chocolat-au-lait-3\/"},"modified":"2026-03-28T08:39:11","modified_gmt":"2026-03-28T07:39:11","slug":"sachet-garni-bio-chocolat-noir-2","status":"publish","type":"product","link":"https:\/\/confiserie-adam.fr\/boutique\/produit\/sachet-garni-bio-chocolat-noir-2\/","title":{"rendered":"Sachet garni Bio &#8211; chocolat noir"},"content":{"rendered":"<p>Sachet garni Bio, contient :<\/p>\n<ul>\n<li>1 moulage chocolat noir Bio (mod\u00e8le al\u00e9atoire)<\/li>\n<li>1 sachet guimauve enrob\u00e9e chocolat noir Bio<\/li>\n<li>1 tablette de chocolat noir aux \u00e9clats d&#8217;amandes ou de noisettes Bio<\/li>\n<\/ul>\n<p>&nbsp;<\/p>\n<p><strong>Confiserie Adam<\/strong><\/p>\n<p>Entreprise familiale qui a \u00e0 c\u0153ur ses clients. Vous offrir \u00e0 la fois le go\u00fbt, le plaisir gustatif et la qualit\u00e9.<\/p>\n<ul>\n<li>Fabrication fran\u00e7aise depuis 1912<\/li>\n<li>Entreprise du Patrimoine Vivant<\/li>\n<li>Ingr\u00e9dients de qualit\u00e9<\/li>\n<\/ul>\n<p>&nbsp;<\/p>\n<p><strong>Conseils de conservation<\/strong><\/p>\n<p>\u00c0 conserver \u00e0 l\u2019abri de la lumi\u00e8re et de l\u2019humidit\u00e9, dans un endroit frais et sec.<\/p>\n<p>&nbsp;<\/p>\n<p><strong><u>Ce produit contient<\/u><\/strong><\/p>\n<p><strong>Moulages en chocolat noir BIO<\/strong> (cacao 74% min) &#8211; Ingr\u00e9dients: Masse de cacao*, sucre*, beurre de cacao*, vanille en poudre*.<\/p>\n<p><strong>Guimauve enrob\u00e9e de chocolat noir <\/strong>&#8211; Ingr\u00e9dients : Chocolat noir* 69% (cacao 74% min.) (masse de cacao*, sucre*, beurre de cacao*, vanille en poudre*), \u0153uf guimauve* 29% (sucre*, sirop de glucose*, dextrose*, g\u00e9lifiant : g\u00e9latine*, agent d\u2019enrobage : huile de tournesol*, cire de carnauba*), agent d&#8217;enrobage* (gomme d&#8217;acacia*, saccharose*, miel*).<\/p>\n<p><strong>Tablette Bio chocolat noir \u00e9clats de noisette <\/strong>&#8211; Ingr\u00e9dients: Chocolat noir* 90% (cacao 74% min)(Masse de cacao*, sucre*, beurre de cacao*, vanille en poudre*), NOISETTES* grill\u00e9es 10%.<\/p>\n<p><strong>Tablette Bio chocolat noir \u00e9clats d\u2019amande &#8211;<\/strong> Ingr\u00e9dients: Chocolat noir* 90% (cacao 74% min.)(Masse de cacao*, sucre*, beurre de cacao*, vanille en poudre*), AMANDES* grill\u00e9es 10%.<\/p>\n","protected":false},"excerpt":{"rendered":"<p>Un sachet garni de chocolat noir Bio : moulage (mod\u00e8le al\u00e9atoire), guimauve au chocolat et tablette.<\/p>\n","protected":false},"featured_media":23456,"comment_status":"open","ping_status":"closed","template":"","meta":[],"product_cat":[589,590,595],"product_tag":[],"_links":{"self":[{"href":"https:\/\/confiserie-adam.fr\/boutique\/wp-json\/wp\/v2\/product\/23380"}],"collection":[{"href":"https:\/\/confiserie-adam.fr\/boutique\/wp-json\/wp\/v2\/product"}],"about":[{"href":"https:\/\/confiserie-adam.fr\/boutique\/wp-json\/wp\/v2\/types\/product"}],"replies":[{"embeddable":true,"href":"https:\/\/confiserie-adam.fr\/boutique\/wp-json\/wp\/v2\/comments?post=23380"}],"wp:featuredmedia":[{"embeddable":true,"href":"https:\/\/confiserie-adam.fr\/boutique\/wp-json\/wp\/v2\/media\/23456"}],"wp:attachment":[{"href":"https:\/\/confiserie-adam.fr\/boutique\/wp-json\/wp\/v2\/media?parent=23380"}],"wp:term":[{"taxonomy":"product_cat","embeddable":true,"href":"https:\/\/confiserie-adam.fr\/boutique\/wp-json\/wp\/v2\/product_cat?post=23380"},{"taxonomy":"product_tag","embeddable":true,"href":"https:\/\/confiserie-adam.fr\/boutique\/wp-json\/wp\/v2\/product_tag?post=23380"}],"curies":[{"name":"wp","href":"https:\/\/api.w.org\/{rel}","templated":true}]}}