{"id":23378,"date":"2022-10-14T15:31:01","date_gmt":"2022-10-14T13:31:01","guid":{"rendered":"https:\/\/confiserie-adam.fr\/boutique\/produit\/botte-du-pere-noel-chocolat-au-lait\/"},"modified":"2026-03-28T08:34:56","modified_gmt":"2026-03-28T07:34:56","slug":"botte-du-pere-noel-chocolat-au-lait","status":"publish","type":"product","link":"https:\/\/confiserie-adam.fr\/boutique\/produit\/botte-du-pere-noel-chocolat-au-lait\/","title":{"rendered":"Botte du P\u00e8re No\u00ebl \u2013 Chocolat au lait"},"content":{"rendered":"<p>Moulage chocolat au lait &amp; escargots pralin\u00e9\u2013 Botte du P\u00e8re-No\u00ebl<\/p>\n<p>Moulage sans colorants &amp; 100% pur beurre de cacao.<\/p>\n<p>&nbsp;<\/p>\n<p><strong>Confiserie Adam<\/strong><\/p>\n<p>Entreprise familiale qui a \u00e0 c\u0153ur ses clients. Vous offrir \u00e0 la fois le go\u00fbt, le plaisir gustatif et la qualit\u00e9.<\/p>\n<ul>\n<li>Fabrication fran\u00e7aise depuis 1912<\/li>\n<li>Entreprise du Patrimoine Vivant<\/li>\n<li>Ingr\u00e9dients de qualit\u00e9<\/li>\n<\/ul>\n<p>&nbsp;<\/p>\n<p><strong>Conseils de conservation<\/strong><\/p>\n<p>\u00c0 conserver \u00e0 l\u2019abri de la lumi\u00e8re et de l\u2019humidit\u00e9, dans un endroit frais et sec.<\/p>\n<p>&nbsp;<\/p>\n<p><strong><u>Ce produit contient<\/u><\/strong><\/p>\n<p><strong>Moulage chocolat au lait avec 6 escargots pralin\u00e9 <\/strong>&#8211; <strong>Chocolat au LAIT : cacao 30% min.<\/strong>&#8211; Ingr\u00e9dients: sucre, LAIT entier en poudre, beurre de cacao, masse de cacao, lactos\u00e9rum en poudre (LAIT), \u00e9mulsifiants: l\u00e9cithine (SOJA), E476, ar\u00f4me naturel de vanille.<\/p>\n<p><strong>Bonbon de chocolat au lait, int\u00e9rieur gianduja<\/strong> &#8211; Ingr\u00e9dients\u00a0: sucre, poudre de LAIT entier, beurre de cacao, masse de cacao, NOISETTES, beurre p\u00e2tissier (LAIT), \u00e9mulsifiant\u00a0: l\u00e9cithines (SOJA), ar\u00f4me naturel de vanille.<\/p>\n","protected":false},"excerpt":{"rendered":"<p>Une botte en chocolat au lait accompagn\u00e9e de 6 escargots pralin\u00e9.<\/p>\n","protected":false},"featured_media":23453,"comment_status":"open","ping_status":"closed","template":"","meta":[],"product_cat":[637,638,589,592,595,27],"product_tag":[],"_links":{"self":[{"href":"https:\/\/confiserie-adam.fr\/boutique\/wp-json\/wp\/v2\/product\/23378"}],"collection":[{"href":"https:\/\/confiserie-adam.fr\/boutique\/wp-json\/wp\/v2\/product"}],"about":[{"href":"https:\/\/confiserie-adam.fr\/boutique\/wp-json\/wp\/v2\/types\/product"}],"replies":[{"embeddable":true,"href":"https:\/\/confiserie-adam.fr\/boutique\/wp-json\/wp\/v2\/comments?post=23378"}],"wp:featuredmedia":[{"embeddable":true,"href":"https:\/\/confiserie-adam.fr\/boutique\/wp-json\/wp\/v2\/media\/23453"}],"wp:attachment":[{"href":"https:\/\/confiserie-adam.fr\/boutique\/wp-json\/wp\/v2\/media?parent=23378"}],"wp:term":[{"taxonomy":"product_cat","embeddable":true,"href":"https:\/\/confiserie-adam.fr\/boutique\/wp-json\/wp\/v2\/product_cat?post=23378"},{"taxonomy":"product_tag","embeddable":true,"href":"https:\/\/confiserie-adam.fr\/boutique\/wp-json\/wp\/v2\/product_tag?post=23378"}],"curies":[{"name":"wp","href":"https:\/\/api.w.org\/{rel}","templated":true}]}}