{"id":23334,"date":"2022-10-12T10:11:31","date_gmt":"2022-10-12T08:11:31","guid":{"rendered":"https:\/\/confiserie-adam.fr\/boutique\/produit\/400g-bonbons-halloween-2\/"},"modified":"2026-04-23T18:38:45","modified_gmt":"2026-04-23T16:38:45","slug":"400g-corbeille-halloween","status":"publish","type":"product","link":"https:\/\/confiserie-adam.fr\/boutique\/produit\/400g-corbeille-halloween\/","title":{"rendered":"400G CORBEILLE HALLOWEEN"},"content":{"rendered":"<p>Panier garni de bonbons : araign\u00e9e, dents de vampire et araign\u00e9e pik.<\/p>\n<p>&nbsp;<\/p>\n<p>&nbsp;<\/p>\n<p><strong>Confiserie Adam<\/strong><\/p>\n<p>Entreprise familiale qui a \u00e0 c\u0153ur ses clients. Vous offrir \u00e0 la fois le go\u00fbt, le plaisir gustatif et la qualit\u00e9.<\/p>\n<ul>\n<li>Fabrication fran\u00e7aise depuis 1912<\/li>\n<li>Entreprise du Patrimoine Vivant<\/li>\n<li>Ingr\u00e9dients de qualit\u00e9<\/li>\n<\/ul>\n<p>&nbsp;<\/p>\n<p><strong>Conseils de conservation<\/strong><\/p>\n<p>\u00c0 conserver \u00e0 l\u2019abri de la lumi\u00e8re et de l\u2019humidit\u00e9, dans un endroit frais et sec.<\/p>\n<p>&nbsp;<\/p>\n<p><strong><u>Ce produit contient<\/u><\/strong><\/p>\n<p>Ingr\u00e9dients : sirop de glucose, sucre, g\u00e9latine, acidifiants (acide citrique, acide lactique, acide malique), humectant : sorbitol, ar\u00f4mes, colorants (carmins, curcumine, bleu brillant FCF), amidon modifi\u00e9, agents d&#8217;enrobage (cire d&#8217;abeille blanche et jaune, cire de carnauba), correcteur d&#8217;acidit\u00e9 (citrates de calcium, malate de sodium)<\/p>\n","protected":false},"excerpt":{"rendered":"<p>Un panier au d\u00e9cor d&#8217;Halloween rempli de bonbons !<\/p>\n<p>couleur du panier al\u00e9atoire : orange, noire ou beige<\/p>\n","protected":false},"featured_media":23337,"comment_status":"open","ping_status":"closed","template":"","meta":[],"product_cat":[584],"product_tag":[],"_links":{"self":[{"href":"https:\/\/confiserie-adam.fr\/boutique\/wp-json\/wp\/v2\/product\/23334"}],"collection":[{"href":"https:\/\/confiserie-adam.fr\/boutique\/wp-json\/wp\/v2\/product"}],"about":[{"href":"https:\/\/confiserie-adam.fr\/boutique\/wp-json\/wp\/v2\/types\/product"}],"replies":[{"embeddable":true,"href":"https:\/\/confiserie-adam.fr\/boutique\/wp-json\/wp\/v2\/comments?post=23334"}],"wp:featuredmedia":[{"embeddable":true,"href":"https:\/\/confiserie-adam.fr\/boutique\/wp-json\/wp\/v2\/media\/23337"}],"wp:attachment":[{"href":"https:\/\/confiserie-adam.fr\/boutique\/wp-json\/wp\/v2\/media?parent=23334"}],"wp:term":[{"taxonomy":"product_cat","embeddable":true,"href":"https:\/\/confiserie-adam.fr\/boutique\/wp-json\/wp\/v2\/product_cat?post=23334"},{"taxonomy":"product_tag","embeddable":true,"href":"https:\/\/confiserie-adam.fr\/boutique\/wp-json\/wp\/v2\/product_tag?post=23334"}],"curies":[{"name":"wp","href":"https:\/\/api.w.org\/{rel}","templated":true}]}}