{"id":23101,"date":"2022-09-29T16:18:07","date_gmt":"2022-09-29T14:18:07","guid":{"rendered":"https:\/\/confiserie-adam.fr\/boutique\/produit\/raisin-macere-au-sauternes-chocolat-noir-bio-2\/"},"modified":"2026-04-10T18:38:03","modified_gmt":"2026-04-10T16:38:03","slug":"pate-de-fruit-orange-et-citron-bio","status":"publish","type":"product","link":"https:\/\/confiserie-adam.fr\/boutique\/produit\/pate-de-fruit-orange-et-citron-bio\/","title":{"rendered":"P\u00e2te de fruit orange et citron Bio"},"content":{"rendered":"<p>Assortiment de :<\/p>\n<ul>\n<li>Citron confit enrob\u00e9 de chocolat blanc Bio<\/li>\n<li>Orange confite enrob\u00e9e de chocolat noir Bio<\/li>\n<\/ul>\n<p>&nbsp;<\/p>\n<p><strong>Ingr\u00e9dients principaux :<\/strong><\/p>\n<ul>\n<li>Citron &amp; Orange confits<\/li>\n<li>Chocolat<\/li>\n<\/ul>\n<p>&nbsp;<\/p>\n<p><strong>La certification Agriculture Biologique <\/strong><\/p>\n<p>Les gourmandises Confiserie Adam sont certifi\u00e9es agriculture biologique.<\/p>\n<p>Nous s\u00e9lectionnons avec soin nos mati\u00e8res premi\u00e8res pour vous offrir le meilleur<\/p>\n<p>&nbsp;<\/p>\n<p><strong>Confiserie Adam<\/strong><\/p>\n<p>Entreprise familiale qui a \u00e0 c\u0153ur ses clients. Vous offrir \u00e0 la fois le go\u00fbt, le plaisir gustatif et la qualit\u00e9.<\/p>\n<ul>\n<li>Fabrication fran\u00e7aise depuis 1912<\/li>\n<li>Entreprise du Patrimoine Vivant<\/li>\n<li>Ingr\u00e9dients de qualit\u00e9<\/li>\n<\/ul>\n<p>&nbsp;<\/p>\n<p><strong>Conseils de conservation<\/strong><\/p>\n<p>A conserver \u00e0 l\u2019abri de la lumi\u00e8re et de l\u2019humidit\u00e9, dans un endroit frais et sec.<\/p>\n<p>&nbsp;<\/p>\n<p><strong><u>Ce produit contient <\/u><\/strong><\/p>\n<p>Certifi\u00e9 par FR-BIO-01 &#8211; Citron confit enrob\u00e9 de chocolat blanc aromatis\u00e9 saveur citron<\/p>\n<p>Ingr\u00e9dients : Chocolat blanc* 71% (cacao 29% minimum) (sucre*, beurre de cacao*, poudre de LAIT entier*, poudre de vanille*), citron confit* 20% (\u00e9corces de citron*, sirop de ma\u00efs*, sel), sucre*, sucre glace* (sucre de canne*, f\u00e9cule de pomme de terre*), amidon de riz*, ar\u00f4me naturel*, agent d&#8217;enrobage* (gomme d&#8217;acacia*, saccharose*, miel*). Peut contenir : fruits \u00e0 coque, gluten, oeuf, arachides, soja. *Produit issu de l&#8217;agriculture biologique.<\/p>\n<p>Certifi\u00e9 par FR-BIO-01 &#8211; Orange confite enrob\u00e9e de chocolat noir aromatis\u00e9 saveur orange<\/p>\n<p>Ingr\u00e9dients : chocolat noir* 71% (cacao 74% minimum) (masse de cacao*, sucre*, beurre de cacao*, vanille en poudre*), orange confite* 20% (sirop de ma\u00efs*, \u00e9corces d\u2019oranges*, sel), sucre*, sucre glace* (sucre de canne*, f\u00e9cule de pomme de terre*), amidon de riz*, ar\u00f4me naturel d&#8217;orange*, agent d&#8217;enrobage* (gomme d&#8217;acacia*, saccharose*, miel*). Peut contenir : fruits \u00e0 coque, lait, gluten, oeuf, arachides, soja. *Produit issu de l&#8217;agriculture biologique.<\/p>\n","protected":false},"excerpt":{"rendered":"<p>Un assortiment de fruits confits enrob\u00e9s de chocolat Bio : citron et orange.<\/p>\n<p>&nbsp;<\/p>\n","protected":false},"featured_media":25253,"comment_status":"open","ping_status":"closed","template":"","meta":[],"product_cat":[645,649,563,572,27,28,36],"product_tag":[],"_links":{"self":[{"href":"https:\/\/confiserie-adam.fr\/boutique\/wp-json\/wp\/v2\/product\/23101"}],"collection":[{"href":"https:\/\/confiserie-adam.fr\/boutique\/wp-json\/wp\/v2\/product"}],"about":[{"href":"https:\/\/confiserie-adam.fr\/boutique\/wp-json\/wp\/v2\/types\/product"}],"replies":[{"embeddable":true,"href":"https:\/\/confiserie-adam.fr\/boutique\/wp-json\/wp\/v2\/comments?post=23101"}],"wp:featuredmedia":[{"embeddable":true,"href":"https:\/\/confiserie-adam.fr\/boutique\/wp-json\/wp\/v2\/media\/25253"}],"wp:attachment":[{"href":"https:\/\/confiserie-adam.fr\/boutique\/wp-json\/wp\/v2\/media?parent=23101"}],"wp:term":[{"taxonomy":"product_cat","embeddable":true,"href":"https:\/\/confiserie-adam.fr\/boutique\/wp-json\/wp\/v2\/product_cat?post=23101"},{"taxonomy":"product_tag","embeddable":true,"href":"https:\/\/confiserie-adam.fr\/boutique\/wp-json\/wp\/v2\/product_tag?post=23101"}],"curies":[{"name":"wp","href":"https:\/\/api.w.org\/{rel}","templated":true}]}}