{"id":23097,"date":"2022-09-29T16:16:41","date_gmt":"2022-09-29T14:16:41","guid":{"rendered":"https:\/\/confiserie-adam.fr\/boutique\/produit\/cube-nougat-chocolat-au-lait-3\/"},"modified":"2026-04-14T18:06:43","modified_gmt":"2026-04-14T16:06:43","slug":"cube-pain-depices-chocolat-noir-2","status":"publish","type":"product","link":"https:\/\/confiserie-adam.fr\/boutique\/produit\/cube-pain-depices-chocolat-noir-2\/","title":{"rendered":"Cube Pain d&#8217;\u00e9pices &#8211; Chocolat noir"},"content":{"rendered":"<p>Cube de pain d&#8217;\u00e9pices enrob\u00e9 de chocolat noir.<\/p>\n<p>&nbsp;<\/p>\n<p><strong>Confiserie Adam<\/strong><\/p>\n<p>Entreprise familiale qui a \u00e0 c\u0153ur ses clients. Vous offrir \u00e0 la fois le go\u00fbt, le plaisir gustatif et la qualit\u00e9.<\/p>\n<ul>\n<li>Fabrication fran\u00e7aise depuis 1912<\/li>\n<li>Entreprise du Patrimoine Vivant<\/li>\n<li>Ingr\u00e9dients de qualit\u00e9<\/li>\n<\/ul>\n<p>&nbsp;<\/p>\n<p><strong>Conseils de conservation<\/strong><\/p>\n<p>\u00c0 conserver \u00e0 l\u2019abri de la lumi\u00e8re et de l\u2019humidit\u00e9, dans un endroit frais et sec.<\/p>\n<p>&nbsp;<\/p>\n<p><strong><u>Ce produit contient<\/u><\/strong><\/p>\n<p><strong>Cube de pain d\u2019\u00e9pices au gingembre enrob\u00e9 de chocolat noir &#8211; <\/strong>Ingr\u00e9dients\u00a0: chocolat noir 62% (cacao 60% min.) (masse et beurre de cacao, sucre, \u00e9mulsifiant: l\u00e9cithine (SOJA)), pain d&#8217;\u00e9pices au gingembre 33% (miel, farine de BLE, sucre, AMANDE, gingembre confit 3% (gingembre 1,8%, sucre), farine de p\u00e9pins de raisins, huile de p\u00e9pins de raisins, alcool neutre, \u00e9pices, poudre \u00e0 lever : carbonates d&#8217;ammonium, huile essentielle : coriandre &#8211; gingembre), chocolat blanc 2% (cacao 26% min.) (sucre, beurre de cacao, LAIT entier en poudre, lactos\u00e9rum en poudre (LAIT), \u00e9mulsifiants (l\u00e9cithine (SOJA), E476), ar\u00f4me naturel de vanille), vernissage (sirop de glucose, sucre, agents d&#8217;enrobage: shellac, gomme d&#8217;acacia). Cube de pain d&#8217;\u00e9pice et chocolats origine UE.<\/p>\n","protected":false},"excerpt":{"rendered":"<p>Un cube de pain de d&#8217;\u00e9pices moelleux enrob\u00e9 de chocolat noir.<\/p>\n","protected":false},"featured_media":23447,"comment_status":"open","ping_status":"closed","template":"","meta":[],"product_cat":[589,596,29,44],"product_tag":[],"_links":{"self":[{"href":"https:\/\/confiserie-adam.fr\/boutique\/wp-json\/wp\/v2\/product\/23097"}],"collection":[{"href":"https:\/\/confiserie-adam.fr\/boutique\/wp-json\/wp\/v2\/product"}],"about":[{"href":"https:\/\/confiserie-adam.fr\/boutique\/wp-json\/wp\/v2\/types\/product"}],"replies":[{"embeddable":true,"href":"https:\/\/confiserie-adam.fr\/boutique\/wp-json\/wp\/v2\/comments?post=23097"}],"wp:featuredmedia":[{"embeddable":true,"href":"https:\/\/confiserie-adam.fr\/boutique\/wp-json\/wp\/v2\/media\/23447"}],"wp:attachment":[{"href":"https:\/\/confiserie-adam.fr\/boutique\/wp-json\/wp\/v2\/media?parent=23097"}],"wp:term":[{"taxonomy":"product_cat","embeddable":true,"href":"https:\/\/confiserie-adam.fr\/boutique\/wp-json\/wp\/v2\/product_cat?post=23097"},{"taxonomy":"product_tag","embeddable":true,"href":"https:\/\/confiserie-adam.fr\/boutique\/wp-json\/wp\/v2\/product_tag?post=23097"}],"curies":[{"name":"wp","href":"https:\/\/api.w.org\/{rel}","templated":true}]}}