{"id":23096,"date":"2022-09-29T16:16:39","date_gmt":"2022-09-29T14:16:39","guid":{"rendered":"https:\/\/confiserie-adam.fr\/boutique\/produit\/cube-nougat-chocolat-au-lait-2\/"},"modified":"2026-04-23T18:46:38","modified_gmt":"2026-04-23T16:46:38","slug":"cube-nougat-chocolat-au-lait-2","status":"publish","type":"product","link":"https:\/\/confiserie-adam.fr\/boutique\/produit\/cube-nougat-chocolat-au-lait-2\/","title":{"rendered":"Cube Nougat &#8211; Chocolat au lait"},"content":{"rendered":"<p>Cube nougat enrob\u00e9 de chocolat au lait.<\/p>\n<p>&nbsp;<\/p>\n<p><strong>Confiserie Adam<\/strong><\/p>\n<p>Entreprise familiale qui a \u00e0 c\u0153ur ses clients. Vous offrir \u00e0 la fois le go\u00fbt, le plaisir gustatif et la qualit\u00e9.<\/p>\n<ul>\n<li>Fabrication fran\u00e7aise depuis 1912<\/li>\n<li>Entreprise du Patrimoine Vivant<\/li>\n<li>Ingr\u00e9dients de qualit\u00e9<\/li>\n<\/ul>\n<p>&nbsp;<\/p>\n<p><strong>Conseils de conservation<\/strong><\/p>\n<p>\u00c0 conserver \u00e0 l\u2019abri de la lumi\u00e8re et de l\u2019humidit\u00e9, dans un endroit frais et sec.<\/p>\n<p>&nbsp;<\/p>\n<p><strong><u>Ce produit contient<\/u><\/strong><\/p>\n<p><strong>Cube de nougat enrob\u00e9 de chocolat au lait<\/strong> \u2013 Ingr\u00e9dients\u00a0: chocolat au lait 59% (cacao 30% min.) (sucre, LAIT entier en poudre, beurre de cacao, masse de cacao, \u00e9mulsifiant: l\u00e9cithine (SOJA), ar\u00f4me naturel de vanille),\u00a0 nougat 39% (sucre, sirop de glucose, AMANDES, miel, pain azyme (f\u00e9cule de pomme de terre, eau), albumine d&#8217;OEUFS, ar\u00f4me), vernissage (sirop de glucose, sucre, agents d&#8217;enrobage: shellac, gomme d&#8217;acacia). Cube de nougat et chocolat origine UE.<\/p>\n","protected":false},"excerpt":{"rendered":"<p>Un v\u00e9ritable cube de nougat enrob\u00e9 de chocolat au lait, d\u00e9licieux !<\/p>\n","protected":false},"featured_media":23445,"comment_status":"open","ping_status":"closed","template":"","meta":[],"product_cat":[645,650,589,596,29,44],"product_tag":[],"_links":{"self":[{"href":"https:\/\/confiserie-adam.fr\/boutique\/wp-json\/wp\/v2\/product\/23096"}],"collection":[{"href":"https:\/\/confiserie-adam.fr\/boutique\/wp-json\/wp\/v2\/product"}],"about":[{"href":"https:\/\/confiserie-adam.fr\/boutique\/wp-json\/wp\/v2\/types\/product"}],"replies":[{"embeddable":true,"href":"https:\/\/confiserie-adam.fr\/boutique\/wp-json\/wp\/v2\/comments?post=23096"}],"wp:featuredmedia":[{"embeddable":true,"href":"https:\/\/confiserie-adam.fr\/boutique\/wp-json\/wp\/v2\/media\/23445"}],"wp:attachment":[{"href":"https:\/\/confiserie-adam.fr\/boutique\/wp-json\/wp\/v2\/media?parent=23096"}],"wp:term":[{"taxonomy":"product_cat","embeddable":true,"href":"https:\/\/confiserie-adam.fr\/boutique\/wp-json\/wp\/v2\/product_cat?post=23096"},{"taxonomy":"product_tag","embeddable":true,"href":"https:\/\/confiserie-adam.fr\/boutique\/wp-json\/wp\/v2\/product_tag?post=23096"}],"curies":[{"name":"wp","href":"https:\/\/api.w.org\/{rel}","templated":true}]}}