{"id":21780,"date":"2022-06-07T14:59:58","date_gmt":"2022-06-07T12:59:58","guid":{"rendered":"https:\/\/confiserie-adam.fr\/boutique\/produit\/m-noel-chocolat-au-lait-noisettes-2\/"},"modified":"2026-03-28T08:34:29","modified_gmt":"2026-03-28T07:34:29","slug":"sgelt-chocolat-au-lait-et-bouchons-marc-de-champagne","status":"publish","type":"product","link":"https:\/\/confiserie-adam.fr\/boutique\/produit\/sgelt-chocolat-au-lait-et-bouchons-marc-de-champagne\/","title":{"rendered":"S&#8217;Gelt &#8211; Chocolat au lait et bouchons marc de champagne"},"content":{"rendered":"<p>Moulage chocolat au lait \u2013 S&#8217;Gelt verre de vin \u2013 Hauteur 11cm<\/p>\n<p>Accompagn\u00e9 de 6 bouchons chocolat noir fourr\u00e9s marc de champagne<\/p>\n<p>Sans colorants &amp; 100% pur beurre de cacao.<\/p>\n<p>&nbsp;<\/p>\n<p>&nbsp;<\/p>\n<p><strong>Confiserie Adam<\/strong><\/p>\n<p>Entreprise familiale qui a \u00e0 c\u0153ur ses clients. Vous offrir \u00e0 la fois le go\u00fbt, le plaisir gustatif et la qualit\u00e9.<\/p>\n<ul>\n<li>Fabrication fran\u00e7aise depuis 1912<\/li>\n<li>Entreprise du Patrimoine Vivant<\/li>\n<li>Ingr\u00e9dients de qualit\u00e9<\/li>\n<\/ul>\n<p>&nbsp;<\/p>\n<p><strong>Conseils de conservation<\/strong><\/p>\n<p>\u00c0 conserver \u00e0 l\u2019abri de la lumi\u00e8re et de l\u2019humidit\u00e9, dans un endroit frais et sec.<\/p>\n<p>&nbsp;<\/p>\n<p><strong><u>Ce produit contient<\/u><\/strong><\/p>\n<p>Assortiment moulage chocolat au lait d\u00e9cor chocolat blanc et 6 bouchons chocolat noir fourr\u00e9s marc de Champagne<\/p>\n<p>Moulage en chocolat au lait d\u00e9cor chocolat blanc 100g &#8211; Chocolat au LAIT : cacao 30% min.- Ingr\u00e9dients: sucre, LAIT entier en poudre, beurre de cacao, masse de cacao, lactos\u00e9rum en poudre (LAIT), \u00e9mulsifiants: l\u00e9cithine de SOJA, E476, ar\u00f4me naturel de vanille.<\/p>\n<p>D\u00e9cor chocolat blanc (cacao 26% min.)- Ingr\u00e9dients: sucre, beurre de cacao, LAIT entier en poudre, lactos\u00e9rum en poudre (LAIT), \u00e9mulsifiants: l\u00e9cithine de SOJA, E476, ar\u00f4me naturel de vanille.<\/p>\n<p>Bouchons chocolat noir fourr\u00e9s marc de Champagne 50g &#8211; Chocolat noir : cacao 54% min.- Ingr\u00e9dients: sucre, masse de cacao, marc de Champagne 12%, eau, beurre de cacao, sirop de glucose, \u00e9mulsifiant : l\u00e9cithine de SOJA, ar\u00f4me naturel de vanille.<\/p>\n","protected":false},"excerpt":{"rendered":"<p>Un verre de vin en chocolat au lait accompagn\u00e9 de 6 bouchons chocolat noir fourr\u00e9s marc de champagne.<\/p>\n","protected":false},"featured_media":21783,"comment_status":"open","ping_status":"closed","template":"","meta":[],"product_cat":[589,592,572,27,34],"product_tag":[],"_links":{"self":[{"href":"https:\/\/confiserie-adam.fr\/boutique\/wp-json\/wp\/v2\/product\/21780"}],"collection":[{"href":"https:\/\/confiserie-adam.fr\/boutique\/wp-json\/wp\/v2\/product"}],"about":[{"href":"https:\/\/confiserie-adam.fr\/boutique\/wp-json\/wp\/v2\/types\/product"}],"replies":[{"embeddable":true,"href":"https:\/\/confiserie-adam.fr\/boutique\/wp-json\/wp\/v2\/comments?post=21780"}],"wp:featuredmedia":[{"embeddable":true,"href":"https:\/\/confiserie-adam.fr\/boutique\/wp-json\/wp\/v2\/media\/21783"}],"wp:attachment":[{"href":"https:\/\/confiserie-adam.fr\/boutique\/wp-json\/wp\/v2\/media?parent=21780"}],"wp:term":[{"taxonomy":"product_cat","embeddable":true,"href":"https:\/\/confiserie-adam.fr\/boutique\/wp-json\/wp\/v2\/product_cat?post=21780"},{"taxonomy":"product_tag","embeddable":true,"href":"https:\/\/confiserie-adam.fr\/boutique\/wp-json\/wp\/v2\/product_tag?post=21780"}],"curies":[{"name":"wp","href":"https:\/\/api.w.org\/{rel}","templated":true}]}}