{"id":21376,"date":"2022-05-13T12:10:40","date_gmt":"2022-05-13T10:10:40","guid":{"rendered":"https:\/\/confiserie-adam.fr\/boutique\/produit\/sac-cadeau-gourmand-maman\/"},"modified":"2026-03-28T08:25:30","modified_gmt":"2026-03-28T07:25:30","slug":"sac-cadeau-gourmand-maman","status":"publish","type":"product","link":"https:\/\/confiserie-adam.fr\/boutique\/produit\/sac-cadeau-gourmand-maman\/","title":{"rendered":"Sac cadeau gourmand Maman"},"content":{"rendered":"<p>Sac garni (hauteur environ 19cm) de :<\/p>\n<ul>\n<li>Sachet 250g Dessertissimo : Assortiment 6 gourmandises. Pur\u00e9e de fruits enrob\u00e9e chocolat cr\u00e8me br\u00fbl\u00e9e, tiramisu, tarte tatin, crumble, tarte citron et macaron coco<\/li>\n<li>Sachet 250g Mini coeur chocolat<\/li>\n<li>Planche \u00e0 d\u00e9coupe &#8220;Maman&#8221; (25x16cm environ)<\/li>\n<\/ul>\n<p>&nbsp;<\/p>\n<p><strong>Confiserie Adam<\/strong><\/p>\n<p>Entreprise familiale qui a \u00e0 c\u0153ur ses clients. Vous offrir \u00e0 la fois le go\u00fbt, le plaisir gustatif et la qualit\u00e9.<\/p>\n<ul>\n<li>Fabrication fran\u00e7aise depuis 1912<\/li>\n<li>Entreprise du Patrimoine Vivant<\/li>\n<li>Ingr\u00e9dients de qualit\u00e9<\/li>\n<\/ul>\n<p>&nbsp;<\/p>\n<p><strong>Conseils de conservation<\/strong><\/p>\n<p>\u00c0 conserver \u00e0 l\u2019abri de la lumi\u00e8re et de l\u2019humidit\u00e9, dans un endroit frais et sec.<\/p>\n<p>&nbsp;<\/p>\n<p><strong><u>Ce produit contient<\/u><\/strong><\/p>\n<p><strong>Dessertissimo<\/strong><\/p>\n<p>Assortiment de 6 produits &#8211; Drag\u00e9es dessert Crumble : C\u0153ur g\u00e9lifi\u00e9 \u00e0 la pur\u00e9e de fruits enrob\u00e9 de chocolat noir aromatis\u00e9 saveur crumble fruits rouges, et drag\u00e9ifi\u00e9 \/ Drag\u00e9es dessert macaron coco : C\u0153ur g\u00e9lifi\u00e9 \u00e0 la pur\u00e9e de fruits enrob\u00e9 de chocolat blanc aromatis\u00e9 saveur noix de coco, et drag\u00e9ifi\u00e9 \/ Drag\u00e9es dessert Tarte tatin : C\u0153ur g\u00e9lifi\u00e9 \u00e0 la pur\u00e9e de fruits enrob\u00e9 de chocolat blanc aromatis\u00e9 saveur tarte tatin, et drag\u00e9ifi\u00e9 \/ Drag\u00e9es dessert Tiramisu : Amande grill\u00e9e enrob\u00e9e de chocolat blanc aromatis\u00e9 saveur tiramisu, et drag\u00e9ifi\u00e9e \/ Drag\u00e9es dessert cr\u00e8me br\u00fbl\u00e9e : Amande grill\u00e9e enrob\u00e9e de chocolat blanc aromatis\u00e9 saveur cr\u00e8me br\u00fbl\u00e9e, et drag\u00e9ifi\u00e9e \/ Drag\u00e9es dessert Tarte citron : C\u0153ur g\u00e9lifi\u00e9 \u00e0 la pur\u00e9e de fruits enrob\u00e9 de chocolat blanc aromatis\u00e9 saveur tarte citron, et drag\u00e9ifi\u00e9.<\/p>\n<p>Ingr\u00e9dients : Sucre, g\u00e9lifi\u00e9 \u00e0 base de pectine aromatis\u00e9 21% (sucre, pulpe de pomme, sirop de glucose, pulpe d\u2019abricot, g\u00e9lifiant : pectine, ar\u00f4mes, acidifiants : acide tartrique, acide citrique), chocolat blanc 11% (cacao 26% minimum)(sucre, beurre de cacao, LAIT entier en poudre, LACTOSERUM en poudre, \u00e9mulsifiants : l\u00e9cithine de SOJA, E476, ar\u00f4me naturel de vanille), chocolat blanc 9% (cacao 30% minimum)(sucre, beurre de cacao, LAIT \u00e9cr\u00e9m\u00e9 en poudre, LACTOSERUM en poudre, mati\u00e8re grasse LAITIERE, BEURRE, \u00e9mulsifiant : l\u00e9cithine de tournesol, ar\u00f4me naturel de vanille), amidon de riz, chocolat noir 1% (cacao 54% minimum) (masse et beurre de cacao, sucre, \u00e9mulsifiant : l\u00e9cithine de SOJA), stabilisant : gomme d&#8217;acacia, agents d&#8217;enrobage : E901, E903, E904, ar\u00f4mes, f\u00e9cule de pomme de terre, colorants : E100, E102, E104, E110, E120, E124, E132, E153. Peut contenir d&#8217;autres fruits \u00e0 coque, gluten, oeuf, arachides. E102, E104, E110, E124 : peut avoir des effets ind\u00e9sirables sur l&#8217;activit\u00e9 et l&#8217;attention chez les enfants.<\/p>\n<p>&nbsp;<\/p>\n<p><strong>Mini c\u0153ur blanc\/rouge (40g)\u00a0&#8211; Chocolat noir enrob\u00e9 d\u2019une couche de sucre color\u00e9e et vernis<\/strong><\/p>\n<p>Ingr\u00e9dients\u00a0: sucre, chocolat noir 44% (cacao 73% min) (masse de cacao, sucre, \u00e9mulsifiant\u00a0: l\u00e9cithine de SOJA), amidon de riz, stabilisant\u00a0: gomme d\u2019acacia, colorant\u00a0: E100, E120, agent d\u2019enrobage\u00a0: E901, E903, ar\u00f4me naturel de vanille.<\/p>\n","protected":false},"excerpt":{"rendered":"<p>Un charmant sac garni de mini coeur chocolat, de dessertissimo et d&#8217;une planche en bois &#8220;Maman&#8221; pour les Super Maman !<\/p>\n","protected":false},"featured_media":21378,"comment_status":"open","ping_status":"closed","template":"","meta":[],"product_cat":[563],"product_tag":[],"_links":{"self":[{"href":"https:\/\/confiserie-adam.fr\/boutique\/wp-json\/wp\/v2\/product\/21376"}],"collection":[{"href":"https:\/\/confiserie-adam.fr\/boutique\/wp-json\/wp\/v2\/product"}],"about":[{"href":"https:\/\/confiserie-adam.fr\/boutique\/wp-json\/wp\/v2\/types\/product"}],"replies":[{"embeddable":true,"href":"https:\/\/confiserie-adam.fr\/boutique\/wp-json\/wp\/v2\/comments?post=21376"}],"wp:featuredmedia":[{"embeddable":true,"href":"https:\/\/confiserie-adam.fr\/boutique\/wp-json\/wp\/v2\/media\/21378"}],"wp:attachment":[{"href":"https:\/\/confiserie-adam.fr\/boutique\/wp-json\/wp\/v2\/media?parent=21376"}],"wp:term":[{"taxonomy":"product_cat","embeddable":true,"href":"https:\/\/confiserie-adam.fr\/boutique\/wp-json\/wp\/v2\/product_cat?post=21376"},{"taxonomy":"product_tag","embeddable":true,"href":"https:\/\/confiserie-adam.fr\/boutique\/wp-json\/wp\/v2\/product_tag?post=21376"}],"curies":[{"name":"wp","href":"https:\/\/api.w.org\/{rel}","templated":true}]}}