{"id":20051,"date":"2022-04-09T15:21:39","date_gmt":"2022-04-09T13:21:39","guid":{"rendered":"https:\/\/confiserie-adam.fr\/boutique\/produit\/borne-alsace-cereale-4-chocolats\/"},"modified":"2026-04-04T16:26:19","modified_gmt":"2026-04-04T14:26:19","slug":"borne-alsace-cereale-4-chocolats","status":"publish","type":"product","link":"https:\/\/confiserie-adam.fr\/boutique\/produit\/borne-alsace-cereale-4-chocolats\/","title":{"rendered":"Borne Alsace &#8211; C\u00e9r\u00e9ale 4 chocolats"},"content":{"rendered":"<p>Borne m\u00e9tal Alsace avec sachet de c\u00e9r\u00e9ales enrob\u00e9es de 4 chocolats : chocolat au lait, blanc, noir et caramel.<\/p>\n<p>&nbsp;<\/p>\n<p><strong>Ingr\u00e9dients principaux :<\/strong><\/p>\n<ul>\n<li>C\u00e9r\u00e9ale<\/li>\n<li>Chocolat<\/li>\n<\/ul>\n<p>&nbsp;<\/p>\n<p><strong>Confiserie Adam<\/strong><\/p>\n<p>Entreprise familiale qui a \u00e0 c\u0153ur ses clients. Vous offrir \u00e0 la fois le go\u00fbt, le plaisir gustatif et la qualit\u00e9.<\/p>\n<ul>\n<li>Fabrication fran\u00e7aise depuis 1912<\/li>\n<li>Entreprise du Patrimoine Vivant<\/li>\n<li>Ingr\u00e9dients de qualit\u00e9<\/li>\n<\/ul>\n<p>&nbsp;<\/p>\n<p><strong>Conseils de conservation<\/strong><\/p>\n<p>\u00c0 conserver \u00e0 l\u2019abri de la lumi\u00e8re et de l\u2019humidit\u00e9, dans un endroit frais et sec.<\/p>\n<p><strong><u>Ce produit contient<\/u><\/strong><\/p>\n<p>Bille de c\u00e9r\u00e9ale enrob\u00e9e de chocolat blanc, de chocolat au lait ou de chocolat noir<\/p>\n<p>Ingr\u00e9dients : chocolat au lait 20% (cacao 30% min.)(sucre, LAIT entier en poudre, beurre de cacao, masse de cacao, LACTOSERUM en poudre, \u00e9mulsifiants : l\u00e9cithine de SOJA, E476, ar\u00f4me naturel de vanille), chocolat blanc 20% (cacao 26% min.)(sucre, beurre de cacao, LAIT entier en poudre, LACTOSERUM en poudre, \u00e9mulsifiants : l\u00e9cithine de SOJA, E476, ar\u00f4me naturel de vanille), chocolat noir 20% (cacao 54% min.)(masse te beurre de cacao, sucre, \u00e9mulsifiant : l\u00e9cithine de SOJA), chocolat blanc 20% (cacao 30% min.)(sucre, beurre de cacao, LAIT \u00e9cr\u00e9m\u00e9 en poudre, LACTOSERUM en poudre, mati\u00e8re grasse LAITIERE, BEURRE, \u00e9mulsifiant : l\u00e9cithine de tournesol, ar\u00f4me naturel de vanille), bille de c\u00e9r\u00e9ale 14% (farine de BLE, GLUTEN de BLE, sucre, farine de malt de BLE, poudre \u00e0 lever : E500ii, sel), vernissage (sirop de glucose, sucre, agents d&#8217;enrobage : E904, gomme d&#8217;acacia).<\/p>\n","protected":false},"excerpt":{"rendered":"<p>Un cadeau gourmand traditionnel aux couleurs de l&#8217;Alsace qui renferme de croustillantes c\u00e9r\u00e9ales enrob\u00e9es chocolat.<\/p>\n","protected":false},"featured_media":20651,"comment_status":"open","ping_status":"closed","template":"","meta":[],"product_cat":[48,656,27,34],"product_tag":[],"_links":{"self":[{"href":"https:\/\/confiserie-adam.fr\/boutique\/wp-json\/wp\/v2\/product\/20051"}],"collection":[{"href":"https:\/\/confiserie-adam.fr\/boutique\/wp-json\/wp\/v2\/product"}],"about":[{"href":"https:\/\/confiserie-adam.fr\/boutique\/wp-json\/wp\/v2\/types\/product"}],"replies":[{"embeddable":true,"href":"https:\/\/confiserie-adam.fr\/boutique\/wp-json\/wp\/v2\/comments?post=20051"}],"wp:featuredmedia":[{"embeddable":true,"href":"https:\/\/confiserie-adam.fr\/boutique\/wp-json\/wp\/v2\/media\/20651"}],"wp:attachment":[{"href":"https:\/\/confiserie-adam.fr\/boutique\/wp-json\/wp\/v2\/media?parent=20051"}],"wp:term":[{"taxonomy":"product_cat","embeddable":true,"href":"https:\/\/confiserie-adam.fr\/boutique\/wp-json\/wp\/v2\/product_cat?post=20051"},{"taxonomy":"product_tag","embeddable":true,"href":"https:\/\/confiserie-adam.fr\/boutique\/wp-json\/wp\/v2\/product_tag?post=20051"}],"curies":[{"name":"wp","href":"https:\/\/api.w.org\/{rel}","templated":true}]}}