{"id":19899,"date":"2022-04-08T16:41:03","date_gmt":"2022-04-08T14:41:03","guid":{"rendered":"https:\/\/confiserie-adam.fr\/boutique\/produit\/mini-poule-chocolat-au-lait\/"},"modified":"2026-04-27T12:16:20","modified_gmt":"2026-04-27T10:16:20","slug":"mini-poule-chocolat-au-lait","status":"publish","type":"product","link":"https:\/\/confiserie-adam.fr\/boutique\/produit\/mini-poule-chocolat-au-lait\/","title":{"rendered":"Mini Poule \u2013 Chocolat au lait"},"content":{"rendered":"<p>Mini moulage plat poule &#8211; Chocolat au lait<\/p>\n<p>Environ 6cm &#8211; 8 pi\u00e8ces<\/p>\n<p>Sans colorants &amp; 100% pur beurre de cacao.<\/p>\n<p>&nbsp;<\/p>\n<p><strong>Ingr\u00e9dient principal :<\/strong><\/p>\n<ul>\n<li>Chocolat au lait<\/li>\n<\/ul>\n<p>&nbsp;<\/p>\n<p><strong>Confiserie Adam<\/strong><\/p>\n<p>Entreprise familiale qui a \u00e0 c\u0153ur ses clients. Vous offrir \u00e0 la fois le go\u00fbt, le plaisir gustatif et la qualit\u00e9.<\/p>\n<ul>\n<li>Fabrication fran\u00e7aise depuis 1912<\/li>\n<li>Entreprise du Patrimoine Vivant<\/li>\n<li>Ingr\u00e9dients de qualit\u00e9<\/li>\n<\/ul>\n<p>&nbsp;<\/p>\n<p><strong>Conseils de conservation<\/strong><\/p>\n<p>A conserver \u00e0 l\u2019abri de la lumi\u00e8re et de l\u2019humidit\u00e9, dans un endroit frais et sec.<\/p>\n<p>&nbsp;<\/p>\n<p><strong><u>Ce produit contient<\/u><\/strong><\/p>\n<p>Poule avec \u0153uf \u2013 Chocolat au lait d\u00e9cor\u00e9<\/p>\n<p>Ingr\u00e9dients\u00a0: sucre, beurre de cacao, p\u00e2te de cacao, LAIT entier en poudre, LAIT maigre en poudre, \u00e9mulsifiant, l\u00e9cithine de SOJA, ar\u00f4me naturel de vanille, concentr\u00e9s (carotte, radis noir, pomme, cassis noir), colorant E120.<\/p>\n<p>Chocolat au lait\u00a0: cacao 28% minimum<\/p>\n<p>Peut contenir des traces de\u00a0: \u0152UFS, GLUTEN, FRUITS A COQUE.<\/p>\n","protected":false},"excerpt":{"rendered":"<p>Une charmante petite poule plate en chocolat.<\/p>\n","protected":false},"featured_media":19903,"comment_status":"open","ping_status":"closed","template":"","meta":[],"product_cat":[48,657],"product_tag":[],"_links":{"self":[{"href":"https:\/\/confiserie-adam.fr\/boutique\/wp-json\/wp\/v2\/product\/19899"}],"collection":[{"href":"https:\/\/confiserie-adam.fr\/boutique\/wp-json\/wp\/v2\/product"}],"about":[{"href":"https:\/\/confiserie-adam.fr\/boutique\/wp-json\/wp\/v2\/types\/product"}],"replies":[{"embeddable":true,"href":"https:\/\/confiserie-adam.fr\/boutique\/wp-json\/wp\/v2\/comments?post=19899"}],"wp:featuredmedia":[{"embeddable":true,"href":"https:\/\/confiserie-adam.fr\/boutique\/wp-json\/wp\/v2\/media\/19903"}],"wp:attachment":[{"href":"https:\/\/confiserie-adam.fr\/boutique\/wp-json\/wp\/v2\/media?parent=19899"}],"wp:term":[{"taxonomy":"product_cat","embeddable":true,"href":"https:\/\/confiserie-adam.fr\/boutique\/wp-json\/wp\/v2\/product_cat?post=19899"},{"taxonomy":"product_tag","embeddable":true,"href":"https:\/\/confiserie-adam.fr\/boutique\/wp-json\/wp\/v2\/product_tag?post=19899"}],"curies":[{"name":"wp","href":"https:\/\/api.w.org\/{rel}","templated":true}]}}