{"id":17759,"date":"2022-03-03T15:16:22","date_gmt":"2022-03-03T14:16:22","guid":{"rendered":"https:\/\/confiserie-adam.fr\/boutique\/produit\/oeufs-de-caille\/"},"modified":"2026-04-28T15:49:15","modified_gmt":"2026-04-28T13:49:15","slug":"oeufs-de-caille","status":"publish","type":"product","link":"https:\/\/confiserie-adam.fr\/boutique\/produit\/oeufs-de-caille\/","title":{"rendered":"Oeufs de caille"},"content":{"rendered":"<p>&nbsp;<\/p>\n<p>\u0152ufs de caille &#8211; Cr\u00e8me noisette sous une fine couche de sucre &#8211; 200g<\/p>\n<p>&nbsp;<\/p>\n<p><strong>Ingr\u00e9dient principal :<\/strong><\/p>\n<ul>\n<li>Cr\u00e8me noisette<\/li>\n<\/ul>\n<p>&nbsp;<\/p>\n<p><strong>Confiserie Adam<\/strong><\/p>\n<p>Entreprise familiale qui a \u00e0 c\u0153ur ses clients. Vous offrir \u00e0 la fois le go\u00fbt, le plaisir gustatif et la qualit\u00e9.<\/p>\n<ul>\n<li>Fabrication fran\u00e7aise depuis 1912<\/li>\n<li>Entreprise du Patrimoine Vivant<\/li>\n<li>Ingr\u00e9dients de qualit\u00e9<\/li>\n<\/ul>\n<p>&nbsp;<\/p>\n<p><strong>Conseils de conservation<\/strong><\/p>\n<p>A conserver \u00e0 l\u2019abri de la lumi\u00e8re et de l\u2019humidit\u00e9, dans un endroit frais et sec.<\/p>\n<p>&nbsp;<\/p>\n<p><strong><u>Ce produit contient<\/u><\/strong><\/p>\n<p>\u0152uf en chocolat au lait fourr\u00e9 \u00e0 la cr\u00e8me de noisette drag\u00e9ifi\u00e9<\/p>\n<p>Ingr\u00e9dients : \u0152uf cr\u00e8me de NOISETTES 70% (sucre, mati\u00e8re grasse v\u00e9g\u00e9tale (coco, palmiste, palme, tournesol, karit\u00e9, colza), beurre de cacao, LAIT entier en poudre, masse de cacao, lactos\u00e9rum en poudre (LAIT), LAIT \u00e9cr\u00e9m\u00e9 en poudre, cacao maigre en poudre, NOISETTE 1,2%, huile de palme (LACTOSE), \u00e9mulsifiant : l\u00e9cithine de SOJA, ar\u00f4mes), sucre, amidon de riz, \u00e9paississant : gomme arabique, maltodextrine, agents d&#8217;enrobage : E903, ar\u00f4mes, colorants : E120, E133, E101, E160a.<\/p>\n","protected":false},"excerpt":{"rendered":"<p>Oeufs chocolat au lait fourr\u00e9s d&#8217;une fondante cr\u00e8me de noisette.<\/p>\n<p>&nbsp;<\/p>\n","protected":false},"featured_media":55261,"comment_status":"open","ping_status":"closed","template":"","meta":[],"product_cat":[48,657],"product_tag":[],"_links":{"self":[{"href":"https:\/\/confiserie-adam.fr\/boutique\/wp-json\/wp\/v2\/product\/17759"}],"collection":[{"href":"https:\/\/confiserie-adam.fr\/boutique\/wp-json\/wp\/v2\/product"}],"about":[{"href":"https:\/\/confiserie-adam.fr\/boutique\/wp-json\/wp\/v2\/types\/product"}],"replies":[{"embeddable":true,"href":"https:\/\/confiserie-adam.fr\/boutique\/wp-json\/wp\/v2\/comments?post=17759"}],"wp:featuredmedia":[{"embeddable":true,"href":"https:\/\/confiserie-adam.fr\/boutique\/wp-json\/wp\/v2\/media\/55261"}],"wp:attachment":[{"href":"https:\/\/confiserie-adam.fr\/boutique\/wp-json\/wp\/v2\/media?parent=17759"}],"wp:term":[{"taxonomy":"product_cat","embeddable":true,"href":"https:\/\/confiserie-adam.fr\/boutique\/wp-json\/wp\/v2\/product_cat?post=17759"},{"taxonomy":"product_tag","embeddable":true,"href":"https:\/\/confiserie-adam.fr\/boutique\/wp-json\/wp\/v2\/product_tag?post=17759"}],"curies":[{"name":"wp","href":"https:\/\/api.w.org\/{rel}","templated":true}]}}