{"id":17756,"date":"2022-03-03T15:16:17","date_gmt":"2022-03-03T14:16:17","guid":{"rendered":"https:\/\/confiserie-adam.fr\/boutique\/produit\/pralissimo-paques\/"},"modified":"2026-04-23T08:56:37","modified_gmt":"2026-04-23T06:56:37","slug":"pralissimo-paques","status":"publish","type":"product","link":"https:\/\/confiserie-adam.fr\/boutique\/produit\/pralissimo-paques\/","title":{"rendered":"Pralissimo P\u00e2ques"},"content":{"rendered":"<p>Prali&#8217;amande &#8211; Amandes enrob\u00e9es de pralin\u00e9 noisette et chocolat au lait<\/p>\n<p>&nbsp;<\/p>\n<p><strong>Ingr\u00e9dient principal :<\/strong><\/p>\n<ul>\n<li>Chocolat au lait<\/li>\n<\/ul>\n<p>&nbsp;<\/p>\n<p><strong>Confiserie Adam<\/strong><\/p>\n<p>Entreprise familiale qui a \u00e0 c\u0153ur ses clients. Vous offrir \u00e0 la fois le go\u00fbt, le plaisir gustatif et la qualit\u00e9.<\/p>\n<ul>\n<li>Fabrication fran\u00e7aise depuis 1912<\/li>\n<li>Entreprise du Patrimoine Vivant<\/li>\n<li>Ingr\u00e9dients de qualit\u00e9<\/li>\n<\/ul>\n<p>&nbsp;<\/p>\n<p><strong>Conseils de conservation<\/strong><\/p>\n<p>A conserver \u00e0 l\u2019abri de la lumi\u00e8re et de l\u2019humidit\u00e9, dans un endroit frais et sec.<\/p>\n<p>&nbsp;<\/p>\n<p><strong><u>Ce produit contient<\/u><\/strong><\/p>\n<p>Amandes enrob\u00e9es de pralin\u00e9 noisette (3.7%) et de chocolat au lait, drag\u00e9ifi\u00e9es<\/p>\n<p>Ingr\u00e9dients : sucre (betteraves origine UE), AMANDE grill\u00e9e (origine non-UE), LAIT entier en poudre, beurre de cacao, NOISETTES 3.7%, masse de cacao (origine non-UE), g\u00e9lifiant : g\u00e9latine de POISSON, stabilisant : gomme d&#8217;acacia, amidon de riz, f\u00e9cule de pomme de terre, \u00e9mulsifiants : l\u00e9cithine de SOJA et tournesol, ar\u00f4me naturel de vanille, agents d&#8217;enrobage (cire d&#8217;abeille blanche et jaune, cire de carnauba), colorants (curcumine, b\u00eatacarot\u00e8ne, bleu brillant FCF)<\/p>\n<p>Peut contenir des traces d&#8217;autres fruits \u00e0 coques, gluten , arachides, s\u00e9same, oeuf.<\/p>\n<p>Chocolat au lait : cacao 30% minimum<\/p>\n","protected":false},"excerpt":{"rendered":"<p>Des amandes enrob\u00e9es de pralin\u00e9 noisette et chocolat au lait.<\/p>\n","protected":false},"featured_media":54793,"comment_status":"open","ping_status":"closed","template":"","meta":[],"product_cat":[48,659],"product_tag":[],"_links":{"self":[{"href":"https:\/\/confiserie-adam.fr\/boutique\/wp-json\/wp\/v2\/product\/17756"}],"collection":[{"href":"https:\/\/confiserie-adam.fr\/boutique\/wp-json\/wp\/v2\/product"}],"about":[{"href":"https:\/\/confiserie-adam.fr\/boutique\/wp-json\/wp\/v2\/types\/product"}],"replies":[{"embeddable":true,"href":"https:\/\/confiserie-adam.fr\/boutique\/wp-json\/wp\/v2\/comments?post=17756"}],"wp:featuredmedia":[{"embeddable":true,"href":"https:\/\/confiserie-adam.fr\/boutique\/wp-json\/wp\/v2\/media\/54793"}],"wp:attachment":[{"href":"https:\/\/confiserie-adam.fr\/boutique\/wp-json\/wp\/v2\/media?parent=17756"}],"wp:term":[{"taxonomy":"product_cat","embeddable":true,"href":"https:\/\/confiserie-adam.fr\/boutique\/wp-json\/wp\/v2\/product_cat?post=17756"},{"taxonomy":"product_tag","embeddable":true,"href":"https:\/\/confiserie-adam.fr\/boutique\/wp-json\/wp\/v2\/product_tag?post=17756"}],"curies":[{"name":"wp","href":"https:\/\/api.w.org\/{rel}","templated":true}]}}