{"id":17755,"date":"2022-03-03T15:16:15","date_gmt":"2022-03-03T14:16:15","guid":{"rendered":"https:\/\/confiserie-adam.fr\/boutique\/produit\/oeufs-crispy-choco\/"},"modified":"2026-04-14T18:09:35","modified_gmt":"2026-04-14T16:09:35","slug":"oeufs-crispy-choco","status":"publish","type":"product","link":"https:\/\/confiserie-adam.fr\/boutique\/produit\/oeufs-crispy-choco\/","title":{"rendered":"Oeufs Crispy choco&#8217;"},"content":{"rendered":"<p>Oeufs crispy&#8217;choco &#8211; C\u00e9r\u00e9ale enrob\u00e9e chocolat au lait, blanc, noir &amp; caramel &#8211; 150g<\/p>\n<p>&nbsp;<\/p>\n<p><strong>Ingr\u00e9dients principaux :<\/strong><\/p>\n<ul>\n<li>Chocolat au lait<\/li>\n<li>Chocolat blanc<\/li>\n<li>Chocolat noir<\/li>\n<li>Chocolat caramel<\/li>\n<\/ul>\n<p>&nbsp;<\/p>\n<p><strong>Confiserie Adam<\/strong><\/p>\n<p>Entreprise familiale qui a \u00e0 c\u0153ur ses clients. Vous offrir \u00e0 la fois le go\u00fbt, le plaisir gustatif et la qualit\u00e9.<\/p>\n<ul>\n<li>Fabrication fran\u00e7aise depuis 1912<\/li>\n<li>Entreprise du Patrimoine Vivant<\/li>\n<li>Ingr\u00e9dients de qualit\u00e9<\/li>\n<\/ul>\n<p>&nbsp;<\/p>\n<p><strong>Conseils de conservation<\/strong><\/p>\n<p>A conserver \u00e0 l\u2019abri de la lumi\u00e8re et de l\u2019humidit\u00e9, dans un endroit frais et sec.<\/p>\n<p>&nbsp;<\/p>\n<p><strong><u>Ce produit contient<\/u><\/strong><\/p>\n<p>C\u00e9r\u00e9ale enrob\u00e9e de chocolat blanc, de chocolat au lait, de chocolat noir ou de chocolat blanc ar\u00f4me caramel<\/p>\n<p>Ingr\u00e9dients : chocolat au lait 20% (cacao 30% min.)(sucre, LAIT entier en poudre, beurre de cacao, masse de cacao, LACTOSERUM en poudre, \u00e9mulsifiants : l\u00e9cithine de SOJA, E476, ar\u00f4me naturel de vanille), chocolat blanc 20% (cacao 26% min.)(sucre, beurre de cacao, LAIT entier en poudre, LACTOSERUM en poudre, \u00e9mulsifiants : l\u00e9cithine de SOJA, E476, ar\u00f4me naturel de vanille), chocolat noir 20% (cacao 54% min.)(masse te beurre de cacao, sucre, \u00e9mulsifiant : l\u00e9cithine de SOJA), chocolat blanc 20% (cacao 30% min.)(sucre, beurre de cacao, LAIT \u00e9cr\u00e9m\u00e9 en poudre, LACTOSERUM en poudre, mati\u00e8re grasse LAITIERE, BEURRE, \u00e9mulsifiant : l\u00e9cithine de tournesol, ar\u00f4me naturel de vanille), bille de c\u00e9r\u00e9ale forme amande 14% (farine de BLE, sucre, AMIDON DE BLE, farine de malt de BLE, prot\u00e9ine de LACTOSERUM, poudre \u00e0 lever: E500(ii), sel, huile de tournesol, \u00e9mulsifiant: l\u00e9cithine de tournesol), vernissage (sirop de glucose, sucre, agents d&#8217;enrobage : E904, gomme d&#8217;acacia).<\/p>\n","protected":false},"excerpt":{"rendered":"<p>De croustillants oeufs de c\u00e9r\u00e9ales enrob\u00e9es de 4 chocolats : lait, blanc, noir &amp; caramel.<\/p>\n","protected":false},"featured_media":17785,"comment_status":"open","ping_status":"closed","template":"","meta":[],"product_cat":[48,659],"product_tag":[],"_links":{"self":[{"href":"https:\/\/confiserie-adam.fr\/boutique\/wp-json\/wp\/v2\/product\/17755"}],"collection":[{"href":"https:\/\/confiserie-adam.fr\/boutique\/wp-json\/wp\/v2\/product"}],"about":[{"href":"https:\/\/confiserie-adam.fr\/boutique\/wp-json\/wp\/v2\/types\/product"}],"replies":[{"embeddable":true,"href":"https:\/\/confiserie-adam.fr\/boutique\/wp-json\/wp\/v2\/comments?post=17755"}],"wp:featuredmedia":[{"embeddable":true,"href":"https:\/\/confiserie-adam.fr\/boutique\/wp-json\/wp\/v2\/media\/17785"}],"wp:attachment":[{"href":"https:\/\/confiserie-adam.fr\/boutique\/wp-json\/wp\/v2\/media?parent=17755"}],"wp:term":[{"taxonomy":"product_cat","embeddable":true,"href":"https:\/\/confiserie-adam.fr\/boutique\/wp-json\/wp\/v2\/product_cat?post=17755"},{"taxonomy":"product_tag","embeddable":true,"href":"https:\/\/confiserie-adam.fr\/boutique\/wp-json\/wp\/v2\/product_tag?post=17755"}],"curies":[{"name":"wp","href":"https:\/\/api.w.org\/{rel}","templated":true}]}}