{"id":17744,"date":"2022-03-03T15:14:31","date_gmt":"2022-03-03T14:14:31","guid":{"rendered":"https:\/\/confiserie-adam.fr\/boutique\/produit\/oeufs-et-animaux-fourres-praline\/"},"modified":"2026-04-13T09:53:37","modified_gmt":"2026-04-13T07:53:37","slug":"animaux-fourres-praline","status":"publish","type":"product","link":"https:\/\/confiserie-adam.fr\/boutique\/produit\/animaux-fourres-praline\/","title":{"rendered":"Animaux fourr\u00e9s pralin\u00e9"},"content":{"rendered":"<p>Animaux fourr\u00e9s pralin\u00e9 : poule, canard et lapin\u00a0 &#8211; Hauteur environ 2cm<\/p>\n<p>&nbsp;<\/p>\n<p><strong>Ingr\u00e9dient principal :<\/strong><\/p>\n<ul>\n<li>Pralin\u00e9<\/li>\n<\/ul>\n<p>&nbsp;<\/p>\n<p><strong>Confiserie Adam<\/strong><\/p>\n<p>Entreprise familiale qui a \u00e0 c\u0153ur ses clients. Vous offrir \u00e0 la fois le go\u00fbt, le plaisir gustatif et la qualit\u00e9.<\/p>\n<ul>\n<li>Fabrication fran\u00e7aise depuis 1912<\/li>\n<li>Entreprise du Patrimoine Vivant<\/li>\n<li>Ingr\u00e9dients de qualit\u00e9<\/li>\n<\/ul>\n<p>&nbsp;<\/p>\n<p><strong>Conseils de conservation<\/strong><\/p>\n<p>A conserver \u00e0 l\u2019abri de la lumi\u00e8re et de l\u2019humidit\u00e9, dans un endroit frais et sec.<\/p>\n<p>&nbsp;<\/p>\n<p><strong><u>Ce produit contient<\/u><\/strong><\/p>\n<p>M\u00e9lange animaux fourr\u00e9s pralin\u00e9<\/p>\n<p>Poule<\/p>\n<p>Ingr\u00e9dients : sucre, NOISETTES 19%, LAIT entier en poudre, beurre de cacao, p\u00e2te de cacao, \u00e9mulsifiants : l\u00e9cithine, ar\u00f4mes<\/p>\n<p>&nbsp;<\/p>\n<p>Canard blanc<\/p>\n<p>Ingr\u00e9dients : sucre, NOISETTES 17%, beurre de cacao, LAIT entier en poudre, farine de riz, p\u00e2te de cacao, \u00e9mulsifiants : l\u00e9cithine, sel, ar\u00f4me.<\/p>\n<p>&nbsp;<\/p>\n<p>Lapin lait\/blanc<\/p>\n<p>Ingr\u00e9dients : sucre, NOISETTES 17%, beurre de cacao, LAIT entier en poudre, p\u00e2te de cacao, farine de BL\u00c9 (GLUTEN), \u00e9mulsifiant : l\u00e9cithine, beurre concentr\u00e9 (LAIT), ar\u00f4me, Lait \u00e9cr\u00e9m\u00e9 en poudre, malt d&#8217;ORGE (GLUTEN), sel.<\/p>\n<p>&nbsp;<\/p>\n<p>Chocolat blanc (cacao 25,5% min), Chocolat au lait (30,9% min)<\/p>\n<p>&nbsp;<\/p>\n","protected":false},"excerpt":{"rendered":"<p>Poule, canard et lapin fourr\u00e9s pralin\u00e9s.<\/p>\n","protected":false},"featured_media":54186,"comment_status":"open","ping_status":"closed","template":"","meta":[],"product_cat":[48,657,659],"product_tag":[],"_links":{"self":[{"href":"https:\/\/confiserie-adam.fr\/boutique\/wp-json\/wp\/v2\/product\/17744"}],"collection":[{"href":"https:\/\/confiserie-adam.fr\/boutique\/wp-json\/wp\/v2\/product"}],"about":[{"href":"https:\/\/confiserie-adam.fr\/boutique\/wp-json\/wp\/v2\/types\/product"}],"replies":[{"embeddable":true,"href":"https:\/\/confiserie-adam.fr\/boutique\/wp-json\/wp\/v2\/comments?post=17744"}],"wp:featuredmedia":[{"embeddable":true,"href":"https:\/\/confiserie-adam.fr\/boutique\/wp-json\/wp\/v2\/media\/54186"}],"wp:attachment":[{"href":"https:\/\/confiserie-adam.fr\/boutique\/wp-json\/wp\/v2\/media?parent=17744"}],"wp:term":[{"taxonomy":"product_cat","embeddable":true,"href":"https:\/\/confiserie-adam.fr\/boutique\/wp-json\/wp\/v2\/product_cat?post=17744"},{"taxonomy":"product_tag","embeddable":true,"href":"https:\/\/confiserie-adam.fr\/boutique\/wp-json\/wp\/v2\/product_tag?post=17744"}],"curies":[{"name":"wp","href":"https:\/\/api.w.org\/{rel}","templated":true}]}}