{"id":17697,"date":"2022-02-28T11:31:35","date_gmt":"2022-02-28T10:31:35","guid":{"rendered":"https:\/\/confiserie-adam.fr\/boutique\/produit\/coffret-cadeau-je-taime-papa-3\/"},"modified":"2026-04-07T14:17:27","modified_gmt":"2026-04-07T12:17:27","slug":"sachet-garni-bio-chocolat-noir","status":"publish","type":"product","link":"https:\/\/confiserie-adam.fr\/boutique\/produit\/sachet-garni-bio-chocolat-noir\/","title":{"rendered":"Sachet garni Bio &#8211; chocolat noir"},"content":{"rendered":"<p>Sachet garni Bio &#8211; Chocolat noir, contient :<\/p>\n<ul>\n<li>1 moulage chocolat noir<\/li>\n<li>1 sachet d&#8217;amandes chocolat noir<\/li>\n<li>1 tablette de chocolat noir aux \u00e9clats d&#8217;amandes ou de noisettes<\/li>\n<\/ul>\n<p>&nbsp;<\/p>\n<p><strong>La certification Agriculture Biologique<\/strong><\/p>\n<p>Les gourmandises Confiserie Adam sont certifi\u00e9es agriculture biologique.<\/p>\n<p>Nous s\u00e9lectionnons avec soin nos mati\u00e8res premi\u00e8res pour vous offrir le meilleur.<\/p>\n<p>&nbsp;<\/p>\n<p><strong>Confiserie Adam<\/strong><\/p>\n<p>Entreprise familiale qui a \u00e0 c\u0153ur ses clients. Vous offrir \u00e0 la fois le go\u00fbt, le plaisir gustatif et la qualit\u00e9.<\/p>\n<ul>\n<li>Fabrication fran\u00e7aise depuis 1912<\/li>\n<li>Entreprise du Patrimoine Vivant<\/li>\n<li>Ingr\u00e9dients de qualit\u00e9<\/li>\n<\/ul>\n<p>&nbsp;<\/p>\n<p><strong>Conseils de conversation<\/strong><\/p>\n<p>A conserver \u00e0 l\u2019abri de la lumi\u00e8re et de l\u2019humidit\u00e9, dans un endroit frais et sec.<\/p>\n<p>&nbsp;<\/p>\n<p><strong><u>Ce produit contient<\/u><\/strong><\/p>\n<p>Moulages en chocolat noir BIO (cacao 74% min)<\/p>\n<p>Ingr\u00e9dients: Masse de cacao*, sucre*, beurre de cacao*, vanille en poudre*.<\/p>\n<p>Amande grill\u00e9e enrob\u00e9e chocolat noir, p\u00e2te de pralin\u00e9 et drag\u00e9ifi\u00e9e<\/p>\n<p>Ingr\u00e9dients: sucre*, chocolat noir*25%(cacao 74% min)(masse de cacao*, sucre*, beurre de cacao*, vanille en poudre*), AMANDES grill\u00e9es* 19%, p\u00e2te de pralin\u00e9 noisette chocolat* 13%(sucre de canne*, NOISETTES d\u00e9cortiqu\u00e9es*, masse de cacao*, beurre de cacao*), gomme arabique*.<\/p>\n<p>Tablette Bio chocolat noir \u00e9clats de noisette<\/p>\n<p>Ingr\u00e9dients: Chocolat noir* 90% (cacao 74% min)(Masse de cacao*, sucre*, beurre de cacao*, vanille en poudre*), NOISETTES* grill\u00e9es 10%.<\/p>\n<p><strong><u>ou<\/u><\/strong> <strong>\u00a0<\/strong>Tablette Bio chocolat noir \u00e9clats d\u2019amande<\/p>\n<p>Ingr\u00e9dients: Chocolat noir* 90% (cacao 74% min.)(Masse de cacao*, sucre*, beurre de cacao*, vanille en poudre*), AMANDES* grill\u00e9es 10%.<\/p>\n","protected":false},"excerpt":{"rendered":"<p>Un sachet garni de : 1 moulage Bio chocolat noir, 1 sachet d&#8217;amandes pralin\u00e9, 1 tablette de chocolat noir aux \u00e9clats d&#8217;amandes ou de noisettes.<\/p>\n","protected":false},"featured_media":17794,"comment_status":"open","ping_status":"closed","template":"","meta":[],"product_cat":[48,655,658,660,28,573],"product_tag":[],"_links":{"self":[{"href":"https:\/\/confiserie-adam.fr\/boutique\/wp-json\/wp\/v2\/product\/17697"}],"collection":[{"href":"https:\/\/confiserie-adam.fr\/boutique\/wp-json\/wp\/v2\/product"}],"about":[{"href":"https:\/\/confiserie-adam.fr\/boutique\/wp-json\/wp\/v2\/types\/product"}],"replies":[{"embeddable":true,"href":"https:\/\/confiserie-adam.fr\/boutique\/wp-json\/wp\/v2\/comments?post=17697"}],"wp:featuredmedia":[{"embeddable":true,"href":"https:\/\/confiserie-adam.fr\/boutique\/wp-json\/wp\/v2\/media\/17794"}],"wp:attachment":[{"href":"https:\/\/confiserie-adam.fr\/boutique\/wp-json\/wp\/v2\/media?parent=17697"}],"wp:term":[{"taxonomy":"product_cat","embeddable":true,"href":"https:\/\/confiserie-adam.fr\/boutique\/wp-json\/wp\/v2\/product_cat?post=17697"},{"taxonomy":"product_tag","embeddable":true,"href":"https:\/\/confiserie-adam.fr\/boutique\/wp-json\/wp\/v2\/product_tag?post=17697"}],"curies":[{"name":"wp","href":"https:\/\/api.w.org\/{rel}","templated":true}]}}