{"id":17695,"date":"2022-02-28T11:31:29","date_gmt":"2022-02-28T10:31:29","guid":{"rendered":"https:\/\/confiserie-adam.fr\/boutique\/produit\/patatouille-inclusions-noisettes-2\/"},"modified":"2026-04-23T18:49:22","modified_gmt":"2026-04-23T16:49:22","slug":"oscar-sans-sucres-ajoutes","status":"publish","type":"product","link":"https:\/\/confiserie-adam.fr\/boutique\/produit\/oscar-sans-sucres-ajoutes\/","title":{"rendered":"Oscar \u2013 sans sucres ajout\u00e9s"},"content":{"rendered":"<p>Moulage chocolat au lait sans sucres ajout\u00e9s \u2013 Oscar le lapin \u2013 Hauteur 16cm<\/p>\n<p>&nbsp;<\/p>\n<p><strong>Ingr\u00e9dient principal :<\/strong><\/p>\n<ul>\n<li>Chocolat au lait sans sucres ajout\u00e9s<\/li>\n<\/ul>\n<p>&nbsp;<\/p>\n<p><strong>Confiserie Adam<\/strong><\/p>\n<p>Entreprise familiale qui a \u00e0 c\u0153ur ses clients. Vous offrir \u00e0 la fois le go\u00fbt, le plaisir gustatif et la qualit\u00e9.<\/p>\n<ul>\n<li>Fabrication fran\u00e7aise depuis 1912<\/li>\n<li>Entreprise du Patrimoine Vivant<\/li>\n<li>Ingr\u00e9dients de qualit\u00e9<\/li>\n<\/ul>\n<p>&nbsp;<\/p>\n<p><strong>Conseils de conservation<\/strong><\/p>\n<p>A conserver \u00e0 l\u2019abri de la lumi\u00e8re et de l\u2019humidit\u00e9, dans un endroit frais et sec.<\/p>\n<p>&nbsp;<\/p>\n<p><strong><u>Ce produit contient<\/u><\/strong><\/p>\n<p>Moulage en chocolat au lait sans sucres ajout\u00e9s (cacao 35% min.)<\/p>\n<p>Ingr\u00e9dients : \u00e9dulcorant : maltitol 42%, beurre de cacao, poudre de LAIT entier, p\u00e2te de cacao, \u00e9mulsifiant : l\u00e9cithine de SOJA, ar\u00f4me naturel de vanille. Contient des sucres naturellement pr\u00e9sents. Une consommation excessive peut avoir des effets laxatifs.<\/p>\n","protected":false},"excerpt":{"rendered":"<p>Oscar un sympathique lapin au chocolat au lait sans sucres ajout\u00e9s. 100% plaisir !<\/p>\n","protected":false},"featured_media":17806,"comment_status":"open","ping_status":"closed","template":"","meta":[],"product_cat":[48,654],"product_tag":[],"_links":{"self":[{"href":"https:\/\/confiserie-adam.fr\/boutique\/wp-json\/wp\/v2\/product\/17695"}],"collection":[{"href":"https:\/\/confiserie-adam.fr\/boutique\/wp-json\/wp\/v2\/product"}],"about":[{"href":"https:\/\/confiserie-adam.fr\/boutique\/wp-json\/wp\/v2\/types\/product"}],"replies":[{"embeddable":true,"href":"https:\/\/confiserie-adam.fr\/boutique\/wp-json\/wp\/v2\/comments?post=17695"}],"wp:featuredmedia":[{"embeddable":true,"href":"https:\/\/confiserie-adam.fr\/boutique\/wp-json\/wp\/v2\/media\/17806"}],"wp:attachment":[{"href":"https:\/\/confiserie-adam.fr\/boutique\/wp-json\/wp\/v2\/media?parent=17695"}],"wp:term":[{"taxonomy":"product_cat","embeddable":true,"href":"https:\/\/confiserie-adam.fr\/boutique\/wp-json\/wp\/v2\/product_cat?post=17695"},{"taxonomy":"product_tag","embeddable":true,"href":"https:\/\/confiserie-adam.fr\/boutique\/wp-json\/wp\/v2\/product_tag?post=17695"}],"curies":[{"name":"wp","href":"https:\/\/api.w.org\/{rel}","templated":true}]}}