{"id":17694,"date":"2022-02-28T11:31:27","date_gmt":"2022-02-28T10:31:27","guid":{"rendered":"https:\/\/confiserie-adam.fr\/boutique\/produit\/oeufs-praline-2\/"},"modified":"2026-04-23T08:56:33","modified_gmt":"2026-04-23T06:56:33","slug":"oeufs-praline-2","status":"publish","type":"product","link":"https:\/\/confiserie-adam.fr\/boutique\/produit\/oeufs-praline-2\/","title":{"rendered":"\u0152ufs pralin\u00e9"},"content":{"rendered":"<p>Oeufs pralin\u00e9 &#8211; Chocolat au lait fourr\u00e9 pralin\u00e9 &#8211; 375g<\/p>\n<p>&nbsp;<\/p>\n<p><strong>Ingr\u00e9dients principaux :<\/strong><\/p>\n<ul>\n<li>Chocolat au lait<\/li>\n<li>Pralin\u00e9<\/li>\n<\/ul>\n<p>&nbsp;<\/p>\n<p><strong>Confiserie Adam<\/strong><\/p>\n<p>Entreprise familiale qui a \u00e0 c\u0153ur ses clients. Vous offrir \u00e0 la fois le go\u00fbt, le plaisir gustatif et la qualit\u00e9.<\/p>\n<ul>\n<li>Fabrication fran\u00e7aise depuis 1912<\/li>\n<li>Entreprise du Patrimoine Vivant<\/li>\n<li>Ingr\u00e9dients de qualit\u00e9<\/li>\n<\/ul>\n<p>&nbsp;<\/p>\n<p><strong>Conseils de conservation<\/strong><\/p>\n<p>A conserver \u00e0 l\u2019abri de la lumi\u00e8re et de l\u2019humidit\u00e9, dans un endroit frais et sec.<\/p>\n<p>&nbsp;<\/p>\n<p><strong><u>Ce produit contient<\/u><\/strong><\/p>\n<p>\u0152ufs chocolat au lait fourr\u00e9s pralin\u00e9<\/p>\n<p>Ingr\u00e9dients: sucre, pralin\u00e9 27% (NOISETTES, sucre), masse de cacao, poudre de LAIT entier, beurre de cacao, LACTOSE, beurre p\u00e2tissier (LAIT), poudre de cacao, \u00e9mulsifiant : l\u00e9cithine de SOJA, sel, ar\u00f4mes.<\/p>\n","protected":false},"excerpt":{"rendered":"<p>De fondants \u0153ufs chocolat au lait fourr\u00e9s pralin\u00e9.<\/p>\n<p>DLUO\u00a0 : 02\/2026<\/p>\n","protected":false},"featured_media":17795,"comment_status":"open","ping_status":"closed","template":"","meta":[],"product_cat":[48,657],"product_tag":[],"_links":{"self":[{"href":"https:\/\/confiserie-adam.fr\/boutique\/wp-json\/wp\/v2\/product\/17694"}],"collection":[{"href":"https:\/\/confiserie-adam.fr\/boutique\/wp-json\/wp\/v2\/product"}],"about":[{"href":"https:\/\/confiserie-adam.fr\/boutique\/wp-json\/wp\/v2\/types\/product"}],"replies":[{"embeddable":true,"href":"https:\/\/confiserie-adam.fr\/boutique\/wp-json\/wp\/v2\/comments?post=17694"}],"wp:featuredmedia":[{"embeddable":true,"href":"https:\/\/confiserie-adam.fr\/boutique\/wp-json\/wp\/v2\/media\/17795"}],"wp:attachment":[{"href":"https:\/\/confiserie-adam.fr\/boutique\/wp-json\/wp\/v2\/media?parent=17694"}],"wp:term":[{"taxonomy":"product_cat","embeddable":true,"href":"https:\/\/confiserie-adam.fr\/boutique\/wp-json\/wp\/v2\/product_cat?post=17694"},{"taxonomy":"product_tag","embeddable":true,"href":"https:\/\/confiserie-adam.fr\/boutique\/wp-json\/wp\/v2\/product_tag?post=17694"}],"curies":[{"name":"wp","href":"https:\/\/api.w.org\/{rel}","templated":true}]}}